{"id":616,"date":"2023-08-04T07:27:33","date_gmt":"2023-08-04T07:27:33","guid":{"rendered":"https:\/\/ppfnordics.com\/hallbarhet\/"},"modified":"2025-03-10T09:56:15","modified_gmt":"2025-03-10T09:56:15","slug":"hallbarhet","status":"publish","type":"page","link":"https:\/\/ppfnordics.com\/se\/hallbarhet\/","title":{"rendered":"H\u00c5LLBARHET"},"content":{"rendered":"    <section class=\"sub-page-hero-wrap\">\n        <img loading=\"lazy\" decoding=\"async\" width=\"1920\" height=\"1440\" src=\"https:\/\/ppfnordics.com\/wp-content\/uploads\/2025\/03\/sustainability-for-aninal-and-planet.png\" class=\"background-image\" alt=\"\" srcset=\"https:\/\/ppfnordics.com\/wp-content\/uploads\/2025\/03\/sustainability-for-aninal-and-planet.png 1920w, https:\/\/ppfnordics.com\/wp-content\/uploads\/2025\/03\/sustainability-for-aninal-and-planet-300x225.png 300w, https:\/\/ppfnordics.com\/wp-content\/uploads\/2025\/03\/sustainability-for-aninal-and-planet-1024x768.png 1024w, https:\/\/ppfnordics.com\/wp-content\/uploads\/2025\/03\/sustainability-for-aninal-and-planet-768x576.png 768w, https:\/\/ppfnordics.com\/wp-content\/uploads\/2025\/03\/sustainability-for-aninal-and-planet-1536x1152.png 1536w\" sizes=\"auto, (max-width: 1920px) 100vw, 1920px\" \/>        <div class=\"overlay\">\n            <div class=\"container\">\n                                                    <h5 class=\"font-sm-alt\">H\u00e5llbarhet<\/h5>\n                                                                            <h1 class=\"font-xxl\">F\u00f6r djuren och naturen <\/h1>\n                                                                             <p>H\u00e5llbarhet \u00e4r grundl\u00e4ggande f\u00f6r oss, b\u00e5de n\u00e4r det g\u00e4ller djurens v\u00e4lbefinnande och naturens v\u00e4lg\u00e5ng. P\u00e5 Partner in Pet Food Nordics AB har vi f\u00f6rpliktat oss till att producera den allra b\u00e4sta hund- och kattmaten med omsorg om milj\u00f6n och v\u00e5rt samh\u00e4lle. Vi \u00e4r stolta \u00f6ver att kunna erbjuda dig en produkt som inte bara \u00e4r bra f\u00f6r dina djur, utan \u00e4ven f\u00f6r v\u00e5r planet.<\/p>\n                                                \n\n            <\/div>\n\n        <\/div>\n\n    <\/section>\n\n\n\n    <section class=\"two-column-content-wrap \">\n        <div class=\"container\">\n            <div class=\"row gx-md-5\">\n                <div class=\"col-lg-6\">\n                                                                                                        <h2 class=\"font-md\">V\u00e5rt k\u00f6k<\/h2>\n                            \n                            <p>V\u00e5rt k\u00f6k i V\u00e5rg\u00e5rda \u00e4r en f\u00f6rebild f\u00f6r h\u00e5llbarhet, och det \u00e4r vi extra stolta \u00f6ver. Drivet av f\u00f6rnybar energi och bel\u00e4get i den vackra jordbruksbygden i V\u00e4stsverige, tillverkar vi b\u00e5de torrfoder och v\u00e5tmat av h\u00f6gsta kvalitet. K\u00f6ket drivs till st\u00f6rsta delen av \u00e5nga fr\u00e5n V\u00e5rg\u00e5rda \u00e5ngfabrik och en fj\u00e4rdedel av el fr\u00e5n vattenkraft, vilket kallas f\u00f6r gr\u00f6n el. Vi str\u00e4var efter att minimera avfallet och \u00e5tervinna matrester och spill fr\u00e5n v\u00e5r foderproduktion till biogas, som anv\u00e4nds f\u00f6r att driva stadsbussar och sopbilar.<\/p>\n                                                                                        <\/div>\n                <div class=\"col-lg-6\">\n                                                                                                        <h2 class=\"font-md\">V\u00e5ra ingredienser<\/h2>\n                                                        <p>N\u00e4r det kommer till v\u00e5ra ingredienser l\u00e4gger vi stor vikt vid att v\u00e4lja dem med omsorg. M\u00e5nga av v\u00e5ra r\u00e5varor kommer direkt fr\u00e5n svenska b\u00f6nder och uppfyller de h\u00f6ga standarder som fastst\u00e4lls enligt svensk djurh\u00e5llningslagstiftning. Sveriges f\u00f6ljer EU:s djurskyddslag som har n\u00e5gra av v\u00e4rldens h\u00f6gsta djurskyddsstandarder.<\/p>\n<p>Vi \u00e4r ocks\u00e5 noga med att anv\u00e4nda r\u00e5varor som inte konkurrerar med m\u00e4nniskomat. Trenden med att ge v\u00e5ra s\u00e4llskapsdjur allt mer av de r\u00e5varor som \u00e4ven skulle kunna g\u00e5 till m\u00e4nniskor tycker vi p\u00e5 Partner in Pet Food Nordics AB inte \u00e4r h\u00e5llbar ur ett klimatperspektiv.<\/p>\n                                                                                        <\/div>\n            <\/div>\n                    <\/div>\n\n    <\/section>\n\n\n\n    <section class=\"full-width-hero-wrap\">\n        <img loading=\"lazy\" decoding=\"async\" width=\"1920\" height=\"1129\" src=\"https:\/\/ppfnordics.com\/wp-content\/uploads\/2025\/03\/doggyab-love-and-care.png\" class=\"background-image\" alt=\"\" srcset=\"https:\/\/ppfnordics.com\/wp-content\/uploads\/2025\/03\/doggyab-love-and-care.png 1920w, https:\/\/ppfnordics.com\/wp-content\/uploads\/2025\/03\/doggyab-love-and-care-300x176.png 300w, https:\/\/ppfnordics.com\/wp-content\/uploads\/2025\/03\/doggyab-love-and-care-1024x602.png 1024w, https:\/\/ppfnordics.com\/wp-content\/uploads\/2025\/03\/doggyab-love-and-care-768x452.png 768w, https:\/\/ppfnordics.com\/wp-content\/uploads\/2025\/03\/doggyab-love-and-care-1536x903.png 1536w\" sizes=\"auto, (max-width: 1920px) 100vw, 1920px\" \/>        <div class=\"overlay\">\n            <div class=\"container\">\n                                                                            <h2 class=\"font-lg\">Vi \u00e4r stolta \u00f6ver att kunna erbjuda dig en produkt som inte bara \u00e4r bra f\u00f6r dina djur, utan \u00e4ven f\u00f6r v\u00e5r planet. <\/h1>\n                                                                                     <\/div>\n        <\/div>\n    <\/section>\n\n\n\n    <section class=\"two-column-content-wrap \">\n        <div class=\"container\">\n            <div class=\"row gx-md-5\">\n                <div class=\"col-lg-6\">\n                                                                                                        <h2 class=\"font-md\">V\u00e5ra f\u00f6rpackningar<\/h2>\n                            \n                            <p>N\u00e4r det g\u00e4ller f\u00f6rpackningarna till v\u00e5ra produkter har vi tagit stora steg f\u00f6r att minimera v\u00e5r p\u00e5verkan p\u00e5 milj\u00f6n. V\u00e5ra papps\u00e4ckar, plasts\u00e4ckar och Tetra Recart\u00ae f\u00f6rpackningar \u00e4r alla utformade med en mycket l\u00e5g milj\u00f6p\u00e5verkan. Vi var pionj\u00e4rer och blev f\u00f6rst i v\u00e4rlden att erbjuda Tetra Recart\u00ae f\u00f6rpackningar \u2013 en kartongbaserad, milj\u00f6v\u00e4nlig f\u00f6rpackningsl\u00f6sning som \u00e4r l\u00e4tt att \u00f6ppna och \u00e5terf\u00f6rsluta. Den har \u00e4ven logistiska f\u00f6rdelar som minskar transporter. Materialet i v\u00e5ra Tetra Recart\u00ae f\u00f6rpackningar \u00e4r FSC-m\u00e4rkt och helt \u00e5tervinningsbart.<\/p>\n                                                                                        <\/div>\n                <div class=\"col-lg-6\">\n                                                                                                        <h2 class=\"font-md\">V\u00e5rt engagemang<\/h2>\n                                                        <p>P\u00e5 Partner in Pet Food Nordics AB \u00e4r vi stolta \u00f6ver v\u00e5rt engagemang f\u00f6r h\u00e5llbarhet och kvalitet. Genom att v\u00e4lja oss som din leverant\u00f6r av hund- och kattmat kan du vara s\u00e4ker p\u00e5 att du ger dina djur det allra b\u00e4sta samtidigt som du bidrar till en b\u00e4ttre framtid f\u00f6r v\u00e5ra \u00e4lskade husdjur och v\u00e5r planet.<\/p>\n                                                                                        <\/div>\n            <\/div>\n            <p class=\"full-width mb-5\"><img loading=\"lazy\" decoding=\"async\" class=\"wp-image-400 aligncenter\" src=\"http:\/\/doggyab.midnightmachines.io\/wp-content\/uploads\/2023\/08\/bas-van-den-eijkhof-uLR3FD1kQSM-unsplash_Cropped-300x161.png\" alt=\"\" width=\"1495\" height=\"802\" srcset=\"https:\/\/ppfnordics.com\/wp-content\/uploads\/2023\/08\/bas-van-den-eijkhof-uLR3FD1kQSM-unsplash_Cropped-300x161.png 300w, https:\/\/ppfnordics.com\/wp-content\/uploads\/2023\/08\/bas-van-den-eijkhof-uLR3FD1kQSM-unsplash_Cropped-1024x548.png 1024w, https:\/\/ppfnordics.com\/wp-content\/uploads\/2023\/08\/bas-van-den-eijkhof-uLR3FD1kQSM-unsplash_Cropped-768x411.png 768w\" sizes=\"auto, (max-width: 1495px) 100vw, 1495px\" \/><\/p>\n<h3>V\u00e5rt livsmedelscertifikat<\/h3>\n<p>Sedan 2007 har v\u00e5r djurmatsproduktion i V\u00e5rg\u00e5rda varit livsmedelscertifierad enligt ISO 22000. Vi var faktiskt de f\u00f6rsta i Sverige att satsa p\u00e5 denna certifiering f\u00f6r tillverkning av djurmat. ISO 22000 \u00e4r en kvalitetsstandard inom livsmedelsindustrin med fokus p\u00e5 livsmedelss\u00e4kerhet. Certifieringen inneb\u00e4r att v\u00e5ra r\u00e5varor \u00e4r fullt sp\u00e5rbara, vilket ger dig som djur\u00e4gare ett tydligt bevis p\u00e5 att v\u00e5ra produkter inte inneh\u00e5ller n\u00e5got som kan vara skadligt f\u00f6r ditt djur. Dessutom garanterar certifieringen att maten tillagas under strikta hygieniska f\u00f6rh\u00e5llanden. V\u00e5r produktion kontrolleras regelbundet av b\u00e5de oss sj\u00e4lva och externa kontrollinstanser f\u00f6r att s\u00e4kerst\u00e4lla att vi lever upp till de h\u00f6ga kraven p\u00e5 renlighet och god hygien.<\/p>\n        <\/div>\n\n    <\/section>\n\n","protected":false},"excerpt":{"rendered":"","protected":false},"author":1,"featured_media":0,"parent":0,"menu_order":0,"comment_status":"closed","ping_status":"closed","template":"guternberg.php","meta":{"footnotes":""},"class_list":["post-616","page","type-page","status-publish","hentry"],"acf":[],"yoast_head":"<!-- This site is optimized with the Yoast SEO plugin v21.0 - https:\/\/yoast.com\/wordpress\/plugins\/seo\/ -->\n<title>H\u00c5LLBARHET | PPF Nordics AB<\/title>\n<meta name=\"robots\" content=\"index, follow, max-snippet:-1, max-image-preview:large, max-video-preview:-1\" \/>\n<link rel=\"canonical\" href=\"https:\/\/ppfnordics.com\/se\/hallbarhet\/\" \/>\n<meta property=\"og:locale\" content=\"en_US\" \/>\n<meta property=\"og:type\" content=\"article\" \/>\n<meta property=\"og:title\" content=\"H\u00c5LLBARHET | PPF Nordics AB\" \/>\n<meta property=\"og:url\" content=\"https:\/\/ppfnordics.com\/se\/hallbarhet\/\" \/>\n<meta property=\"og:site_name\" content=\"PPF Nordics AB\" \/>\n<meta property=\"article:modified_time\" content=\"2025-03-10T09:56:15+00:00\" \/>\n<meta name=\"twitter:card\" content=\"summary_large_image\" \/>\n<script type=\"application\/ld+json\" class=\"yoast-schema-graph\">{\"@context\":\"https:\/\/schema.org\",\"@graph\":[{\"@type\":\"WebPage\",\"@id\":\"https:\/\/ppfnordics.com\/se\/hallbarhet\/\",\"url\":\"https:\/\/ppfnordics.com\/se\/hallbarhet\/\",\"name\":\"H\u00c5LLBARHET | PPF Nordics AB\",\"isPartOf\":{\"@id\":\"https:\/\/ppfnordics.com\/se\/#website\"},\"datePublished\":\"2023-08-04T07:27:33+00:00\",\"dateModified\":\"2025-03-10T09:56:15+00:00\",\"breadcrumb\":{\"@id\":\"https:\/\/ppfnordics.com\/se\/hallbarhet\/#breadcrumb\"},\"inLanguage\":\"se-SE\",\"potentialAction\":[{\"@type\":\"ReadAction\",\"target\":[\"https:\/\/ppfnordics.com\/se\/hallbarhet\/\"]}]},{\"@type\":\"BreadcrumbList\",\"@id\":\"https:\/\/ppfnordics.com\/se\/hallbarhet\/#breadcrumb\",\"itemListElement\":[{\"@type\":\"ListItem\",\"position\":1,\"name\":\"Home\",\"item\":\"https:\/\/ppfnordics.com\/se\/\"},{\"@type\":\"ListItem\",\"position\":2,\"name\":\"H\u00c5LLBARHET\"}]},{\"@type\":\"WebSite\",\"@id\":\"https:\/\/ppfnordics.com\/se\/#website\",\"url\":\"https:\/\/ppfnordics.com\/se\/\",\"name\":\"PPF Nordics AB\",\"description\":\"\",\"publisher\":{\"@id\":\"https:\/\/ppfnordics.com\/se\/#organization\"},\"potentialAction\":[{\"@type\":\"SearchAction\",\"target\":{\"@type\":\"EntryPoint\",\"urlTemplate\":\"https:\/\/ppfnordics.com\/se\/?s={search_term_string}\"},\"query-input\":\"required name=search_term_string\"}],\"inLanguage\":\"se-SE\"},{\"@type\":\"Organization\",\"@id\":\"https:\/\/ppfnordics.com\/se\/#organization\",\"name\":\"PPF Nordics AB\",\"url\":\"https:\/\/ppfnordics.com\/se\/\",\"logo\":{\"@type\":\"ImageObject\",\"inLanguage\":\"se-SE\",\"@id\":\"https:\/\/ppfnordics.com\/se\/#\/schema\/logo\/image\/\",\"url\":\"https:\/\/ppfnordics.com\/wp-content\/uploads\/2025\/02\/Nav_PPF_Logo.svg\",\"contentUrl\":\"https:\/\/ppfnordics.com\/wp-content\/uploads\/2025\/02\/Nav_PPF_Logo.svg\",\"caption\":\"PPF Nordics AB\"},\"image\":{\"@id\":\"https:\/\/ppfnordics.com\/se\/#\/schema\/logo\/image\/\"}}]}<\/script>\n<!-- \/ Yoast SEO plugin. -->","yoast_head_json":{"title":"H\u00c5LLBARHET | PPF Nordics AB","robots":{"index":"index","follow":"follow","max-snippet":"max-snippet:-1","max-image-preview":"max-image-preview:large","max-video-preview":"max-video-preview:-1"},"canonical":"https:\/\/ppfnordics.com\/se\/hallbarhet\/","og_locale":"en_US","og_type":"article","og_title":"H\u00c5LLBARHET | PPF Nordics AB","og_url":"https:\/\/ppfnordics.com\/se\/hallbarhet\/","og_site_name":"PPF Nordics AB","article_modified_time":"2025-03-10T09:56:15+00:00","twitter_card":"summary_large_image","schema":{"@context":"https:\/\/schema.org","@graph":[{"@type":"WebPage","@id":"https:\/\/ppfnordics.com\/se\/hallbarhet\/","url":"https:\/\/ppfnordics.com\/se\/hallbarhet\/","name":"H\u00c5LLBARHET | PPF Nordics AB","isPartOf":{"@id":"https:\/\/ppfnordics.com\/se\/#website"},"datePublished":"2023-08-04T07:27:33+00:00","dateModified":"2025-03-10T09:56:15+00:00","breadcrumb":{"@id":"https:\/\/ppfnordics.com\/se\/hallbarhet\/#breadcrumb"},"inLanguage":"se-SE","potentialAction":[{"@type":"ReadAction","target":["https:\/\/ppfnordics.com\/se\/hallbarhet\/"]}]},{"@type":"BreadcrumbList","@id":"https:\/\/ppfnordics.com\/se\/hallbarhet\/#breadcrumb","itemListElement":[{"@type":"ListItem","position":1,"name":"Home","item":"https:\/\/ppfnordics.com\/se\/"},{"@type":"ListItem","position":2,"name":"H\u00c5LLBARHET"}]},{"@type":"WebSite","@id":"https:\/\/ppfnordics.com\/se\/#website","url":"https:\/\/ppfnordics.com\/se\/","name":"PPF Nordics AB","description":"","publisher":{"@id":"https:\/\/ppfnordics.com\/se\/#organization"},"potentialAction":[{"@type":"SearchAction","target":{"@type":"EntryPoint","urlTemplate":"https:\/\/ppfnordics.com\/se\/?s={search_term_string}"},"query-input":"required name=search_term_string"}],"inLanguage":"se-SE"},{"@type":"Organization","@id":"https:\/\/ppfnordics.com\/se\/#organization","name":"PPF Nordics AB","url":"https:\/\/ppfnordics.com\/se\/","logo":{"@type":"ImageObject","inLanguage":"se-SE","@id":"https:\/\/ppfnordics.com\/se\/#\/schema\/logo\/image\/","url":"https:\/\/ppfnordics.com\/wp-content\/uploads\/2025\/02\/Nav_PPF_Logo.svg","contentUrl":"https:\/\/ppfnordics.com\/wp-content\/uploads\/2025\/02\/Nav_PPF_Logo.svg","caption":"PPF Nordics AB"},"image":{"@id":"https:\/\/ppfnordics.com\/se\/#\/schema\/logo\/image\/"}}]}},"_links":{"self":[{"href":"https:\/\/ppfnordics.com\/se\/wp-json\/wp\/v2\/pages\/616","targetHints":{"allow":["GET"]}}],"collection":[{"href":"https:\/\/ppfnordics.com\/se\/wp-json\/wp\/v2\/pages"}],"about":[{"href":"https:\/\/ppfnordics.com\/se\/wp-json\/wp\/v2\/types\/page"}],"author":[{"embeddable":true,"href":"https:\/\/ppfnordics.com\/se\/wp-json\/wp\/v2\/users\/1"}],"replies":[{"embeddable":true,"href":"https:\/\/ppfnordics.com\/se\/wp-json\/wp\/v2\/comments?post=616"}],"version-history":[{"count":31,"href":"https:\/\/ppfnordics.com\/se\/wp-json\/wp\/v2\/pages\/616\/revisions"}],"predecessor-version":[{"id":3927,"href":"https:\/\/ppfnordics.com\/se\/wp-json\/wp\/v2\/pages\/616\/revisions\/3927"}],"wp:attachment":[{"href":"https:\/\/ppfnordics.com\/se\/wp-json\/wp\/v2\/media?parent=616"}],"curies":[{"name":"wp","href":"https:\/\/api.w.org\/{rel}","templated":true}]}}