{"id":621,"date":"2023-08-04T06:10:02","date_gmt":"2023-08-04T06:10:02","guid":{"rendered":"https:\/\/ppfnordics.com\/jobba-hos-oss\/"},"modified":"2025-11-28T09:08:14","modified_gmt":"2025-11-28T09:08:14","slug":"jobba-hos-oss","status":"publish","type":"page","link":"https:\/\/ppfnordics.com\/se\/om-oss\/jobba-hos-oss\/","title":{"rendered":"JOBBA HOS OSS"},"content":{"rendered":"    <section class=\"sub-page-hero-wrap\">\n        <img loading=\"lazy\" decoding=\"async\" width=\"1920\" height=\"1081\" src=\"https:\/\/ppfnordics.com\/wp-content\/uploads\/2025\/03\/doggy-ab-family.png\" class=\"background-image\" alt=\"\" srcset=\"https:\/\/ppfnordics.com\/wp-content\/uploads\/2025\/03\/doggy-ab-family.png 1920w, https:\/\/ppfnordics.com\/wp-content\/uploads\/2025\/03\/doggy-ab-family-300x169.png 300w, https:\/\/ppfnordics.com\/wp-content\/uploads\/2025\/03\/doggy-ab-family-1024x577.png 1024w, https:\/\/ppfnordics.com\/wp-content\/uploads\/2025\/03\/doggy-ab-family-768x432.png 768w, https:\/\/ppfnordics.com\/wp-content\/uploads\/2025\/03\/doggy-ab-family-1536x865.png 1536w\" sizes=\"auto, (max-width: 1920px) 100vw, 1920px\" \/>        <div class=\"overlay\">\n            <div class=\"container\">\n                                                    <h5 class=\"font-sm-alt\">Jobba hos oss<\/h5>\n                                                                            <h1 class=\"font-xxl\">Bli en i Partner in Pet Food Nordics AB-familjen <\/h1>\n                                                                         \n\n            <\/div>\n\n        <\/div>\n\n    <\/section>\n\n\n\n    <section class=\"full-width-section-promo-wrap\">\n        <div class=\"container\">\n            <div class=\"row gx-md-5 \">\n            <div class=\"col-lg-6\">\n                    <img loading=\"lazy\" decoding=\"async\" width=\"700\" height=\"1050\" src=\"https:\/\/ppfnordics.com\/wp-content\/uploads\/2025\/03\/doggyab-career.png\" class=\"attachment-full size-full\" alt=\"\" srcset=\"https:\/\/ppfnordics.com\/wp-content\/uploads\/2025\/03\/doggyab-career.png 700w, https:\/\/ppfnordics.com\/wp-content\/uploads\/2025\/03\/doggyab-career-200x300.png 200w, https:\/\/ppfnordics.com\/wp-content\/uploads\/2025\/03\/doggyab-career-683x1024.png 683w\" sizes=\"auto, (max-width: 700px) 100vw, 700px\" \/>                <\/div>\n                <div class=\"col-lg-6\">\n                    <div class=\"content-wrap ms-lg-auto\">\n                                            <h2 class=\"font-md\">Din dr\u00f6mkarri\u00e4r startar h\u00e4r<\/h2>\n                                                                <p>Sl\u00e5r ditt hj\u00e4rta extra f\u00f6r hundar och katter? \u00c4r du redo att ta dig an utmaningen att arbeta i en innovativ milj\u00f6 d\u00e4r kvalitet och h\u00e5llbarhet \u00e4r sj\u00e4lvklarheter? D\u00e5 kan vi ha den perfekta tj\u00e4nsten f\u00f6r dig!<\/p>\n<p>P\u00e5 Partner in Pet Food Nordics AB finns en v\u00e4rld av karri\u00e4rm\u00f6jligheter. P\u00e5 v\u00e5rt huvudkontor erbjuder vi sp\u00e4nnande roller inom produktutveckling, f\u00f6rs\u00e4ljning, marknadsf\u00f6ring, kvalitet, logistik, ekonomi och kundtj\u00e4nst. Om du dr\u00f6mmer om att arbeta i produktionen finns det flera olika maskiner och en hel process att utforska och bem\u00e4stra.<\/p>\n<p>N\u00e4r du b\u00f6rjar hos oss som en ny medarbetare kommer du att genomg\u00e5 ett omfattande introduktionsprogram f\u00f6r att bekanta dig med v\u00e5ra olika processer och avdelningar. Vi vill ge dig de b\u00e4sta f\u00f6ruts\u00e4ttningarna f\u00f6r att komma ig\u00e5ng och l\u00e4ra k\u00e4nna dina fantastiska kollegor.<\/p>\n<p>Att arbeta p\u00e5 Partner in Pet Food Nordics AB \u00e4r n\u00e5got alldeles extra. Vi \u00e4r en dynamisk arbetsplats med h\u00f6gt tempo och st\u00e4ndig innovation, d\u00e4r varje medarbetare spelar en viktig roll i v\u00e5r tillverkningskedja.<\/p>\n                                                            <\/div>\n\n                <\/div>\n\n            <\/div>\n\n\n        <\/div>\n    <\/section>\n\n\n\n    <section class=\"card-list-wrap light-background\">\n        <div class=\"container\">\n                            <h2 class=\"font-lg\"><center>Jobb p\u00e5 Partner in Pet Food Nordics AB<\/center><\/h2>\n                        <div class=\"row\">\n                                        <div class=\"col-md-12\">\n                            <div class=\"card-thumb white text-center\">\n                                                                <div class=\"card-thumb-body\">\n                                                                            <h3>Det finns inga lediga jobb f\u00f6r tillf\u00e4llet.<\/h3>\n                                                                                                                                            <\/div>\n\n                            <\/div>\n                        <\/div>\n\n                            <\/div>\n        <\/div>\n\n    <\/section>\n\n\n\n    <section class=\"title-content-with-cta-wrap\">\n        <div class=\"container\">\n            <div class=\"d-flex flex-column-reverse\">\n                                   <div class=\"content-wrap\">\n                                                                                      <h2 class=\"font-lg\"><center>V\u00e5ra f\u00f6rm\u00e5ner<\/center><\/h2>\n                                                                                                                                <div class=\"content\">\n                                                 <p>N\u00e4r du v\u00e4ljer att arbeta hos oss f\u00e5r du inte bara en sp\u00e4nnande och meningsfull karri\u00e4r, utan ocks\u00e5 f\u00f6rm\u00e5ner som visar att vi bryr oss om din h\u00e4lsa och v\u00e4lbefinnande. Fr\u00e5n regelbundna h\u00e4lsounders\u00f6kningar och gratis telefonr\u00e5dgivning till rabatterade produkter och gener\u00f6sa friskv\u00e5rdsbidrag p\u00e5 4000 kr per \u00e5r. Dessutom kan du njuta av subventionerad lunch p\u00e5 v\u00e5rt h\u00e4rliga huvudkontor i V\u00e5rg\u00e5rda eller bli erbjuden subventionerad lunch via rikskortet om man \u00e4r placerad p\u00e5 annan ort.<\/p>\n<p>Det \u00e4r dags att ta steget och bli en del av PPF Nordics-familjen. Vi ser fram emot att v\u00e4lkomna dig till ett team d\u00e4r passion och k\u00e4rlek f\u00f6r djur \u00e4r hj\u00e4rtat i allt vi g\u00f6r. Ans\u00f6k idag och l\u00e5t oss tillsammans forts\u00e4tta sprida k\u00e4rlek fr\u00e5n V\u00e5rg\u00e5rda i varje matsk\u00e5l!<\/p>\n                                              <\/div>\n                                                                            <\/div>\n                \n            <div class=\"cta-wrap\">\n                    <div class=\"cta\">\n                        <img loading=\"lazy\" decoding=\"async\" width=\"1432\" height=\"838\" src=\"https:\/\/ppfnordics.com\/wp-content\/uploads\/2025\/03\/connect-with-us.png\" class=\"attachment-full size-full\" alt=\"\" srcset=\"https:\/\/ppfnordics.com\/wp-content\/uploads\/2025\/03\/connect-with-us.png 1432w, https:\/\/ppfnordics.com\/wp-content\/uploads\/2025\/03\/connect-with-us-300x176.png 300w, https:\/\/ppfnordics.com\/wp-content\/uploads\/2025\/03\/connect-with-us-1024x599.png 1024w, https:\/\/ppfnordics.com\/wp-content\/uploads\/2025\/03\/connect-with-us-768x449.png 768w\" sizes=\"auto, (max-width: 1432px) 100vw, 1432px\" \/>                        <div class=\"cta-content\">\n                                                            <h3 class=\"font-lg\">Spontanans\u00f6kan<\/h3>\n                                                                                        <p>Om du inte hittar n\u00e5gra nya lediga jobb denna g\u00e5ng s\u00e5 skicka g\u00e4rna en spontanans\u00f6kan genom att klicka p\u00e5 knappen nedan.<\/p>\n                                                                                        <a class=\"btn btn-primary\" href=\"mailto:spontanansokan@ppfeurope.com\" target=\"_self\">Ans\u00f6k h\u00e4r                                                                    <\/a>\n                                                        <\/div>\n                    <\/div>\n                <\/div>\n            <\/div>\n        <\/div>\n    <\/section>\n\n\n\n    <section class=\"title-content-with-card-promo-wrap\">\n\n        <div class=\"container\">\n                            <h2><center>V\u00e5ra v\u00e4rderingar<\/center><\/h2>\n\n                        <div class=\"content\">\n                            <p>Vi v\u00e4rdes\u00e4tter \u00f6ppenhet, helhetssyn och handlingskraft i allt vi g\u00f6r. Oavsett vilken roll du har hos oss kommer du att f\u00e5 kontinuerligt st\u00f6d och m\u00f6jligheter till personlig utveckling. Vi tar ansvar f\u00f6r att varje produkt som l\u00e4mnar v\u00e5rt V\u00e5rg\u00e5rda-kontor \u00e4r tillagad med omsorg och med varje hunds och katts b\u00e4sta f\u00f6r \u00f6gonen.<\/p>\n<p>V\u00e5r vision \u201cK\u00e4rlek fr\u00e5n V\u00e5rg\u00e5rda i varje matsk\u00e5l\u201d genomsyrar allt vi g\u00f6r. Vi tillverkar v\u00e5rt foder med passion och anv\u00e4nder fr\u00e4mst svenska r\u00e5varor av h\u00f6gsta kvalitet. Sedan 1903 har vi levererat enast\u00e5ende resultat och vi har f\u00f6r avsikt att forts\u00e4tta g\u00f6ra det i m\u00e5nga \u00e5r fram\u00f6ver.<\/p>\n                        <\/div>\n\n                            <h5 class=\"text-center\">Vi lever efter tre v\u00e4rdeord som v\u00e4gleder oss i v\u00e5rt arbete:<\/h5>\n\n                        <div class=\"row\">\n                                        <div class=\"col-lg-4\">\n                            <div class=\"card-thumb\">\n                                <figure>\n                                    <img loading=\"lazy\" decoding=\"async\" width=\"460\" height=\"350\" src=\"https:\/\/ppfnordics.com\/wp-content\/uploads\/2023\/08\/DoggyImage.png\" class=\"attachment-full size-full\" alt=\"\" srcset=\"https:\/\/ppfnordics.com\/wp-content\/uploads\/2023\/08\/DoggyImage.png 460w, https:\/\/ppfnordics.com\/wp-content\/uploads\/2023\/08\/DoggyImage-300x228.png 300w\" sizes=\"auto, (max-width: 460px) 100vw, 460px\" \/>                                                                            <h3> \u00d6ppenhet<\/h3>\n                                                                    <\/figure>\n\n                                <div class=\"card-thumb-body\">\n\n                                                                            Vi delar v\u00e5r kompetens och str\u00e4var fram\u00e5t tillsammans. Genom \u00e4rlig och rak dialog, utan prestige, skapar vi varaktiga relationer b\u00e5de internt och med v\u00e5ra kunder.                                                                                                        <\/div>\n\n                            <\/div>\n                        <\/div>\n\n                                        <div class=\"col-lg-4\">\n                            <div class=\"card-thumb\">\n                                <figure>\n                                    <img loading=\"lazy\" decoding=\"async\" width=\"460\" height=\"350\" src=\"https:\/\/ppfnordics.com\/wp-content\/uploads\/2023\/08\/DoggyImage-1.png\" class=\"attachment-full size-full\" alt=\"\" srcset=\"https:\/\/ppfnordics.com\/wp-content\/uploads\/2023\/08\/DoggyImage-1.png 460w, https:\/\/ppfnordics.com\/wp-content\/uploads\/2023\/08\/DoggyImage-1-300x228.png 300w\" sizes=\"auto, (max-width: 460px) 100vw, 460px\" \/>                                                                            <h3> Helhetssyn<\/h3>\n                                                                    <\/figure>\n\n                                <div class=\"card-thumb-body\">\n\n                                                                            Med fokus p\u00e5 innovation och h\u00e5llbarhet vill vi vara ledande inom v\u00e5r bransch. Vi inser att vi \u00e4r en del av ett st\u00f6rre sammanhang och g\u00f6r v\u00e5rt b\u00e4sta f\u00f6r att m\u00f6ta behoven hos v\u00e5ra kunder, samarbetspartners och omv\u00e4rlden.                                                                                                        <\/div>\n\n                            <\/div>\n                        <\/div>\n\n                                        <div class=\"col-lg-4\">\n                            <div class=\"card-thumb\">\n                                <figure>\n                                    <img loading=\"lazy\" decoding=\"async\" width=\"460\" height=\"350\" src=\"https:\/\/ppfnordics.com\/wp-content\/uploads\/2023\/08\/DoggyImage-2.png\" class=\"attachment-full size-full\" alt=\"\" srcset=\"https:\/\/ppfnordics.com\/wp-content\/uploads\/2023\/08\/DoggyImage-2.png 460w, https:\/\/ppfnordics.com\/wp-content\/uploads\/2023\/08\/DoggyImage-2-300x228.png 300w\" sizes=\"auto, (max-width: 460px) 100vw, 460px\" \/>                                                                            <h3> Handlingskraft<\/h3>\n                                                                    <\/figure>\n\n                                <div class=\"card-thumb-body\">\n\n                                                                            Vi tar initiativ och agerar snabbt f\u00f6r att ligga steget f\u00f6re f\u00f6r\u00e4ndringar p\u00e5 marknaden. Vi \u00e4r inte r\u00e4dda f\u00f6r att b\u00f6rja om n\u00e4r det beh\u00f6vs, men vi fullf\u00f6ljer alltid det vi har kommit \u00f6verens om.                                                                                                        <\/div>\n\n                            <\/div>\n                        <\/div>\n\n                            <\/div>\n        <\/div>\n    <\/section>\n\n","protected":false},"excerpt":{"rendered":"","protected":false},"author":1,"featured_media":0,"parent":629,"menu_order":0,"comment_status":"closed","ping_status":"closed","template":"guternberg.php","meta":{"footnotes":""},"class_list":["post-621","page","type-page","status-publish","hentry"],"acf":[],"yoast_head":"<!-- This site is optimized with the Yoast SEO plugin v21.0 - https:\/\/yoast.com\/wordpress\/plugins\/seo\/ -->\n<title>JOBBA HOS OSS | PPF Nordics AB<\/title>\n<meta name=\"robots\" content=\"index, follow, max-snippet:-1, max-image-preview:large, max-video-preview:-1\" \/>\n<link rel=\"canonical\" href=\"https:\/\/ppfnordics.com\/se\/om-oss\/jobba-hos-oss\/\" \/>\n<meta property=\"og:locale\" content=\"en_US\" \/>\n<meta property=\"og:type\" content=\"article\" \/>\n<meta property=\"og:title\" content=\"JOBBA HOS OSS | PPF Nordics AB\" \/>\n<meta property=\"og:url\" content=\"https:\/\/ppfnordics.com\/se\/om-oss\/jobba-hos-oss\/\" \/>\n<meta property=\"og:site_name\" content=\"PPF Nordics AB\" \/>\n<meta property=\"article:modified_time\" content=\"2025-11-28T09:08:14+00:00\" \/>\n<meta name=\"twitter:card\" content=\"summary_large_image\" \/>\n<script type=\"application\/ld+json\" class=\"yoast-schema-graph\">{\"@context\":\"https:\/\/schema.org\",\"@graph\":[{\"@type\":\"WebPage\",\"@id\":\"https:\/\/ppfnordics.com\/se\/om-oss\/jobba-hos-oss\/\",\"url\":\"https:\/\/ppfnordics.com\/se\/om-oss\/jobba-hos-oss\/\",\"name\":\"JOBBA HOS OSS | PPF Nordics AB\",\"isPartOf\":{\"@id\":\"https:\/\/ppfnordics.com\/se\/#website\"},\"datePublished\":\"2023-08-04T06:10:02+00:00\",\"dateModified\":\"2025-11-28T09:08:14+00:00\",\"breadcrumb\":{\"@id\":\"https:\/\/ppfnordics.com\/se\/om-oss\/jobba-hos-oss\/#breadcrumb\"},\"inLanguage\":\"se-SE\",\"potentialAction\":[{\"@type\":\"ReadAction\",\"target\":[\"https:\/\/ppfnordics.com\/se\/om-oss\/jobba-hos-oss\/\"]}]},{\"@type\":\"BreadcrumbList\",\"@id\":\"https:\/\/ppfnordics.com\/se\/om-oss\/jobba-hos-oss\/#breadcrumb\",\"itemListElement\":[{\"@type\":\"ListItem\",\"position\":1,\"name\":\"Home\",\"item\":\"https:\/\/ppfnordics.com\/se\/\"},{\"@type\":\"ListItem\",\"position\":2,\"name\":\"OM OSS\",\"item\":\"https:\/\/ppfnordics.com\/se\/om-oss\/\"},{\"@type\":\"ListItem\",\"position\":3,\"name\":\"JOBBA HOS OSS\"}]},{\"@type\":\"WebSite\",\"@id\":\"https:\/\/ppfnordics.com\/se\/#website\",\"url\":\"https:\/\/ppfnordics.com\/se\/\",\"name\":\"PPF Nordics AB\",\"description\":\"\",\"publisher\":{\"@id\":\"https:\/\/ppfnordics.com\/se\/#organization\"},\"potentialAction\":[{\"@type\":\"SearchAction\",\"target\":{\"@type\":\"EntryPoint\",\"urlTemplate\":\"https:\/\/ppfnordics.com\/se\/?s={search_term_string}\"},\"query-input\":\"required name=search_term_string\"}],\"inLanguage\":\"se-SE\"},{\"@type\":\"Organization\",\"@id\":\"https:\/\/ppfnordics.com\/se\/#organization\",\"name\":\"PPF Nordics AB\",\"url\":\"https:\/\/ppfnordics.com\/se\/\",\"logo\":{\"@type\":\"ImageObject\",\"inLanguage\":\"se-SE\",\"@id\":\"https:\/\/ppfnordics.com\/se\/#\/schema\/logo\/image\/\",\"url\":\"https:\/\/ppfnordics.com\/wp-content\/uploads\/2025\/02\/Nav_PPF_Logo.svg\",\"contentUrl\":\"https:\/\/ppfnordics.com\/wp-content\/uploads\/2025\/02\/Nav_PPF_Logo.svg\",\"caption\":\"PPF Nordics AB\"},\"image\":{\"@id\":\"https:\/\/ppfnordics.com\/se\/#\/schema\/logo\/image\/\"}}]}<\/script>\n<!-- \/ Yoast SEO plugin. -->","yoast_head_json":{"title":"JOBBA HOS OSS | PPF Nordics AB","robots":{"index":"index","follow":"follow","max-snippet":"max-snippet:-1","max-image-preview":"max-image-preview:large","max-video-preview":"max-video-preview:-1"},"canonical":"https:\/\/ppfnordics.com\/se\/om-oss\/jobba-hos-oss\/","og_locale":"en_US","og_type":"article","og_title":"JOBBA HOS OSS | PPF Nordics AB","og_url":"https:\/\/ppfnordics.com\/se\/om-oss\/jobba-hos-oss\/","og_site_name":"PPF Nordics AB","article_modified_time":"2025-11-28T09:08:14+00:00","twitter_card":"summary_large_image","schema":{"@context":"https:\/\/schema.org","@graph":[{"@type":"WebPage","@id":"https:\/\/ppfnordics.com\/se\/om-oss\/jobba-hos-oss\/","url":"https:\/\/ppfnordics.com\/se\/om-oss\/jobba-hos-oss\/","name":"JOBBA HOS OSS | PPF Nordics AB","isPartOf":{"@id":"https:\/\/ppfnordics.com\/se\/#website"},"datePublished":"2023-08-04T06:10:02+00:00","dateModified":"2025-11-28T09:08:14+00:00","breadcrumb":{"@id":"https:\/\/ppfnordics.com\/se\/om-oss\/jobba-hos-oss\/#breadcrumb"},"inLanguage":"se-SE","potentialAction":[{"@type":"ReadAction","target":["https:\/\/ppfnordics.com\/se\/om-oss\/jobba-hos-oss\/"]}]},{"@type":"BreadcrumbList","@id":"https:\/\/ppfnordics.com\/se\/om-oss\/jobba-hos-oss\/#breadcrumb","itemListElement":[{"@type":"ListItem","position":1,"name":"Home","item":"https:\/\/ppfnordics.com\/se\/"},{"@type":"ListItem","position":2,"name":"OM OSS","item":"https:\/\/ppfnordics.com\/se\/om-oss\/"},{"@type":"ListItem","position":3,"name":"JOBBA HOS OSS"}]},{"@type":"WebSite","@id":"https:\/\/ppfnordics.com\/se\/#website","url":"https:\/\/ppfnordics.com\/se\/","name":"PPF Nordics AB","description":"","publisher":{"@id":"https:\/\/ppfnordics.com\/se\/#organization"},"potentialAction":[{"@type":"SearchAction","target":{"@type":"EntryPoint","urlTemplate":"https:\/\/ppfnordics.com\/se\/?s={search_term_string}"},"query-input":"required name=search_term_string"}],"inLanguage":"se-SE"},{"@type":"Organization","@id":"https:\/\/ppfnordics.com\/se\/#organization","name":"PPF Nordics AB","url":"https:\/\/ppfnordics.com\/se\/","logo":{"@type":"ImageObject","inLanguage":"se-SE","@id":"https:\/\/ppfnordics.com\/se\/#\/schema\/logo\/image\/","url":"https:\/\/ppfnordics.com\/wp-content\/uploads\/2025\/02\/Nav_PPF_Logo.svg","contentUrl":"https:\/\/ppfnordics.com\/wp-content\/uploads\/2025\/02\/Nav_PPF_Logo.svg","caption":"PPF Nordics AB"},"image":{"@id":"https:\/\/ppfnordics.com\/se\/#\/schema\/logo\/image\/"}}]}},"_links":{"self":[{"href":"https:\/\/ppfnordics.com\/se\/wp-json\/wp\/v2\/pages\/621","targetHints":{"allow":["GET"]}}],"collection":[{"href":"https:\/\/ppfnordics.com\/se\/wp-json\/wp\/v2\/pages"}],"about":[{"href":"https:\/\/ppfnordics.com\/se\/wp-json\/wp\/v2\/types\/page"}],"author":[{"embeddable":true,"href":"https:\/\/ppfnordics.com\/se\/wp-json\/wp\/v2\/users\/1"}],"replies":[{"embeddable":true,"href":"https:\/\/ppfnordics.com\/se\/wp-json\/wp\/v2\/comments?post=621"}],"version-history":[{"count":161,"href":"https:\/\/ppfnordics.com\/se\/wp-json\/wp\/v2\/pages\/621\/revisions"}],"predecessor-version":[{"id":4559,"href":"https:\/\/ppfnordics.com\/se\/wp-json\/wp\/v2\/pages\/621\/revisions\/4559"}],"up":[{"embeddable":true,"href":"https:\/\/ppfnordics.com\/se\/wp-json\/wp\/v2\/pages\/629"}],"wp:attachment":[{"href":"https:\/\/ppfnordics.com\/se\/wp-json\/wp\/v2\/media?parent=621"}],"curies":[{"name":"wp","href":"https:\/\/api.w.org\/{rel}","templated":true}]}}