{"id":623,"date":"2023-08-03T12:21:54","date_gmt":"2023-08-03T12:21:54","guid":{"rendered":"https:\/\/ppfnordics.com\/kontakta-oss\/"},"modified":"2025-03-10T10:38:32","modified_gmt":"2025-03-10T10:38:32","slug":"kontakt","status":"publish","type":"page","link":"https:\/\/ppfnordics.com\/se\/kontakt\/","title":{"rendered":"KONTAKTA OSS"},"content":{"rendered":"    <section class=\"sub-page-hero-wrap\">\n        <img loading=\"lazy\" decoding=\"async\" width=\"1920\" height=\"2400\" src=\"https:\/\/ppfnordics.com\/wp-content\/uploads\/2025\/03\/contact-us.jpg\" class=\"background-image\" alt=\"\" srcset=\"https:\/\/ppfnordics.com\/wp-content\/uploads\/2025\/03\/contact-us.jpg 1920w, https:\/\/ppfnordics.com\/wp-content\/uploads\/2025\/03\/contact-us-240x300.jpg 240w, https:\/\/ppfnordics.com\/wp-content\/uploads\/2025\/03\/contact-us-819x1024.jpg 819w, https:\/\/ppfnordics.com\/wp-content\/uploads\/2025\/03\/contact-us-768x960.jpg 768w, https:\/\/ppfnordics.com\/wp-content\/uploads\/2025\/03\/contact-us-1229x1536.jpg 1229w, https:\/\/ppfnordics.com\/wp-content\/uploads\/2025\/03\/contact-us-1638x2048.jpg 1638w\" sizes=\"auto, (max-width: 1920px) 100vw, 1920px\" \/>        <div class=\"overlay\">\n            <div class=\"container\">\n                                                    <h5 class=\"font-sm-alt\">Kontakta oss<\/h5>\n                                                                            <h1 class=\"font-xxl\">Vi ser fram emot att h\u00f6ra fr\u00e5n dig! <\/h1>\n                                                                             <p>Har du n\u00e5gra fr\u00e5gor om v\u00e5ra produkter eller vill du l\u00e4ra dig mer om Partner in Pet Food Nordics AB? Tveka inte att kontakta oss \u2013 vi \u00e4r h\u00e4r f\u00f6r att hj\u00e4lpa dig p\u00e5 b\u00e4sta m\u00f6jliga s\u00e4tt.<\/p>\n                                                \n\n            <\/div>\n\n        <\/div>\n\n    <\/section>\n\n\n\n    <section class=\"contact-wrap\">\n        <div class=\"container\">\n                        <div class=\"card-wrap\">\n                <div class=\"row\">\n                                                <div class=\"col-lg-6\">\n                                <div class=\"card-thumb\">\n                                    <img decoding=\"async\" src=\"https:\/\/ppfnordics.com\/wp-content\/uploads\/2025\/02\/KontaktIcon_Phone.svg\" class=\"attachment-full size-full\" alt=\"\" \/>                                    <h5>\n                                                                            <a href=\"tel:(+46)%200322-617800\" target=\"_self\">(+46) 0322-617800<\/a>\n                                                                    <\/h5>\n\n                                <\/div>\n                            <\/div>\n\n                                                <div class=\"col-lg-6\">\n                                <div class=\"card-thumb\">\n                                    <img decoding=\"async\" src=\"https:\/\/ppfnordics.com\/wp-content\/uploads\/2025\/02\/KontaktIcon_email.svg\" class=\"attachment-full size-full\" alt=\"\" \/>                                    <h5>\n                                                                            <a href=\"mailto:info@doggy.se\" target=\"_self\">info@doggy.se<\/a>\n                                                                    <\/h5>\n\n                                <\/div>\n                            <\/div>\n\n                                    <\/div>\n            <\/div>\n                                                <div class=\"card-contact\">\n                        <div class=\"row\">\n                            <div class=\"col-lg-6\">\n                                <figure>\n                                    <img loading=\"lazy\" decoding=\"async\" width=\"872\" height=\"617\" src=\"https:\/\/ppfnordics.com\/wp-content\/uploads\/2025\/02\/PPFNordicsAB_LocationMap_v1.png\" class=\"background-image\" alt=\"\" srcset=\"https:\/\/ppfnordics.com\/wp-content\/uploads\/2025\/02\/PPFNordicsAB_LocationMap_v1.png 872w, https:\/\/ppfnordics.com\/wp-content\/uploads\/2025\/02\/PPFNordicsAB_LocationMap_v1-300x212.png 300w, https:\/\/ppfnordics.com\/wp-content\/uploads\/2025\/02\/PPFNordicsAB_LocationMap_v1-768x543.png 768w\" sizes=\"auto, (max-width: 872px) 100vw, 872px\" \/>                                <\/figure>\n\n\n                            <\/div>\n                            <div class=\"col-lg-6\">\n                                <div class=\"card-contact-body\">\n                                    <h2>V\u00e4gbeskrivning till v\u00e5rt h\u00e4rliga samh\u00e4lle<\/h2>\n                                    <p>Du hittar oss i V\u00e5rg\u00e5rda, d\u00e4r vi producerar v\u00e5rt sortiment av kvalitetsprodukter f\u00f6r hundar och katter. V\u00e5rt l\u00e4ge \u00e4r perfekt, halvv\u00e4gs mellan G\u00f6teborg och Skara.<\/p>\n<p><strong>Partner in Pet Food Nordics AB<\/strong><br \/>\n<strong>Doggyv\u00e4gen 1<\/strong><br \/>\n<strong>447 84 V\u00e5rg\u00e5rda<\/strong><\/p>\n<p><strong>Postadress:<\/strong><br \/>\nDoggyv\u00e4gen 1<br \/>\n447 91 V\u00e5rg\u00e5rda<\/p>\n                                                                            <a class=\"btn btn-primary\" href=\"https:\/\/goo.gl\/maps\/4uj1aWFRzmUC5SVM6\" target=\"_blank\">\u00d6ppna Karta <i class=\"fa-solid fa-angle-right\"><\/i><\/a>\n                                                                    <\/div>\n\n                            <\/div>\n                        <\/div>\n                    <\/div>\n                                    <\/div>\n\n    <\/section>\n\n\n\n    <section class=\"section-promo-with-card-wrap\">\n        <div class=\"container\">\n                            <h2 class=\"font-lg\">Skapa dina egna exklusiva produkter med v\u00e5rt Private Label-program<\/h2>\n                        <div class=\"row\">\n                <div class=\"col-lg-6 text-center\">\n                    <img loading=\"lazy\" decoding=\"async\" width=\"836\" height=\"625\" src=\"https:\/\/ppfnordics.com\/wp-content\/uploads\/2025\/03\/create-exclusive-product.png\" class=\"attachment-full size-full\" alt=\"\" srcset=\"https:\/\/ppfnordics.com\/wp-content\/uploads\/2025\/03\/create-exclusive-product.png 836w, https:\/\/ppfnordics.com\/wp-content\/uploads\/2025\/03\/create-exclusive-product-300x224.png 300w, https:\/\/ppfnordics.com\/wp-content\/uploads\/2025\/03\/create-exclusive-product-768x574.png 768w\" sizes=\"auto, (max-width: 836px) 100vw, 836px\" \/>                <\/div>\n                <div class=\"col-lg-6\">\n                    <div class=\"content-wrap\">\n\n                                                    <h5>Med v\u00e5r Private Label-l\u00f6sning kan du skapa djurmat under ditt eget varum\u00e4rke, som uppfyller dina exakta krav p\u00e5 kvalitet och standard.<\/h5>\n<p>Sedan mitten av 90-talet har Partner in Pet Food Nordics AB erbjudit tillverkning av Private Label-produkter, \u00e4ven k\u00e4nda som EMV (Eget M\u00e4rke Varum\u00e4rke). Genom att v\u00e4lja v\u00e5r Private Label-tj\u00e4nst kan du vara trygg i att du f\u00e5r en premiumprodukt som b\u00e4r ditt eget varum\u00e4rkes namn. Vi samarbetar med dig f\u00f6r att utveckla och skapa en produktserie som uppfyller dina unika behov n\u00e4r det g\u00e4ller b\u00e5de kvalitet och tidsramar.<\/p>\n                                                                    <\/div>\n\n                <\/div>\n            <\/div>\n\n            \n\n        <\/div>\n\n    <\/section>\n\n\n\n    <section class=\"card-list-wrap \">\n        <div class=\"container\">\n                        <div class=\"row\">\n                                        <div class=\"col-md-6\">\n                            <div class=\"card-thumb primary text-left\">\n                                                                <div class=\"card-thumb-body\">\n                                                                            <h3>Integritetspolicy<\/h3>\n                                                                                                                <p>Partner in Pet Food Nordics AB (\u201dDoggy\u201d), organisationsnummer 556055-5129, \u00e4r personuppgiftsansvarig f\u00f6r den behandling av personuppgifter som sker.<\/p>\n                                                                                                                <a class=\"btn  btn-secondary\" href=\"https:\/\/ppfnordics.com\/se\/om-oss\/integritetspolicy\/\" target=\"_self\">L\u00e4s mer<\/a>\n                                                                    <\/div>\n\n                            <\/div>\n                        <\/div>\n\n                                        <div class=\"col-md-6\">\n                            <div class=\"card-thumb dark text-left\">\n                                                                <div class=\"card-thumb-body\">\n                                                                            <h3>Reklamation<\/h3>\n                                                                                                                <p>Vill du reklamera en produkt? V\u00e4nligen fyll i formul\u00e4ret nedan. Vi \u00e5terkommer vanligen inom 2 dagar.<\/p>\n                                                                                                                <a class=\"btn  btn-primary\" href=\"https:\/\/ppfnordics.com\/se\/om-oss\/reklamation\/\" target=\"_self\">Reklamationsformul\u00e4r<\/a>\n                                                                    <\/div>\n\n                            <\/div>\n                        <\/div>\n\n                            <\/div>\n        <\/div>\n\n    <\/section>\n\n","protected":false},"excerpt":{"rendered":"","protected":false},"author":1,"featured_media":0,"parent":0,"menu_order":0,"comment_status":"closed","ping_status":"closed","template":"guternberg.php","meta":{"footnotes":""},"class_list":["post-623","page","type-page","status-publish","hentry"],"acf":[],"yoast_head":"<!-- This site is optimized with the Yoast SEO plugin v21.0 - https:\/\/yoast.com\/wordpress\/plugins\/seo\/ -->\n<title>KONTAKTA OSS | PPF Nordics AB<\/title>\n<meta name=\"robots\" content=\"index, follow, max-snippet:-1, max-image-preview:large, max-video-preview:-1\" \/>\n<link rel=\"canonical\" href=\"https:\/\/ppfnordics.com\/se\/kontakt\/\" \/>\n<meta property=\"og:locale\" content=\"en_US\" \/>\n<meta property=\"og:type\" content=\"article\" \/>\n<meta property=\"og:title\" content=\"KONTAKTA OSS | PPF Nordics AB\" \/>\n<meta property=\"og:url\" content=\"https:\/\/ppfnordics.com\/se\/kontakt\/\" \/>\n<meta property=\"og:site_name\" content=\"PPF Nordics AB\" \/>\n<meta property=\"article:modified_time\" content=\"2025-03-10T10:38:32+00:00\" \/>\n<meta name=\"twitter:card\" content=\"summary_large_image\" \/>\n<script type=\"application\/ld+json\" class=\"yoast-schema-graph\">{\"@context\":\"https:\/\/schema.org\",\"@graph\":[{\"@type\":\"WebPage\",\"@id\":\"https:\/\/ppfnordics.com\/se\/kontakt\/\",\"url\":\"https:\/\/ppfnordics.com\/se\/kontakt\/\",\"name\":\"KONTAKTA OSS | PPF Nordics AB\",\"isPartOf\":{\"@id\":\"https:\/\/ppfnordics.com\/se\/#website\"},\"datePublished\":\"2023-08-03T12:21:54+00:00\",\"dateModified\":\"2025-03-10T10:38:32+00:00\",\"breadcrumb\":{\"@id\":\"https:\/\/ppfnordics.com\/se\/kontakt\/#breadcrumb\"},\"inLanguage\":\"se-SE\",\"potentialAction\":[{\"@type\":\"ReadAction\",\"target\":[\"https:\/\/ppfnordics.com\/se\/kontakt\/\"]}]},{\"@type\":\"BreadcrumbList\",\"@id\":\"https:\/\/ppfnordics.com\/se\/kontakt\/#breadcrumb\",\"itemListElement\":[{\"@type\":\"ListItem\",\"position\":1,\"name\":\"Home\",\"item\":\"https:\/\/ppfnordics.com\/se\/\"},{\"@type\":\"ListItem\",\"position\":2,\"name\":\"KONTAKTA OSS\"}]},{\"@type\":\"WebSite\",\"@id\":\"https:\/\/ppfnordics.com\/se\/#website\",\"url\":\"https:\/\/ppfnordics.com\/se\/\",\"name\":\"PPF Nordics AB\",\"description\":\"\",\"publisher\":{\"@id\":\"https:\/\/ppfnordics.com\/se\/#organization\"},\"potentialAction\":[{\"@type\":\"SearchAction\",\"target\":{\"@type\":\"EntryPoint\",\"urlTemplate\":\"https:\/\/ppfnordics.com\/se\/?s={search_term_string}\"},\"query-input\":\"required name=search_term_string\"}],\"inLanguage\":\"se-SE\"},{\"@type\":\"Organization\",\"@id\":\"https:\/\/ppfnordics.com\/se\/#organization\",\"name\":\"PPF Nordics AB\",\"url\":\"https:\/\/ppfnordics.com\/se\/\",\"logo\":{\"@type\":\"ImageObject\",\"inLanguage\":\"se-SE\",\"@id\":\"https:\/\/ppfnordics.com\/se\/#\/schema\/logo\/image\/\",\"url\":\"https:\/\/ppfnordics.com\/wp-content\/uploads\/2025\/02\/Nav_PPF_Logo.svg\",\"contentUrl\":\"https:\/\/ppfnordics.com\/wp-content\/uploads\/2025\/02\/Nav_PPF_Logo.svg\",\"caption\":\"PPF Nordics AB\"},\"image\":{\"@id\":\"https:\/\/ppfnordics.com\/se\/#\/schema\/logo\/image\/\"}}]}<\/script>\n<!-- \/ Yoast SEO plugin. -->","yoast_head_json":{"title":"KONTAKTA OSS | PPF Nordics AB","robots":{"index":"index","follow":"follow","max-snippet":"max-snippet:-1","max-image-preview":"max-image-preview:large","max-video-preview":"max-video-preview:-1"},"canonical":"https:\/\/ppfnordics.com\/se\/kontakt\/","og_locale":"en_US","og_type":"article","og_title":"KONTAKTA OSS | PPF Nordics AB","og_url":"https:\/\/ppfnordics.com\/se\/kontakt\/","og_site_name":"PPF Nordics AB","article_modified_time":"2025-03-10T10:38:32+00:00","twitter_card":"summary_large_image","schema":{"@context":"https:\/\/schema.org","@graph":[{"@type":"WebPage","@id":"https:\/\/ppfnordics.com\/se\/kontakt\/","url":"https:\/\/ppfnordics.com\/se\/kontakt\/","name":"KONTAKTA OSS | PPF Nordics AB","isPartOf":{"@id":"https:\/\/ppfnordics.com\/se\/#website"},"datePublished":"2023-08-03T12:21:54+00:00","dateModified":"2025-03-10T10:38:32+00:00","breadcrumb":{"@id":"https:\/\/ppfnordics.com\/se\/kontakt\/#breadcrumb"},"inLanguage":"se-SE","potentialAction":[{"@type":"ReadAction","target":["https:\/\/ppfnordics.com\/se\/kontakt\/"]}]},{"@type":"BreadcrumbList","@id":"https:\/\/ppfnordics.com\/se\/kontakt\/#breadcrumb","itemListElement":[{"@type":"ListItem","position":1,"name":"Home","item":"https:\/\/ppfnordics.com\/se\/"},{"@type":"ListItem","position":2,"name":"KONTAKTA OSS"}]},{"@type":"WebSite","@id":"https:\/\/ppfnordics.com\/se\/#website","url":"https:\/\/ppfnordics.com\/se\/","name":"PPF Nordics AB","description":"","publisher":{"@id":"https:\/\/ppfnordics.com\/se\/#organization"},"potentialAction":[{"@type":"SearchAction","target":{"@type":"EntryPoint","urlTemplate":"https:\/\/ppfnordics.com\/se\/?s={search_term_string}"},"query-input":"required name=search_term_string"}],"inLanguage":"se-SE"},{"@type":"Organization","@id":"https:\/\/ppfnordics.com\/se\/#organization","name":"PPF Nordics AB","url":"https:\/\/ppfnordics.com\/se\/","logo":{"@type":"ImageObject","inLanguage":"se-SE","@id":"https:\/\/ppfnordics.com\/se\/#\/schema\/logo\/image\/","url":"https:\/\/ppfnordics.com\/wp-content\/uploads\/2025\/02\/Nav_PPF_Logo.svg","contentUrl":"https:\/\/ppfnordics.com\/wp-content\/uploads\/2025\/02\/Nav_PPF_Logo.svg","caption":"PPF Nordics AB"},"image":{"@id":"https:\/\/ppfnordics.com\/se\/#\/schema\/logo\/image\/"}}]}},"_links":{"self":[{"href":"https:\/\/ppfnordics.com\/se\/wp-json\/wp\/v2\/pages\/623","targetHints":{"allow":["GET"]}}],"collection":[{"href":"https:\/\/ppfnordics.com\/se\/wp-json\/wp\/v2\/pages"}],"about":[{"href":"https:\/\/ppfnordics.com\/se\/wp-json\/wp\/v2\/types\/page"}],"author":[{"embeddable":true,"href":"https:\/\/ppfnordics.com\/se\/wp-json\/wp\/v2\/users\/1"}],"replies":[{"embeddable":true,"href":"https:\/\/ppfnordics.com\/se\/wp-json\/wp\/v2\/comments?post=623"}],"version-history":[{"count":51,"href":"https:\/\/ppfnordics.com\/se\/wp-json\/wp\/v2\/pages\/623\/revisions"}],"predecessor-version":[{"id":3968,"href":"https:\/\/ppfnordics.com\/se\/wp-json\/wp\/v2\/pages\/623\/revisions\/3968"}],"wp:attachment":[{"href":"https:\/\/ppfnordics.com\/se\/wp-json\/wp\/v2\/media?parent=623"}],"curies":[{"name":"wp","href":"https:\/\/api.w.org\/{rel}","templated":true}]}}