{"id":629,"date":"2023-08-03T10:54:07","date_gmt":"2023-08-03T10:54:07","guid":{"rendered":"https:\/\/ppfnordics.com\/om-oss\/"},"modified":"2025-11-08T15:22:32","modified_gmt":"2025-11-08T15:22:32","slug":"om-oss","status":"publish","type":"page","link":"https:\/\/ppfnordics.com\/se\/om-oss\/","title":{"rendered":"OM OSS"},"content":{"rendered":"    <section class=\"sub-page-hero-wrap\">\n        <img loading=\"lazy\" decoding=\"async\" width=\"1920\" height=\"1282\" src=\"https:\/\/ppfnordics.com\/wp-content\/uploads\/2025\/03\/creating-sweden-best-pet-food.png\" class=\"background-image\" alt=\"\" srcset=\"https:\/\/ppfnordics.com\/wp-content\/uploads\/2025\/03\/creating-sweden-best-pet-food.png 1920w, https:\/\/ppfnordics.com\/wp-content\/uploads\/2025\/03\/creating-sweden-best-pet-food-300x200.png 300w, https:\/\/ppfnordics.com\/wp-content\/uploads\/2025\/03\/creating-sweden-best-pet-food-1024x684.png 1024w, https:\/\/ppfnordics.com\/wp-content\/uploads\/2025\/03\/creating-sweden-best-pet-food-768x513.png 768w, https:\/\/ppfnordics.com\/wp-content\/uploads\/2025\/03\/creating-sweden-best-pet-food-1536x1026.png 1536w\" sizes=\"auto, (max-width: 1920px) 100vw, 1920px\" \/>        <div class=\"overlay\">\n            <div class=\"container\">\n                                                    <h5 class=\"font-sm-alt\">Om Partner in Pet Food Nordics AB<\/h5>\n                                                                            <h1 class=\"font-xxl\">120 \u00e5r som Sveriges fr\u00e4msta tillverkare av hund- och kattmat <\/h1>\n                                                                             <p>V\u00e5r resa som Sveriges fr\u00e4msta tillverkare av hund- och kattmat b\u00f6rjade f\u00f6r 120 \u00e5r sedan i den lilla idylliska byn V\u00e5rg\u00e5rda. Sedan starten 1903 har Partner in Pet Food Nordics AB varit f\u00f6rknippade med naturligt, p\u00e5litligt och h\u00f6gkvalitativt foder som tillverkas p\u00e5 svenskt vis. Det \u00e4r ett arv som vi \u00e4r stolta \u00f6ver och v\u00e4rnar om.<\/p>\n                                                \n\n            <\/div>\n\n        <\/div>\n\n    <\/section>\n\n\n\n    <section class=\"two-column-content-wrap \">\n        <div class=\"container\">\n            <div class=\"row gx-md-5\">\n                <div class=\"col-lg-6\">\n                                                                        \n                            <h5>\u200b\u200b\u200b\u200bPartner in Pet Food Nordics AB str\u00e4cker sig l\u00e5ngt bortom gr\u00e4nserna av v\u00e5rt \u00e4lskade V\u00e5rg\u00e5rda. Vi \u00e4r stolta \u00f6ver att vara n\u00e4rvarande p\u00e5 \u00f6ver 20 marknader runt om i v\u00e4rlden, d\u00e4r vi f\u00f6rser husdjur med den kvalitet och s\u00e4kerhet som f\u00f6rknippas med v\u00e5r rena svenska natur och h\u00f6ga standard.<\/h5>\n<p>Produktutveckling och innovation \u00e4r hj\u00e4rtat i v\u00e5rt arbete. Vi \u00e4r dedikerade till att erbjuda den absolut b\u00e4sta hund- och kattmaten. Vi n\u00f6jer oss inte med att bara uppr\u00e4tth\u00e5lla v\u00e5ra befintliga produkter \u2013 vi str\u00e4var alltid efter att skapa nya, banbrytande alternativ. V\u00e5rt m\u00e5l \u00e4r att forts\u00e4tta fylla matsk\u00e5lar \u00f6ver hela v\u00e4rlden med sund och naturlig djurmat, sj\u00e4lvklart lagad med den viktigaste ingrediensen av alla \u2013 en stor dos k\u00e4rlek!<\/p>\n                                                                                        <\/div>\n                <div class=\"col-lg-6\">\n                                                                                                    <p>I hj\u00e4rtat av V\u00e4sterg\u00f6tland, bland de gr\u00f6na \u00e4ngarna och den friska luften, hittar du v\u00e5r h\u00e4ngivna produktion i V\u00e5rg\u00e5rda. H\u00e4r \u00e4r v\u00e5r passion f\u00f6r katter och hundar och deras v\u00e4lbefinnande sammanv\u00e4vd med de vackra omgivningarna och den genuina atmosf\u00e4ren.<\/p>\n<p>V\u00e5rg\u00e5rda \u00e4r mer \u00e4n bara en plats f\u00f6r oss. Det \u00e4r h\u00e4r vi hittar inspirationen och energin f\u00f6r att skapa den b\u00e4sta maten f\u00f6r v\u00e5ra \u00e4lskade husdjur. Med omsorgsfullt utvalda ingredienser f\u00f6r att ge energi och n\u00e4ring, recept framtagna av v\u00e5ra nutritionister f\u00f6r att ge v\u00e5ra djur precis det de beh\u00f6ver, och smaker inspirerade av den svenska naturen, har vi under 120 \u00e5r utvecklat den mat som Sveriges \u2013 och nu v\u00e4rldens \u2013 katter och hundar \u00e4lskar.<\/p>\n                                                                                        <\/div>\n            <\/div>\n                    <\/div>\n\n    <\/section>\n\n\n\n    <section class=\"video-only-block\">\n        <div class=\"container\">\n            <div class=\"video-wrap\">\n                                    <video id=\"my-video-1630\" class=\"video-js vjs-default-skin vjs-16-9 vjs-nofull\"\n                           playsinline controls preload=\"auto\" poster=\"https:\/\/ppfnordics.com\/wp-content\/uploads\/2023\/08\/Video_BGImage-2.png\">\n                        <source src=\"https:\/\/ppfnordics.com\/wp-content\/uploads\/2023\/08\/Bozita-History.mp4\" type=\"video\/mp4\"\/>\n                    <\/video>\n                                <\/div>\n        <\/div>\n    <\/section>\n\n    <script>\n        \/\/ Global array to store video IDs and button texts\n        var videos = videos || [];\n\n        \/\/ Function to add video data to the array\n        function addVideoData(uniqid, buttonText) {\n            videos.push({id: uniqid, text: buttonText});\n        }\n\n        \/\/ Add video data to the array\n        document.addEventListener('DOMContentLoaded', function () {\n            addVideoData('my-video-1630', 'Spela Video');\n        });\n\n        function initializeVideos() {\n            videos.forEach(function (video) {\n                var player = videojs(video.id);\n                player.ready(function () {\n                    var playButton = player.controlBar.playToggle.el().querySelector('.vjs-icon-placeholder');\n                    if (playButton) {\n                        playButton.innerHTML = '<span class=\"vjs-icon-placeholder\"><\/span> ' + video.text;\n                    }\n\n                    \/\/ Add custom styles for each video\n                    var style = document.createElement('style');\n                    style.innerHTML = `\n                        #${video.id} .vjs-big-play-button .vjs-icon-placeholder:before {\n                            content: \"\\\\f101\"; \/* Unicode for play icon *\/\n                        }\n                        #${video.id} .vjs-big-play-button .vjs-icon-placeholder:after {\n                            content: \" ${video.text}\";\n                        }\n                    `;\n                    document.head.appendChild(style);\n                });\n            });\n        }\n\n        \/\/ Call initializeVideos after the DOM is fully loaded\n        document.addEventListener('DOMContentLoaded', function () {\n            initializeVideos();\n        });\n\n    <\/script>\n\n\n\n\n    <section class=\"two-column-content-wrap \">\n        <div class=\"container\">\n            <div class=\"row gx-md-5\">\n                <div class=\"col-lg-6\">\n                                                                                                        <h2 class=\"font-md\">V\u00e5r Historia<\/h2>\n                            \n                            <p>V\u00e5r historia tar sin b\u00f6rjan p\u00e5 en dimmig dag i mitten av 1800-talet, n\u00e4r en ung och \u00e4ventyrlig sj\u00e4l vid namn Aron Heyman kliver av t\u00e5get vid V\u00e5rg\u00e5rda station. Han k\u00e4nner pulsen av m\u00f6jligheter som sv\u00e4var i luften n\u00e4r han betraktar den b\u00f6rdiga V\u00e4stg\u00f6tasl\u00e4tten. Det \u00e4r h\u00e4r, p\u00e5 denna or\u00f6rda mark, som Arons vision ska ta form och f\u00f6r\u00e4ndra husdjursv\u00e4rlden f\u00f6r alltid.<\/p>\n                                                            <a class=\"btn btn-primary\" href=\"https:\/\/ppfnordics.com\/se\/om-oss\/historia\/\" target=\"_self\">L\u00e4s mer om v\u00e5r historia                                                                 <\/a>\n                                                                                        <\/div>\n                <div class=\"col-lg-6\">\n                                                                                                                                                                                            <\/div>\n            <\/div>\n                    <\/div>\n\n    <\/section>\n\n\n\n    <section class=\"card-list-wrap \">\n        <div class=\"container\">\n                        <div class=\"row\">\n                                        <div class=\"col-md-12\">\n                            <div class=\"card-thumb dark text-left\">\n                                                                <div class=\"card-thumb-body\">\n                                                                            <h3>Jobba Hos Oss<\/h3>\n                                                                                                                <p>Sl\u00e5r ditt hj\u00e4rta extra f\u00f6r hundar och katter? \u00c4r du redo att ta dig an utmaningen att arbeta i en innovativ milj\u00f6 d\u00e4r kvalitet och h\u00e5llbarhet \u00e4r sj\u00e4lvklarheter? D\u00e5 kan vi ha den perfekta tj\u00e4nsten f\u00f6r dig!<\/p>\n                                                                                                                <a class=\"btn  btn-primary\" href=\"https:\/\/ppfnordics.com\/se\/om-oss\/jobba-hos-oss\/\" target=\"_self\">Din karri\u00e4r b\u00f6rjar h\u00e4r<\/a>\n                                                                    <\/div>\n\n                            <\/div>\n                        <\/div>\n\n                            <\/div>\n        <\/div>\n\n    <\/section>\n\n\n\n    <section class=\"section-promo-with-card-wrap\">\n        <div class=\"container\">\n                            <h2 class=\"font-lg\">Skapa dina egna exklusiva produkter med v\u00e5rt Private Label-program<\/h2>\n                        <div class=\"row\">\n                <div class=\"col-lg-6 text-center\">\n                    <img loading=\"lazy\" decoding=\"async\" width=\"836\" height=\"625\" src=\"https:\/\/ppfnordics.com\/wp-content\/uploads\/2025\/03\/create-exclusive-product.png\" class=\"attachment-full size-full\" alt=\"\" srcset=\"https:\/\/ppfnordics.com\/wp-content\/uploads\/2025\/03\/create-exclusive-product.png 836w, https:\/\/ppfnordics.com\/wp-content\/uploads\/2025\/03\/create-exclusive-product-300x224.png 300w, https:\/\/ppfnordics.com\/wp-content\/uploads\/2025\/03\/create-exclusive-product-768x574.png 768w\" sizes=\"auto, (max-width: 836px) 100vw, 836px\" \/>                <\/div>\n                <div class=\"col-lg-6\">\n                    <div class=\"content-wrap\">\n\n                                                    <h5>Med v\u00e5r Private Label-l\u00f6sning kan du skapa djurmat under ditt eget varum\u00e4rke, som uppfyller dina exakta krav p\u00e5 kvalitet och standard.<\/h5>\n<p>Sedan mitten av 90-talet har Partner in Pet Food Nordics AB erbjudit tillverkning av Private Label-produkter, \u00e4ven k\u00e4nda som EMV (Eget M\u00e4rke Varum\u00e4rke). Genom att v\u00e4lja v\u00e5r Private Label-tj\u00e4nst kan du vara trygg i att du f\u00e5r en premiumprodukt som b\u00e4r ditt eget varum\u00e4rkes namn. Vi samarbetar med dig f\u00f6r att utveckla och skapa en produktserie som uppfyller dina unika behov n\u00e4r det g\u00e4ller b\u00e5de kvalitet och tidsramar.<\/p>\n                                                                    <\/div>\n\n                <\/div>\n            <\/div>\n\n            \n\n        <\/div>\n\n    <\/section>\n\n\n\n    <section class=\"two-column-content-wrap \">\n        <div class=\"container\">\n            <div class=\"row gx-md-5\">\n                <div class=\"col-lg-6\">\n                                                                                                        <h2 class=\"font-md\">V\u00e5r Organisation<\/h2>\n                            \n                            <p><strong>Partner in Pet Food Nordics AB \u00e4r en framst\u00e5ende akt\u00f6r inom husdjursbranschen och \u00e4r \u00e4gda av CVC Capital Partners och Cinven och \u00e4r en del av PPF (Partner in Petfood).<\/strong>Vi bedriver v\u00e5ra verksamheter p\u00e5 inte mindre \u00e4n tjugo olika marknader runt om i v\u00e4rlden. Med v\u00e5r starka n\u00e4rvaro och engagemang str\u00e4cker vi oss l\u00e5ngt bortom svenska gr\u00e4nser<\/p>\n                                                            <a class=\"btn btn-primary\" href=\"https:\/\/ppfnordics.com\/se\/om-oss\/organisation\/\" target=\"_self\">L\u00e4s mer                                                                 <\/a>\n                                                                                        <\/div>\n                <div class=\"col-lg-6\">\n                                                                                                        <h2 class=\"font-md\">V\u00e5r Fabrik<\/h2>\n                                                        <p>V\u00e4lkommen till hj\u00e4rtat av Partner in Pet Food Nordics AB i V\u00e5rg\u00e5rda, d\u00e4r v\u00e5r fabrik och huvudkontor \u00e4r bel\u00e4gna. Det \u00e4r h\u00e4r v\u00e5r passion f\u00f6r svensk djurmat av h\u00f6gsta kvalitet tar form och blir verklighet.<\/p>\n                                                            <a class=\"btn btn-primary\" href=\"https:\/\/ppfnordics.com\/se\/om-oss\/var-fabrik\/\" target=\"_self\">L\u00e4s mer                                                                  <\/a>\n                                                                                        <\/div>\n            <\/div>\n                    <\/div>\n\n    <\/section>\n\n\n\n    <section class=\"card-list-wrap \">\n        <div class=\"container\">\n                        <div class=\"row\">\n                                        <div class=\"col-md-12\">\n                            <div class=\"card-thumb image text-center\">\n                                <img loading=\"lazy\" decoding=\"async\" width=\"1432\" height=\"838\" src=\"https:\/\/ppfnordics.com\/wp-content\/uploads\/2025\/02\/WidePromoBGImage.png\" class=\"attachment-full size-full\" alt=\"\" srcset=\"https:\/\/ppfnordics.com\/wp-content\/uploads\/2025\/02\/WidePromoBGImage.png 1432w, https:\/\/ppfnordics.com\/wp-content\/uploads\/2025\/02\/WidePromoBGImage-300x176.png 300w, https:\/\/ppfnordics.com\/wp-content\/uploads\/2025\/02\/WidePromoBGImage-1024x599.png 1024w, https:\/\/ppfnordics.com\/wp-content\/uploads\/2025\/02\/WidePromoBGImage-768x449.png 768w\" sizes=\"auto, (max-width: 1432px) 100vw, 1432px\" \/><div class='overlay'><\/div>                                <div class=\"card-thumb-body\">\n                                                                            <h3>Att Skapa en H\u00e5llbar Framtid<\/h3>\n                                                                                                                <p>Vi v\u00e4rnar om v\u00e5rt ursprung, men ocks\u00e5 om v\u00e5r framtid och v\u00e5r planets v\u00e4lm\u00e5ende. Vi str\u00e4var efter att st\u00e4ndigt utmana oss sj\u00e4lva och bidra till en b\u00e4ttre v\u00e4rld, f\u00f6r b\u00e5de djur och natur.<\/p>\n                                                                                                                <a class=\"btn  btn-primary\" href=\"https:\/\/ppfnordics.com\/se\/hallbarhet\/\" target=\"_self\">Mer om h\u00e5llbarhet<\/a>\n                                                                    <\/div>\n\n                            <\/div>\n                        <\/div>\n\n                                        <div class=\"col-md-6\">\n                            <div class=\"card-thumb primary text-left\">\n                                                                <div class=\"card-thumb-body\">\n                                                                            <h3>Integritetspolicy<\/h3>\n                                                                                                                <p>Partner in Pet Food Nordics AB (\u201dDoggy\u201d), organisationsnummer 556055-5129, \u00e4r personuppgiftsansvarig f\u00f6r den behandling av personuppgifter som sker.<\/p>\n                                                                                                                <a class=\"btn  btn-secondary\" href=\"https:\/\/ppfnordics.com\/se\/integritetspolicy\/\" target=\"_self\">L\u00e4s mer<\/a>\n                                                                    <\/div>\n\n                            <\/div>\n                        <\/div>\n\n                                        <div class=\"col-md-6\">\n                            <div class=\"card-thumb dark text-left\">\n                                                                <div class=\"card-thumb-body\">\n                                                                            <h3>Reklamation<\/h3>\n                                                                                                                <p>Vill du reklamera en produkt? V\u00e4nligen fyll i formul\u00e4ret nedan. Vi \u00e5terkommer vanligen inom 2 dagar.<\/p>\n                                                                                                                <a class=\"btn  btn-primary\" href=\"https:\/\/ppfnordics.com\/se\/om-oss\/reklamation\/\" target=\"_self\">Reklamationsformul\u00e4r<\/a>\n                                                                    <\/div>\n\n                            <\/div>\n                        <\/div>\n\n                            <\/div>\n        <\/div>\n\n    <\/section>\n\n","protected":false},"excerpt":{"rendered":"","protected":false},"author":1,"featured_media":0,"parent":0,"menu_order":0,"comment_status":"closed","ping_status":"closed","template":"guternberg.php","meta":{"footnotes":""},"class_list":["post-629","page","type-page","status-publish","hentry"],"acf":[],"yoast_head":"<!-- This site is optimized with the Yoast SEO plugin v21.0 - https:\/\/yoast.com\/wordpress\/plugins\/seo\/ -->\n<title>OM OSS | PPF Nordics AB<\/title>\n<meta name=\"robots\" content=\"index, follow, max-snippet:-1, max-image-preview:large, max-video-preview:-1\" \/>\n<link rel=\"canonical\" href=\"https:\/\/ppfnordics.com\/se\/om-oss\/\" \/>\n<meta property=\"og:locale\" content=\"en_US\" \/>\n<meta property=\"og:type\" content=\"article\" \/>\n<meta property=\"og:title\" content=\"OM OSS | PPF Nordics AB\" \/>\n<meta property=\"og:url\" content=\"https:\/\/ppfnordics.com\/se\/om-oss\/\" \/>\n<meta property=\"og:site_name\" content=\"PPF Nordics AB\" \/>\n<meta property=\"article:modified_time\" content=\"2025-11-08T15:22:32+00:00\" \/>\n<meta name=\"twitter:card\" content=\"summary_large_image\" \/>\n<script type=\"application\/ld+json\" class=\"yoast-schema-graph\">{\"@context\":\"https:\/\/schema.org\",\"@graph\":[{\"@type\":\"WebPage\",\"@id\":\"https:\/\/ppfnordics.com\/se\/om-oss\/\",\"url\":\"https:\/\/ppfnordics.com\/se\/om-oss\/\",\"name\":\"OM OSS | PPF Nordics AB\",\"isPartOf\":{\"@id\":\"https:\/\/ppfnordics.com\/se\/#website\"},\"datePublished\":\"2023-08-03T10:54:07+00:00\",\"dateModified\":\"2025-11-08T15:22:32+00:00\",\"breadcrumb\":{\"@id\":\"https:\/\/ppfnordics.com\/se\/om-oss\/#breadcrumb\"},\"inLanguage\":\"se-SE\",\"potentialAction\":[{\"@type\":\"ReadAction\",\"target\":[\"https:\/\/ppfnordics.com\/se\/om-oss\/\"]}]},{\"@type\":\"BreadcrumbList\",\"@id\":\"https:\/\/ppfnordics.com\/se\/om-oss\/#breadcrumb\",\"itemListElement\":[{\"@type\":\"ListItem\",\"position\":1,\"name\":\"Home\",\"item\":\"https:\/\/ppfnordics.com\/se\/\"},{\"@type\":\"ListItem\",\"position\":2,\"name\":\"OM OSS\"}]},{\"@type\":\"WebSite\",\"@id\":\"https:\/\/ppfnordics.com\/se\/#website\",\"url\":\"https:\/\/ppfnordics.com\/se\/\",\"name\":\"PPF Nordics AB\",\"description\":\"\",\"publisher\":{\"@id\":\"https:\/\/ppfnordics.com\/se\/#organization\"},\"potentialAction\":[{\"@type\":\"SearchAction\",\"target\":{\"@type\":\"EntryPoint\",\"urlTemplate\":\"https:\/\/ppfnordics.com\/se\/?s={search_term_string}\"},\"query-input\":\"required name=search_term_string\"}],\"inLanguage\":\"se-SE\"},{\"@type\":\"Organization\",\"@id\":\"https:\/\/ppfnordics.com\/se\/#organization\",\"name\":\"PPF Nordics AB\",\"url\":\"https:\/\/ppfnordics.com\/se\/\",\"logo\":{\"@type\":\"ImageObject\",\"inLanguage\":\"se-SE\",\"@id\":\"https:\/\/ppfnordics.com\/se\/#\/schema\/logo\/image\/\",\"url\":\"https:\/\/ppfnordics.com\/wp-content\/uploads\/2025\/02\/Nav_PPF_Logo.svg\",\"contentUrl\":\"https:\/\/ppfnordics.com\/wp-content\/uploads\/2025\/02\/Nav_PPF_Logo.svg\",\"caption\":\"PPF Nordics AB\"},\"image\":{\"@id\":\"https:\/\/ppfnordics.com\/se\/#\/schema\/logo\/image\/\"}}]}<\/script>\n<!-- \/ Yoast SEO plugin. -->","yoast_head_json":{"title":"OM OSS | PPF Nordics AB","robots":{"index":"index","follow":"follow","max-snippet":"max-snippet:-1","max-image-preview":"max-image-preview:large","max-video-preview":"max-video-preview:-1"},"canonical":"https:\/\/ppfnordics.com\/se\/om-oss\/","og_locale":"en_US","og_type":"article","og_title":"OM OSS | PPF Nordics AB","og_url":"https:\/\/ppfnordics.com\/se\/om-oss\/","og_site_name":"PPF Nordics AB","article_modified_time":"2025-11-08T15:22:32+00:00","twitter_card":"summary_large_image","schema":{"@context":"https:\/\/schema.org","@graph":[{"@type":"WebPage","@id":"https:\/\/ppfnordics.com\/se\/om-oss\/","url":"https:\/\/ppfnordics.com\/se\/om-oss\/","name":"OM OSS | PPF Nordics AB","isPartOf":{"@id":"https:\/\/ppfnordics.com\/se\/#website"},"datePublished":"2023-08-03T10:54:07+00:00","dateModified":"2025-11-08T15:22:32+00:00","breadcrumb":{"@id":"https:\/\/ppfnordics.com\/se\/om-oss\/#breadcrumb"},"inLanguage":"se-SE","potentialAction":[{"@type":"ReadAction","target":["https:\/\/ppfnordics.com\/se\/om-oss\/"]}]},{"@type":"BreadcrumbList","@id":"https:\/\/ppfnordics.com\/se\/om-oss\/#breadcrumb","itemListElement":[{"@type":"ListItem","position":1,"name":"Home","item":"https:\/\/ppfnordics.com\/se\/"},{"@type":"ListItem","position":2,"name":"OM OSS"}]},{"@type":"WebSite","@id":"https:\/\/ppfnordics.com\/se\/#website","url":"https:\/\/ppfnordics.com\/se\/","name":"PPF Nordics AB","description":"","publisher":{"@id":"https:\/\/ppfnordics.com\/se\/#organization"},"potentialAction":[{"@type":"SearchAction","target":{"@type":"EntryPoint","urlTemplate":"https:\/\/ppfnordics.com\/se\/?s={search_term_string}"},"query-input":"required name=search_term_string"}],"inLanguage":"se-SE"},{"@type":"Organization","@id":"https:\/\/ppfnordics.com\/se\/#organization","name":"PPF Nordics AB","url":"https:\/\/ppfnordics.com\/se\/","logo":{"@type":"ImageObject","inLanguage":"se-SE","@id":"https:\/\/ppfnordics.com\/se\/#\/schema\/logo\/image\/","url":"https:\/\/ppfnordics.com\/wp-content\/uploads\/2025\/02\/Nav_PPF_Logo.svg","contentUrl":"https:\/\/ppfnordics.com\/wp-content\/uploads\/2025\/02\/Nav_PPF_Logo.svg","caption":"PPF Nordics AB"},"image":{"@id":"https:\/\/ppfnordics.com\/se\/#\/schema\/logo\/image\/"}}]}},"_links":{"self":[{"href":"https:\/\/ppfnordics.com\/se\/wp-json\/wp\/v2\/pages\/629","targetHints":{"allow":["GET"]}}],"collection":[{"href":"https:\/\/ppfnordics.com\/se\/wp-json\/wp\/v2\/pages"}],"about":[{"href":"https:\/\/ppfnordics.com\/se\/wp-json\/wp\/v2\/types\/page"}],"author":[{"embeddable":true,"href":"https:\/\/ppfnordics.com\/se\/wp-json\/wp\/v2\/users\/1"}],"replies":[{"embeddable":true,"href":"https:\/\/ppfnordics.com\/se\/wp-json\/wp\/v2\/comments?post=629"}],"version-history":[{"count":82,"href":"https:\/\/ppfnordics.com\/se\/wp-json\/wp\/v2\/pages\/629\/revisions"}],"predecessor-version":[{"id":4552,"href":"https:\/\/ppfnordics.com\/se\/wp-json\/wp\/v2\/pages\/629\/revisions\/4552"}],"wp:attachment":[{"href":"https:\/\/ppfnordics.com\/se\/wp-json\/wp\/v2\/media?parent=629"}],"curies":[{"name":"wp","href":"https:\/\/api.w.org\/{rel}","templated":true}]}}