{"id":637,"date":"2023-08-04T06:38:13","date_gmt":"2023-08-04T06:38:13","guid":{"rendered":"https:\/\/ppfnordics.com\/om-oss\/var-fabrik\/"},"modified":"2025-04-01T10:06:34","modified_gmt":"2025-04-01T10:06:34","slug":"var-fabrik","status":"publish","type":"page","link":"https:\/\/ppfnordics.com\/se\/om-oss\/var-fabrik\/","title":{"rendered":"V\u00c5R FABRIK"},"content":{"rendered":"    <section class=\"sub-page-hero-wrap\">\n        <img loading=\"lazy\" decoding=\"async\" width=\"2048\" height=\"1148\" src=\"https:\/\/ppfnordics.com\/wp-content\/uploads\/2025\/04\/our-factory-heroimage.jpeg\" class=\"background-image\" alt=\"\" srcset=\"https:\/\/ppfnordics.com\/wp-content\/uploads\/2025\/04\/our-factory-heroimage.jpeg 2048w, https:\/\/ppfnordics.com\/wp-content\/uploads\/2025\/04\/our-factory-heroimage-300x168.jpeg 300w, https:\/\/ppfnordics.com\/wp-content\/uploads\/2025\/04\/our-factory-heroimage-1024x574.jpeg 1024w, https:\/\/ppfnordics.com\/wp-content\/uploads\/2025\/04\/our-factory-heroimage-768x431.jpeg 768w, https:\/\/ppfnordics.com\/wp-content\/uploads\/2025\/04\/our-factory-heroimage-1536x861.jpeg 1536w\" sizes=\"auto, (max-width: 2048px) 100vw, 2048px\" \/>        <div class=\"overlay\">\n            <div class=\"container\">\n                                                    <h5 class=\"font-sm-alt\">V\u00e5r Fabrik<\/h5>\n                                                                            <h1 class=\"font-xxl\">Fabriken i V\u00e5rg\u00e5rda \u2013 d\u00e4r magin h\u00e4nder <\/h1>\n                                                                         \n\n            <\/div>\n\n        <\/div>\n\n    <\/section>\n\n\n\n    <section class=\"offset-content-wrap \">\n\n        <div class=\"container\">\n                            <h5>V\u00e4lkommen till hj\u00e4rtat av Partner in Pet Food Nordics AB i V\u00e5rg\u00e5rda, d\u00e4r v\u00e5r fabrik och huvudkontor \u00e4r bel\u00e4gna. Det \u00e4r h\u00e4r v\u00e5r passion f\u00f6r svensk djurmat av h\u00f6gsta kvalitet tar form och blir verklighet.<\/h5>\n<h3>En hub f\u00f6r innovation och kvalitet<\/h3>\n<p>I v\u00e5ra lokaler kombinerar vi tillverkning, produktutveckling, kvalitetss\u00e4kring och lagring av v\u00e5ra produkter. H\u00e4r samlas all den kunskap och expertis som kr\u00e4vs f\u00f6r att skapa den b\u00e4sta m\u00f6jliga maten f\u00f6r v\u00e5ra fyrbenta v\u00e4nner. V\u00e5r breda kompetens str\u00e4cker sig fr\u00e5n logistik till produktutveckling och vi delar g\u00e4rna med oss av v\u00e5r kunskap till v\u00e5ra kunder och samarbetspartners.<\/p>\n<h3>Anl\u00e4ggningar f\u00f6r torrfoder och v\u00e5tfoder<\/h3>\n<p>I v\u00e5r fabrik finns tre separata anl\u00e4ggningar, en dedikerad till torrfoder och tv\u00e5 f\u00f6r v\u00e5tfoder (konserv\/tetra och pouch). H\u00e4r arbetar v\u00e5ra engagerade medarbetare, sammanlagt omkring 120 personer, fem till sju dagar i veckan, i flera skift. Tillsammans tillverkar vi imponerande 54 000 ton (2024) djurfoder varje \u00e5r!<\/p>\n<p class=\"full-width\"><img loading=\"lazy\" decoding=\"async\" class=\"aligncenter wp-image-3970 size-full\" src=\"https:\/\/ppfnordics.com\/wp-content\/uploads\/2025\/03\/our-facilities.png\" alt=\"\" width=\"1420\" height=\"946\" srcset=\"https:\/\/ppfnordics.com\/wp-content\/uploads\/2025\/03\/our-facilities.png 1420w, https:\/\/ppfnordics.com\/wp-content\/uploads\/2025\/03\/our-facilities-300x200.png 300w, https:\/\/ppfnordics.com\/wp-content\/uploads\/2025\/03\/our-facilities-1024x682.png 1024w, https:\/\/ppfnordics.com\/wp-content\/uploads\/2025\/03\/our-facilities-768x512.png 768w\" sizes=\"auto, (max-width: 1420px) 100vw, 1420px\" \/><\/p>\n<h3>Kvalitet genom hela processen<\/h3>\n<p>Genom att ha torrfoderproduktion och v\u00e5tfoderproduktion intill varandra kan vi s\u00e4kerst\u00e4lla att r\u00e5varorna h\u00e5lls s\u00e5 f\u00e4rska som m\u00f6jligt genom hela tillverkningsprocessen. F\u00e4rska animaliska r\u00e5varor fr\u00e5n v\u00e5tfoderprocessen anv\u00e4nds direkt i torrfoderproduktionen. P\u00e5 s\u00e5 s\u00e4tt garanterar vi att varje hund och katt f\u00e5r avnjuta en oemotst\u00e5ndligt smakrik m\u00e5ltid vid servering.<\/p>\n<h3>Direkt fr\u00e5n b\u00f6nderna till sk\u00e5len<\/h3>\n<p>Vi tillagar v\u00e5rt foder med omsorg och anv\u00e4nder fr\u00e4mst naturliga r\u00e5varor av h\u00f6gsta kvalitet. M\u00e5nga av v\u00e5ra ingredienser kommer direkt fr\u00e5n svenska b\u00f6nder varje morgon. Dessa b\u00f6nder f\u00f6ljer v\u00e4rldens str\u00e4ngaste djurh\u00e5llningslagar och anv\u00e4nder minimala m\u00e4ngder kemikalier, vilket resulterar i en o\u00f6vertr\u00e4ffad kvalitet utan hormoner, antibiotika eller syntetiska tillsatser.<\/p>\n                                        <div class=\"media-card\">\n                    <div class=\"row gx-0\">\n                        <div class=\"col-lg-6\">\n                            <figure><img loading=\"lazy\" decoding=\"async\" width=\"924\" height=\"520\" src=\"https:\/\/ppfnordics.com\/wp-content\/uploads\/2025\/02\/FotoDoggy-fabriken.png\" class=\"attachment-full size-full\" alt=\"\" srcset=\"https:\/\/ppfnordics.com\/wp-content\/uploads\/2025\/02\/FotoDoggy-fabriken.png 924w, https:\/\/ppfnordics.com\/wp-content\/uploads\/2025\/02\/FotoDoggy-fabriken-300x169.png 300w, https:\/\/ppfnordics.com\/wp-content\/uploads\/2025\/02\/FotoDoggy-fabriken-768x432.png 768w\" sizes=\"auto, (max-width: 924px) 100vw, 924px\" \/><\/figure>                        <\/div>\n                        <div class=\"col-lg-6\">\n                            <div class=\"content\">\n                                                                <h2>Fabriken i V\u00e5rg\u00e5rda i siffror<\/h2>\n                                                                                                    <p>V\u00e4lkommen till v\u00e5r fantastiska fabrik i V\u00e5rg\u00e5rda, d\u00e4r magin skapas och v\u00e5rt engagemang f\u00f6r v\u00e5ra fyrbenta v\u00e4nner f\u00f6rverkligas varje dag.<\/p>\n<ul>\n<li>Yta f\u00f6r torrproduktion: 6 300 kvm<\/li>\n<li>\u00a0Yta f\u00f6r v\u00e5tproduktion: 4 700 kvm<\/li>\n<li>Total produktionsyta: 11 000 kvm<\/li>\n<li>\u00c5rlig produktion: 54 000 ton (2024)<\/li>\n<\/ul>\n                                                            <\/div>\n                        <\/div>\n                    <\/div>\n                <\/div>\n            \n        <\/div>\n    <\/section>\n\n","protected":false},"excerpt":{"rendered":"","protected":false},"author":1,"featured_media":0,"parent":629,"menu_order":0,"comment_status":"closed","ping_status":"closed","template":"guternberg.php","meta":{"footnotes":""},"class_list":["post-637","page","type-page","status-publish","hentry"],"acf":[],"yoast_head":"<!-- This site is optimized with the Yoast SEO plugin v21.0 - https:\/\/yoast.com\/wordpress\/plugins\/seo\/ -->\n<title>V\u00c5R FABRIK | PPF Nordics AB<\/title>\n<meta name=\"robots\" content=\"index, follow, max-snippet:-1, max-image-preview:large, max-video-preview:-1\" \/>\n<link rel=\"canonical\" href=\"https:\/\/ppfnordics.com\/se\/om-oss\/var-fabrik\/\" \/>\n<meta property=\"og:locale\" content=\"en_US\" \/>\n<meta property=\"og:type\" content=\"article\" \/>\n<meta property=\"og:title\" content=\"V\u00c5R FABRIK | PPF Nordics AB\" \/>\n<meta property=\"og:url\" content=\"https:\/\/ppfnordics.com\/se\/om-oss\/var-fabrik\/\" \/>\n<meta property=\"og:site_name\" content=\"PPF Nordics AB\" \/>\n<meta property=\"article:modified_time\" content=\"2025-04-01T10:06:34+00:00\" \/>\n<meta name=\"twitter:card\" content=\"summary_large_image\" \/>\n<script type=\"application\/ld+json\" class=\"yoast-schema-graph\">{\"@context\":\"https:\/\/schema.org\",\"@graph\":[{\"@type\":\"WebPage\",\"@id\":\"https:\/\/ppfnordics.com\/se\/om-oss\/var-fabrik\/\",\"url\":\"https:\/\/ppfnordics.com\/se\/om-oss\/var-fabrik\/\",\"name\":\"V\u00c5R FABRIK | PPF Nordics AB\",\"isPartOf\":{\"@id\":\"https:\/\/ppfnordics.com\/se\/#website\"},\"datePublished\":\"2023-08-04T06:38:13+00:00\",\"dateModified\":\"2025-04-01T10:06:34+00:00\",\"breadcrumb\":{\"@id\":\"https:\/\/ppfnordics.com\/se\/om-oss\/var-fabrik\/#breadcrumb\"},\"inLanguage\":\"se-SE\",\"potentialAction\":[{\"@type\":\"ReadAction\",\"target\":[\"https:\/\/ppfnordics.com\/se\/om-oss\/var-fabrik\/\"]}]},{\"@type\":\"BreadcrumbList\",\"@id\":\"https:\/\/ppfnordics.com\/se\/om-oss\/var-fabrik\/#breadcrumb\",\"itemListElement\":[{\"@type\":\"ListItem\",\"position\":1,\"name\":\"Home\",\"item\":\"https:\/\/ppfnordics.com\/se\/\"},{\"@type\":\"ListItem\",\"position\":2,\"name\":\"OM OSS\",\"item\":\"https:\/\/ppfnordics.com\/se\/om-oss\/\"},{\"@type\":\"ListItem\",\"position\":3,\"name\":\"V\u00c5R FABRIK\"}]},{\"@type\":\"WebSite\",\"@id\":\"https:\/\/ppfnordics.com\/se\/#website\",\"url\":\"https:\/\/ppfnordics.com\/se\/\",\"name\":\"PPF Nordics AB\",\"description\":\"\",\"publisher\":{\"@id\":\"https:\/\/ppfnordics.com\/se\/#organization\"},\"potentialAction\":[{\"@type\":\"SearchAction\",\"target\":{\"@type\":\"EntryPoint\",\"urlTemplate\":\"https:\/\/ppfnordics.com\/se\/?s={search_term_string}\"},\"query-input\":\"required name=search_term_string\"}],\"inLanguage\":\"se-SE\"},{\"@type\":\"Organization\",\"@id\":\"https:\/\/ppfnordics.com\/se\/#organization\",\"name\":\"PPF Nordics AB\",\"url\":\"https:\/\/ppfnordics.com\/se\/\",\"logo\":{\"@type\":\"ImageObject\",\"inLanguage\":\"se-SE\",\"@id\":\"https:\/\/ppfnordics.com\/se\/#\/schema\/logo\/image\/\",\"url\":\"https:\/\/ppfnordics.com\/wp-content\/uploads\/2025\/02\/Nav_PPF_Logo.svg\",\"contentUrl\":\"https:\/\/ppfnordics.com\/wp-content\/uploads\/2025\/02\/Nav_PPF_Logo.svg\",\"caption\":\"PPF Nordics AB\"},\"image\":{\"@id\":\"https:\/\/ppfnordics.com\/se\/#\/schema\/logo\/image\/\"}}]}<\/script>\n<!-- \/ Yoast SEO plugin. -->","yoast_head_json":{"title":"V\u00c5R FABRIK | PPF Nordics AB","robots":{"index":"index","follow":"follow","max-snippet":"max-snippet:-1","max-image-preview":"max-image-preview:large","max-video-preview":"max-video-preview:-1"},"canonical":"https:\/\/ppfnordics.com\/se\/om-oss\/var-fabrik\/","og_locale":"en_US","og_type":"article","og_title":"V\u00c5R FABRIK | PPF Nordics AB","og_url":"https:\/\/ppfnordics.com\/se\/om-oss\/var-fabrik\/","og_site_name":"PPF Nordics AB","article_modified_time":"2025-04-01T10:06:34+00:00","twitter_card":"summary_large_image","schema":{"@context":"https:\/\/schema.org","@graph":[{"@type":"WebPage","@id":"https:\/\/ppfnordics.com\/se\/om-oss\/var-fabrik\/","url":"https:\/\/ppfnordics.com\/se\/om-oss\/var-fabrik\/","name":"V\u00c5R FABRIK | PPF Nordics AB","isPartOf":{"@id":"https:\/\/ppfnordics.com\/se\/#website"},"datePublished":"2023-08-04T06:38:13+00:00","dateModified":"2025-04-01T10:06:34+00:00","breadcrumb":{"@id":"https:\/\/ppfnordics.com\/se\/om-oss\/var-fabrik\/#breadcrumb"},"inLanguage":"se-SE","potentialAction":[{"@type":"ReadAction","target":["https:\/\/ppfnordics.com\/se\/om-oss\/var-fabrik\/"]}]},{"@type":"BreadcrumbList","@id":"https:\/\/ppfnordics.com\/se\/om-oss\/var-fabrik\/#breadcrumb","itemListElement":[{"@type":"ListItem","position":1,"name":"Home","item":"https:\/\/ppfnordics.com\/se\/"},{"@type":"ListItem","position":2,"name":"OM OSS","item":"https:\/\/ppfnordics.com\/se\/om-oss\/"},{"@type":"ListItem","position":3,"name":"V\u00c5R FABRIK"}]},{"@type":"WebSite","@id":"https:\/\/ppfnordics.com\/se\/#website","url":"https:\/\/ppfnordics.com\/se\/","name":"PPF Nordics AB","description":"","publisher":{"@id":"https:\/\/ppfnordics.com\/se\/#organization"},"potentialAction":[{"@type":"SearchAction","target":{"@type":"EntryPoint","urlTemplate":"https:\/\/ppfnordics.com\/se\/?s={search_term_string}"},"query-input":"required name=search_term_string"}],"inLanguage":"se-SE"},{"@type":"Organization","@id":"https:\/\/ppfnordics.com\/se\/#organization","name":"PPF Nordics AB","url":"https:\/\/ppfnordics.com\/se\/","logo":{"@type":"ImageObject","inLanguage":"se-SE","@id":"https:\/\/ppfnordics.com\/se\/#\/schema\/logo\/image\/","url":"https:\/\/ppfnordics.com\/wp-content\/uploads\/2025\/02\/Nav_PPF_Logo.svg","contentUrl":"https:\/\/ppfnordics.com\/wp-content\/uploads\/2025\/02\/Nav_PPF_Logo.svg","caption":"PPF Nordics AB"},"image":{"@id":"https:\/\/ppfnordics.com\/se\/#\/schema\/logo\/image\/"}}]}},"_links":{"self":[{"href":"https:\/\/ppfnordics.com\/se\/wp-json\/wp\/v2\/pages\/637","targetHints":{"allow":["GET"]}}],"collection":[{"href":"https:\/\/ppfnordics.com\/se\/wp-json\/wp\/v2\/pages"}],"about":[{"href":"https:\/\/ppfnordics.com\/se\/wp-json\/wp\/v2\/types\/page"}],"author":[{"embeddable":true,"href":"https:\/\/ppfnordics.com\/se\/wp-json\/wp\/v2\/users\/1"}],"replies":[{"embeddable":true,"href":"https:\/\/ppfnordics.com\/se\/wp-json\/wp\/v2\/comments?post=637"}],"version-history":[{"count":108,"href":"https:\/\/ppfnordics.com\/se\/wp-json\/wp\/v2\/pages\/637\/revisions"}],"predecessor-version":[{"id":4416,"href":"https:\/\/ppfnordics.com\/se\/wp-json\/wp\/v2\/pages\/637\/revisions\/4416"}],"up":[{"embeddable":true,"href":"https:\/\/ppfnordics.com\/se\/wp-json\/wp\/v2\/pages\/629"}],"wp:attachment":[{"href":"https:\/\/ppfnordics.com\/se\/wp-json\/wp\/v2\/media?parent=637"}],"curies":[{"name":"wp","href":"https:\/\/api.w.org\/{rel}","templated":true}]}}