{"id":639,"date":"2023-08-03T11:32:43","date_gmt":"2023-08-03T11:32:43","guid":{"rendered":"https:\/\/ppfnordics.com\/om-oss\/var-historia\/"},"modified":"2025-03-10T10:33:25","modified_gmt":"2025-03-10T10:33:25","slug":"historia","status":"publish","type":"page","link":"https:\/\/ppfnordics.com\/se\/om-oss\/historia\/","title":{"rendered":"V\u00c5R HISTORIA"},"content":{"rendered":"    <section class=\"sub-page-hero-wrap\">\n        <img loading=\"lazy\" decoding=\"async\" width=\"1920\" height=\"1924\" src=\"https:\/\/ppfnordics.com\/wp-content\/uploads\/2025\/03\/our-history.jpg\" class=\"background-image\" alt=\"\" srcset=\"https:\/\/ppfnordics.com\/wp-content\/uploads\/2025\/03\/our-history.jpg 1920w, https:\/\/ppfnordics.com\/wp-content\/uploads\/2025\/03\/our-history-300x300.jpg 300w, https:\/\/ppfnordics.com\/wp-content\/uploads\/2025\/03\/our-history-1022x1024.jpg 1022w, https:\/\/ppfnordics.com\/wp-content\/uploads\/2025\/03\/our-history-150x150.jpg 150w, https:\/\/ppfnordics.com\/wp-content\/uploads\/2025\/03\/our-history-768x770.jpg 768w, https:\/\/ppfnordics.com\/wp-content\/uploads\/2025\/03\/our-history-1533x1536.jpg 1533w\" sizes=\"auto, (max-width: 1920px) 100vw, 1920px\" \/>        <div class=\"overlay\">\n            <div class=\"container\">\n                                                    <h5 class=\"font-sm-alt\">V\u00e5r historia<\/h5>\n                                                                            <h1 class=\"font-xxl\">Det var en g\u00e5ng\u2026 <\/h1>\n                                                                         \n\n            <\/div>\n\n        <\/div>\n\n    <\/section>\n\n\n\n    <section class=\"offset-content-wrap \">\n\n        <div class=\"container\">\n                            <h5>V\u00e5r historia tar sin b\u00f6rjan p\u00e5 en dimmig dag i mitten av 1800-talet, n\u00e4r en ung och \u00e4ventyrlig sj\u00e4l vid namn Aron Heyman kliver av t\u00e5get vid V\u00e5rg\u00e5rda station. Han k\u00e4nner pulsen av m\u00f6jligheter som sv\u00e4var i luften n\u00e4r han betraktar den b\u00f6rdiga V\u00e4stg\u00f6tasl\u00e4tten. Det \u00e4r h\u00e4r, p\u00e5 denna or\u00f6rda mark, som Arons vision ska ta form och f\u00f6r\u00e4ndra husdjursv\u00e4rlden f\u00f6r alltid.<\/h5>\n<p>\u00c5r 1871, med beslutsamhet som brinner i hans \u00f6gon, grundar Aron en havregrynskvarn. Han ser inte bara en m\u00f6jlighet att mala naturens g\u00e5vor till n\u00e4ringsrika havregryn, utan ocks\u00e5 att ta vara p\u00e5 varje skiftning och skrapa av spillet fr\u00e5n kvarnen. Det \u00e4r denna respekt f\u00f6r resurserna som kommer att bli startpunkten f\u00f6r n\u00e5got extraordin\u00e4rt.<\/p>\n<p>En resa till Skottland blir \u00f6gonblicket d\u00e5 Arons v\u00e4rld vidgas. Han blir f\u00f6r\u00e4lskad i den skotska konsten att \u00e5ngpreparera havregryn, vilket resulterar i ett underbart genombrott. Med sitt hj\u00e4rta fyllt av innovation och en ovilja att kompromissa, presenterar han v\u00e4rlden f\u00f6r V\u00e5rg\u00e5rda Hundmj\u00f6l \u00e5r 1903 &#8211; v\u00e5rt allra f\u00f6rsta hundfoder. Det var b\u00f6rjan p\u00e5 en resa som skulle f\u00f6r\u00e4ndra m\u00e4nniskors och djurs liv f\u00f6r alltid.<\/p>\n<p class=\"full-width\" style=\"text-align: center;\"><img loading=\"lazy\" decoding=\"async\" class=\"alignnone wp-image-3953 size-medium\" src=\"https:\/\/ppfnordics.com\/wp-content\/uploads\/2025\/03\/BREVBaRARE-298x300.jpg\" alt=\"\" width=\"298\" height=\"300\" srcset=\"https:\/\/ppfnordics.com\/wp-content\/uploads\/2025\/03\/BREVBaRARE-298x300.jpg 298w, https:\/\/ppfnordics.com\/wp-content\/uploads\/2025\/03\/BREVBaRARE-150x150.jpg 150w, https:\/\/ppfnordics.com\/wp-content\/uploads\/2025\/03\/BREVBaRARE.jpg 700w\" sizes=\"auto, (max-width: 298px) 100vw, 298px\" \/> <img loading=\"lazy\" decoding=\"async\" class=\"alignnone size-medium wp-image-284\" src=\"http:\/\/doggyab.midnightmachines.io\/wp-content\/uploads\/2023\/08\/Doggy-Hundfoder-fabrik-300x197.png\" alt=\"\" width=\"300\" height=\"197\" srcset=\"https:\/\/ppfnordics.com\/wp-content\/uploads\/2023\/08\/Doggy-Hundfoder-fabrik-300x197.png 300w, https:\/\/ppfnordics.com\/wp-content\/uploads\/2023\/08\/Doggy-Hundfoder-fabrik-768x503.png 768w, https:\/\/ppfnordics.com\/wp-content\/uploads\/2023\/08\/Doggy-Hundfoder-fabrik.png 977w\" sizes=\"auto, (max-width: 300px) 100vw, 300px\" \/><\/p>\n<p>Genom \u00e5rtiondena har Arons vision och id\u00e9er f\u00f6rvaltats och f\u00f6r\u00e4dlats av fyra generationer Heyman. Varje generation har sk\u00e4nkt sin k\u00e4rlek och h\u00e4ngivenhet till f\u00f6retaget, vilket har pr\u00e4glat Doggy ABs DNA \u00e4nda sedan dess. Nu, mer \u00e4n ett och ett halvt sekel senare, forts\u00e4tter vi att st\u00e5 stadigt p\u00e5 v\u00e5r grund &#8211; att erbjuda hund- och kattmat av absolut h\u00f6gsta kvalitet.<\/p>\n<p>V\u00e5r historia \u00e4r en levande ber\u00e4ttelse som genomsyras av passion och str\u00e4van efter excellens. Vi tar med oss Arons mod och pionj\u00e4rsanda in i framtiden, d\u00e4r vi aldrig n\u00f6jer oss med mindre \u00e4n det allra b\u00e4sta. V\u00e5ra fyrbenta v\u00e4nner f\u00f6rtj\u00e4nar inget annat \u00e4n det finaste, och det \u00e4r v\u00e5r \u00e4ra och gl\u00e4dje att skapa produkter som lever upp till den h\u00f6gsta standarden.<\/p>\n                        \n        <\/div>\n    <\/section>\n\n\n\n    <section class=\"video-only-block\">\n        <div class=\"container\">\n            <div class=\"video-wrap\">\n                                    <video id=\"my-video-1630\" class=\"video-js vjs-default-skin vjs-16-9 vjs-nofull\"\n                           playsinline controls preload=\"auto\" poster=\"https:\/\/ppfnordics.com\/wp-content\/uploads\/2023\/08\/Video_BGImage-2.png\">\n                        <source src=\"https:\/\/ppfnordics.com\/wp-content\/uploads\/2023\/08\/Bozita-History.mp4\" type=\"video\/mp4\"\/>\n                    <\/video>\n                                <\/div>\n        <\/div>\n    <\/section>\n\n    <script>\n        \/\/ Global array to store video IDs and button texts\n        var videos = videos || [];\n\n        \/\/ Function to add video data to the array\n        function addVideoData(uniqid, buttonText) {\n            videos.push({id: uniqid, text: buttonText});\n        }\n\n        \/\/ Add video data to the array\n        document.addEventListener('DOMContentLoaded', function () {\n            addVideoData('my-video-1630', 'Spela Video');\n        });\n\n        function initializeVideos() {\n            videos.forEach(function (video) {\n                var player = videojs(video.id);\n                player.ready(function () {\n                    var playButton = player.controlBar.playToggle.el().querySelector('.vjs-icon-placeholder');\n                    if (playButton) {\n                        playButton.innerHTML = '<span class=\"vjs-icon-placeholder\"><\/span> ' + video.text;\n                    }\n\n                    \/\/ Add custom styles for each video\n                    var style = document.createElement('style');\n                    style.innerHTML = `\n                        #${video.id} .vjs-big-play-button .vjs-icon-placeholder:before {\n                            content: \"\\\\f101\"; \/* Unicode for play icon *\/\n                        }\n                        #${video.id} .vjs-big-play-button .vjs-icon-placeholder:after {\n                            content: \" ${video.text}\";\n                        }\n                    `;\n                    document.head.appendChild(style);\n                });\n            });\n        }\n\n        \/\/ Call initializeVideos after the DOM is fully loaded\n        document.addEventListener('DOMContentLoaded', function () {\n            initializeVideos();\n        });\n\n    <\/script>\n\n\n","protected":false},"excerpt":{"rendered":"","protected":false},"author":1,"featured_media":0,"parent":629,"menu_order":0,"comment_status":"closed","ping_status":"closed","template":"guternberg.php","meta":{"footnotes":""},"class_list":["post-639","page","type-page","status-publish","hentry"],"acf":[],"yoast_head":"<!-- This site is optimized with the Yoast SEO plugin v21.0 - https:\/\/yoast.com\/wordpress\/plugins\/seo\/ -->\n<title>V\u00c5R HISTORIA | PPF Nordics AB<\/title>\n<meta name=\"robots\" content=\"index, follow, max-snippet:-1, max-image-preview:large, max-video-preview:-1\" \/>\n<link rel=\"canonical\" href=\"https:\/\/ppfnordics.com\/se\/om-oss\/historia\/\" \/>\n<meta property=\"og:locale\" content=\"en_US\" \/>\n<meta property=\"og:type\" content=\"article\" \/>\n<meta property=\"og:title\" content=\"V\u00c5R HISTORIA | PPF Nordics AB\" \/>\n<meta property=\"og:url\" content=\"https:\/\/ppfnordics.com\/se\/om-oss\/historia\/\" \/>\n<meta property=\"og:site_name\" content=\"PPF Nordics AB\" \/>\n<meta property=\"article:modified_time\" content=\"2025-03-10T10:33:25+00:00\" \/>\n<meta name=\"twitter:card\" content=\"summary_large_image\" \/>\n<script type=\"application\/ld+json\" class=\"yoast-schema-graph\">{\"@context\":\"https:\/\/schema.org\",\"@graph\":[{\"@type\":\"WebPage\",\"@id\":\"https:\/\/ppfnordics.com\/se\/om-oss\/historia\/\",\"url\":\"https:\/\/ppfnordics.com\/se\/om-oss\/historia\/\",\"name\":\"V\u00c5R HISTORIA | PPF Nordics AB\",\"isPartOf\":{\"@id\":\"https:\/\/ppfnordics.com\/se\/#website\"},\"datePublished\":\"2023-08-03T11:32:43+00:00\",\"dateModified\":\"2025-03-10T10:33:25+00:00\",\"breadcrumb\":{\"@id\":\"https:\/\/ppfnordics.com\/se\/om-oss\/historia\/#breadcrumb\"},\"inLanguage\":\"se-SE\",\"potentialAction\":[{\"@type\":\"ReadAction\",\"target\":[\"https:\/\/ppfnordics.com\/se\/om-oss\/historia\/\"]}]},{\"@type\":\"BreadcrumbList\",\"@id\":\"https:\/\/ppfnordics.com\/se\/om-oss\/historia\/#breadcrumb\",\"itemListElement\":[{\"@type\":\"ListItem\",\"position\":1,\"name\":\"Home\",\"item\":\"https:\/\/ppfnordics.com\/se\/\"},{\"@type\":\"ListItem\",\"position\":2,\"name\":\"OM OSS\",\"item\":\"https:\/\/ppfnordics.com\/se\/om-oss\/\"},{\"@type\":\"ListItem\",\"position\":3,\"name\":\"V\u00c5R HISTORIA\"}]},{\"@type\":\"WebSite\",\"@id\":\"https:\/\/ppfnordics.com\/se\/#website\",\"url\":\"https:\/\/ppfnordics.com\/se\/\",\"name\":\"PPF Nordics AB\",\"description\":\"\",\"publisher\":{\"@id\":\"https:\/\/ppfnordics.com\/se\/#organization\"},\"potentialAction\":[{\"@type\":\"SearchAction\",\"target\":{\"@type\":\"EntryPoint\",\"urlTemplate\":\"https:\/\/ppfnordics.com\/se\/?s={search_term_string}\"},\"query-input\":\"required name=search_term_string\"}],\"inLanguage\":\"se-SE\"},{\"@type\":\"Organization\",\"@id\":\"https:\/\/ppfnordics.com\/se\/#organization\",\"name\":\"PPF Nordics AB\",\"url\":\"https:\/\/ppfnordics.com\/se\/\",\"logo\":{\"@type\":\"ImageObject\",\"inLanguage\":\"se-SE\",\"@id\":\"https:\/\/ppfnordics.com\/se\/#\/schema\/logo\/image\/\",\"url\":\"https:\/\/ppfnordics.com\/wp-content\/uploads\/2025\/02\/Nav_PPF_Logo.svg\",\"contentUrl\":\"https:\/\/ppfnordics.com\/wp-content\/uploads\/2025\/02\/Nav_PPF_Logo.svg\",\"caption\":\"PPF Nordics AB\"},\"image\":{\"@id\":\"https:\/\/ppfnordics.com\/se\/#\/schema\/logo\/image\/\"}}]}<\/script>\n<!-- \/ Yoast SEO plugin. -->","yoast_head_json":{"title":"V\u00c5R HISTORIA | PPF Nordics AB","robots":{"index":"index","follow":"follow","max-snippet":"max-snippet:-1","max-image-preview":"max-image-preview:large","max-video-preview":"max-video-preview:-1"},"canonical":"https:\/\/ppfnordics.com\/se\/om-oss\/historia\/","og_locale":"en_US","og_type":"article","og_title":"V\u00c5R HISTORIA | PPF Nordics AB","og_url":"https:\/\/ppfnordics.com\/se\/om-oss\/historia\/","og_site_name":"PPF Nordics AB","article_modified_time":"2025-03-10T10:33:25+00:00","twitter_card":"summary_large_image","schema":{"@context":"https:\/\/schema.org","@graph":[{"@type":"WebPage","@id":"https:\/\/ppfnordics.com\/se\/om-oss\/historia\/","url":"https:\/\/ppfnordics.com\/se\/om-oss\/historia\/","name":"V\u00c5R HISTORIA | PPF Nordics AB","isPartOf":{"@id":"https:\/\/ppfnordics.com\/se\/#website"},"datePublished":"2023-08-03T11:32:43+00:00","dateModified":"2025-03-10T10:33:25+00:00","breadcrumb":{"@id":"https:\/\/ppfnordics.com\/se\/om-oss\/historia\/#breadcrumb"},"inLanguage":"se-SE","potentialAction":[{"@type":"ReadAction","target":["https:\/\/ppfnordics.com\/se\/om-oss\/historia\/"]}]},{"@type":"BreadcrumbList","@id":"https:\/\/ppfnordics.com\/se\/om-oss\/historia\/#breadcrumb","itemListElement":[{"@type":"ListItem","position":1,"name":"Home","item":"https:\/\/ppfnordics.com\/se\/"},{"@type":"ListItem","position":2,"name":"OM OSS","item":"https:\/\/ppfnordics.com\/se\/om-oss\/"},{"@type":"ListItem","position":3,"name":"V\u00c5R HISTORIA"}]},{"@type":"WebSite","@id":"https:\/\/ppfnordics.com\/se\/#website","url":"https:\/\/ppfnordics.com\/se\/","name":"PPF Nordics AB","description":"","publisher":{"@id":"https:\/\/ppfnordics.com\/se\/#organization"},"potentialAction":[{"@type":"SearchAction","target":{"@type":"EntryPoint","urlTemplate":"https:\/\/ppfnordics.com\/se\/?s={search_term_string}"},"query-input":"required name=search_term_string"}],"inLanguage":"se-SE"},{"@type":"Organization","@id":"https:\/\/ppfnordics.com\/se\/#organization","name":"PPF Nordics AB","url":"https:\/\/ppfnordics.com\/se\/","logo":{"@type":"ImageObject","inLanguage":"se-SE","@id":"https:\/\/ppfnordics.com\/se\/#\/schema\/logo\/image\/","url":"https:\/\/ppfnordics.com\/wp-content\/uploads\/2025\/02\/Nav_PPF_Logo.svg","contentUrl":"https:\/\/ppfnordics.com\/wp-content\/uploads\/2025\/02\/Nav_PPF_Logo.svg","caption":"PPF Nordics AB"},"image":{"@id":"https:\/\/ppfnordics.com\/se\/#\/schema\/logo\/image\/"}}]}},"_links":{"self":[{"href":"https:\/\/ppfnordics.com\/se\/wp-json\/wp\/v2\/pages\/639","targetHints":{"allow":["GET"]}}],"collection":[{"href":"https:\/\/ppfnordics.com\/se\/wp-json\/wp\/v2\/pages"}],"about":[{"href":"https:\/\/ppfnordics.com\/se\/wp-json\/wp\/v2\/types\/page"}],"author":[{"embeddable":true,"href":"https:\/\/ppfnordics.com\/se\/wp-json\/wp\/v2\/users\/1"}],"replies":[{"embeddable":true,"href":"https:\/\/ppfnordics.com\/se\/wp-json\/wp\/v2\/comments?post=639"}],"version-history":[{"count":23,"href":"https:\/\/ppfnordics.com\/se\/wp-json\/wp\/v2\/pages\/639\/revisions"}],"predecessor-version":[{"id":3961,"href":"https:\/\/ppfnordics.com\/se\/wp-json\/wp\/v2\/pages\/639\/revisions\/3961"}],"up":[{"embeddable":true,"href":"https:\/\/ppfnordics.com\/se\/wp-json\/wp\/v2\/pages\/629"}],"wp:attachment":[{"href":"https:\/\/ppfnordics.com\/se\/wp-json\/wp\/v2\/media?parent=639"}],"curies":[{"name":"wp","href":"https:\/\/api.w.org\/{rel}","templated":true}]}}