{"id":641,"date":"2023-08-03T12:09:26","date_gmt":"2023-08-03T12:09:26","guid":{"rendered":"https:\/\/ppfnordics.com\/om-oss\/var-organisation\/"},"modified":"2025-03-24T10:35:40","modified_gmt":"2025-03-24T10:35:40","slug":"organisation","status":"publish","type":"page","link":"https:\/\/ppfnordics.com\/se\/om-oss\/organisation\/","title":{"rendered":"V\u00e5r Organisation"},"content":{"rendered":"    <section class=\"sub-page-hero-wrap\">\n        <img loading=\"lazy\" decoding=\"async\" width=\"1920\" height=\"1280\" src=\"https:\/\/ppfnordics.com\/wp-content\/uploads\/2025\/03\/our-organization.png\" class=\"background-image\" alt=\"\" srcset=\"https:\/\/ppfnordics.com\/wp-content\/uploads\/2025\/03\/our-organization.png 1920w, https:\/\/ppfnordics.com\/wp-content\/uploads\/2025\/03\/our-organization-300x200.png 300w, https:\/\/ppfnordics.com\/wp-content\/uploads\/2025\/03\/our-organization-1024x683.png 1024w, https:\/\/ppfnordics.com\/wp-content\/uploads\/2025\/03\/our-organization-768x512.png 768w, https:\/\/ppfnordics.com\/wp-content\/uploads\/2025\/03\/our-organization-1536x1024.png 1536w\" sizes=\"auto, (max-width: 1920px) 100vw, 1920px\" \/>        <div class=\"overlay\">\n            <div class=\"container\">\n                                                    <h5 class=\"font-sm-alt\">V\u00e5r Organisation<\/h5>\n                                                                            <h1 class=\"font-xxl\">En v\u00e4xande organisation med \u00f6ver 200 dedikerade medarbetare <\/h1>\n                                                                         \n\n            <\/div>\n\n        <\/div>\n\n    <\/section>\n\n\n\n    <section class=\"offset-content-wrap \">\n\n        <div class=\"container\">\n                            <h5>Partner in Pet Food Nordics AB \u00e4r en framst\u00e5ende akt\u00f6r inom husdjursbranschen och \u00e4r \u00e4gda av CVC Capital Partners och Cinven och \u00e4r en del av PPF (Partner in Petfood).Vi bedriver v\u00e5ra verksamheter p\u00e5 inte mindre \u00e4n tjugo olika marknader runt om i v\u00e4rlden. Med v\u00e5r starka n\u00e4rvaro och engagemang str\u00e4cker vi oss l\u00e5ngt bortom svenska gr\u00e4nser.<\/h5>\n<p>Vi \u00e4r en v\u00e4xande organisation med \u00f6ver 200 dedikerade medarbetare, som arbetar tillsammans f\u00f6r att f\u00f6rverkliga v\u00e5r vision och leda branschen fram\u00e5t. Huvudkontoret f\u00f6r Partner in Pet Food Nordics AB ligger i V\u00e5rg\u00e5rda, en idyllisk plats bel\u00e4gen i hj\u00e4rtat av Sverige.<\/p>\n<p>&nbsp;<\/p>\n<p>Genom att anv\u00e4nda oss av b\u00e4sta m\u00f6jliga svenska r\u00e5varor och tillverkningsprocesser av h\u00f6gsta standard, str\u00e4var vi alltid efter att leverera produkter som uppfyller v\u00e5ra kunders f\u00f6rv\u00e4ntningar och \u00f6vertr\u00e4ffar deras behov.<\/p>\n<p><a href=\"https:\/\/ppfnordics.com\/wp-content\/uploads\/2025\/03\/PPF-Nordics-AB-Organisation-Graphic.svg\"><img decoding=\"async\" class=\"alignnone wp-image-4365 size-full\" src=\"https:\/\/ppfnordics.com\/wp-content\/uploads\/2025\/03\/PPF-Nordics-AB-Organisation-Graphic.svg\" alt=\"\" \/><\/a><\/p>\n<p>&nbsp;<\/p>\n                        \n        <\/div>\n    <\/section>\n\n\n\n    <section class=\"full-width-hero-wrap\">\n        <img loading=\"lazy\" decoding=\"async\" width=\"1920\" height=\"1129\" src=\"https:\/\/ppfnordics.com\/wp-content\/uploads\/2025\/03\/doggyab-love-and-care.png\" class=\"background-image\" alt=\"\" srcset=\"https:\/\/ppfnordics.com\/wp-content\/uploads\/2025\/03\/doggyab-love-and-care.png 1920w, https:\/\/ppfnordics.com\/wp-content\/uploads\/2025\/03\/doggyab-love-and-care-300x176.png 300w, https:\/\/ppfnordics.com\/wp-content\/uploads\/2025\/03\/doggyab-love-and-care-1024x602.png 1024w, https:\/\/ppfnordics.com\/wp-content\/uploads\/2025\/03\/doggyab-love-and-care-768x452.png 768w, https:\/\/ppfnordics.com\/wp-content\/uploads\/2025\/03\/doggyab-love-and-care-1536x903.png 1536w\" sizes=\"auto, (max-width: 1920px) 100vw, 1920px\" \/>        <div class=\"overlay\">\n            <div class=\"container\">\n                                                                            <h2 class=\"font-lg\">Tillsammans arbetar vi f\u00f6r att sprida k\u00e4rlek i varje matsk\u00e5l till varje hund och katt. <\/h1>\n                                                                                     <\/div>\n        <\/div>\n    <\/section>\n\n","protected":false},"excerpt":{"rendered":"","protected":false},"author":1,"featured_media":0,"parent":629,"menu_order":0,"comment_status":"closed","ping_status":"closed","template":"guternberg.php","meta":{"footnotes":""},"class_list":["post-641","page","type-page","status-publish","hentry"],"acf":[],"yoast_head":"<!-- This site is optimized with the Yoast SEO plugin v21.0 - https:\/\/yoast.com\/wordpress\/plugins\/seo\/ -->\n<title>V\u00e5r Organisation | PPF Nordics AB<\/title>\n<meta name=\"robots\" content=\"index, follow, max-snippet:-1, max-image-preview:large, max-video-preview:-1\" \/>\n<link rel=\"canonical\" href=\"https:\/\/ppfnordics.com\/se\/om-oss\/organisation\/\" \/>\n<meta property=\"og:locale\" content=\"en_US\" \/>\n<meta property=\"og:type\" content=\"article\" \/>\n<meta property=\"og:title\" content=\"V\u00e5r Organisation | PPF Nordics AB\" \/>\n<meta property=\"og:url\" content=\"https:\/\/ppfnordics.com\/se\/om-oss\/organisation\/\" \/>\n<meta property=\"og:site_name\" content=\"PPF Nordics AB\" \/>\n<meta property=\"article:modified_time\" content=\"2025-03-24T10:35:40+00:00\" \/>\n<meta name=\"twitter:card\" content=\"summary_large_image\" \/>\n<script type=\"application\/ld+json\" class=\"yoast-schema-graph\">{\"@context\":\"https:\/\/schema.org\",\"@graph\":[{\"@type\":\"WebPage\",\"@id\":\"https:\/\/ppfnordics.com\/se\/om-oss\/organisation\/\",\"url\":\"https:\/\/ppfnordics.com\/se\/om-oss\/organisation\/\",\"name\":\"V\u00e5r Organisation | PPF Nordics AB\",\"isPartOf\":{\"@id\":\"https:\/\/ppfnordics.com\/se\/#website\"},\"datePublished\":\"2023-08-03T12:09:26+00:00\",\"dateModified\":\"2025-03-24T10:35:40+00:00\",\"breadcrumb\":{\"@id\":\"https:\/\/ppfnordics.com\/se\/om-oss\/organisation\/#breadcrumb\"},\"inLanguage\":\"se-SE\",\"potentialAction\":[{\"@type\":\"ReadAction\",\"target\":[\"https:\/\/ppfnordics.com\/se\/om-oss\/organisation\/\"]}]},{\"@type\":\"BreadcrumbList\",\"@id\":\"https:\/\/ppfnordics.com\/se\/om-oss\/organisation\/#breadcrumb\",\"itemListElement\":[{\"@type\":\"ListItem\",\"position\":1,\"name\":\"Home\",\"item\":\"https:\/\/ppfnordics.com\/se\/\"},{\"@type\":\"ListItem\",\"position\":2,\"name\":\"OM OSS\",\"item\":\"https:\/\/ppfnordics.com\/se\/om-oss\/\"},{\"@type\":\"ListItem\",\"position\":3,\"name\":\"V\u00e5r Organisation\"}]},{\"@type\":\"WebSite\",\"@id\":\"https:\/\/ppfnordics.com\/se\/#website\",\"url\":\"https:\/\/ppfnordics.com\/se\/\",\"name\":\"PPF Nordics AB\",\"description\":\"\",\"publisher\":{\"@id\":\"https:\/\/ppfnordics.com\/se\/#organization\"},\"potentialAction\":[{\"@type\":\"SearchAction\",\"target\":{\"@type\":\"EntryPoint\",\"urlTemplate\":\"https:\/\/ppfnordics.com\/se\/?s={search_term_string}\"},\"query-input\":\"required name=search_term_string\"}],\"inLanguage\":\"se-SE\"},{\"@type\":\"Organization\",\"@id\":\"https:\/\/ppfnordics.com\/se\/#organization\",\"name\":\"PPF Nordics AB\",\"url\":\"https:\/\/ppfnordics.com\/se\/\",\"logo\":{\"@type\":\"ImageObject\",\"inLanguage\":\"se-SE\",\"@id\":\"https:\/\/ppfnordics.com\/se\/#\/schema\/logo\/image\/\",\"url\":\"https:\/\/ppfnordics.com\/wp-content\/uploads\/2025\/02\/Nav_PPF_Logo.svg\",\"contentUrl\":\"https:\/\/ppfnordics.com\/wp-content\/uploads\/2025\/02\/Nav_PPF_Logo.svg\",\"caption\":\"PPF Nordics AB\"},\"image\":{\"@id\":\"https:\/\/ppfnordics.com\/se\/#\/schema\/logo\/image\/\"}}]}<\/script>\n<!-- \/ Yoast SEO plugin. -->","yoast_head_json":{"title":"V\u00e5r Organisation | PPF Nordics AB","robots":{"index":"index","follow":"follow","max-snippet":"max-snippet:-1","max-image-preview":"max-image-preview:large","max-video-preview":"max-video-preview:-1"},"canonical":"https:\/\/ppfnordics.com\/se\/om-oss\/organisation\/","og_locale":"en_US","og_type":"article","og_title":"V\u00e5r Organisation | PPF Nordics AB","og_url":"https:\/\/ppfnordics.com\/se\/om-oss\/organisation\/","og_site_name":"PPF Nordics AB","article_modified_time":"2025-03-24T10:35:40+00:00","twitter_card":"summary_large_image","schema":{"@context":"https:\/\/schema.org","@graph":[{"@type":"WebPage","@id":"https:\/\/ppfnordics.com\/se\/om-oss\/organisation\/","url":"https:\/\/ppfnordics.com\/se\/om-oss\/organisation\/","name":"V\u00e5r Organisation | PPF Nordics AB","isPartOf":{"@id":"https:\/\/ppfnordics.com\/se\/#website"},"datePublished":"2023-08-03T12:09:26+00:00","dateModified":"2025-03-24T10:35:40+00:00","breadcrumb":{"@id":"https:\/\/ppfnordics.com\/se\/om-oss\/organisation\/#breadcrumb"},"inLanguage":"se-SE","potentialAction":[{"@type":"ReadAction","target":["https:\/\/ppfnordics.com\/se\/om-oss\/organisation\/"]}]},{"@type":"BreadcrumbList","@id":"https:\/\/ppfnordics.com\/se\/om-oss\/organisation\/#breadcrumb","itemListElement":[{"@type":"ListItem","position":1,"name":"Home","item":"https:\/\/ppfnordics.com\/se\/"},{"@type":"ListItem","position":2,"name":"OM OSS","item":"https:\/\/ppfnordics.com\/se\/om-oss\/"},{"@type":"ListItem","position":3,"name":"V\u00e5r Organisation"}]},{"@type":"WebSite","@id":"https:\/\/ppfnordics.com\/se\/#website","url":"https:\/\/ppfnordics.com\/se\/","name":"PPF Nordics AB","description":"","publisher":{"@id":"https:\/\/ppfnordics.com\/se\/#organization"},"potentialAction":[{"@type":"SearchAction","target":{"@type":"EntryPoint","urlTemplate":"https:\/\/ppfnordics.com\/se\/?s={search_term_string}"},"query-input":"required name=search_term_string"}],"inLanguage":"se-SE"},{"@type":"Organization","@id":"https:\/\/ppfnordics.com\/se\/#organization","name":"PPF Nordics AB","url":"https:\/\/ppfnordics.com\/se\/","logo":{"@type":"ImageObject","inLanguage":"se-SE","@id":"https:\/\/ppfnordics.com\/se\/#\/schema\/logo\/image\/","url":"https:\/\/ppfnordics.com\/wp-content\/uploads\/2025\/02\/Nav_PPF_Logo.svg","contentUrl":"https:\/\/ppfnordics.com\/wp-content\/uploads\/2025\/02\/Nav_PPF_Logo.svg","caption":"PPF Nordics AB"},"image":{"@id":"https:\/\/ppfnordics.com\/se\/#\/schema\/logo\/image\/"}}]}},"_links":{"self":[{"href":"https:\/\/ppfnordics.com\/se\/wp-json\/wp\/v2\/pages\/641","targetHints":{"allow":["GET"]}}],"collection":[{"href":"https:\/\/ppfnordics.com\/se\/wp-json\/wp\/v2\/pages"}],"about":[{"href":"https:\/\/ppfnordics.com\/se\/wp-json\/wp\/v2\/types\/page"}],"author":[{"embeddable":true,"href":"https:\/\/ppfnordics.com\/se\/wp-json\/wp\/v2\/users\/1"}],"replies":[{"embeddable":true,"href":"https:\/\/ppfnordics.com\/se\/wp-json\/wp\/v2\/comments?post=641"}],"version-history":[{"count":54,"href":"https:\/\/ppfnordics.com\/se\/wp-json\/wp\/v2\/pages\/641\/revisions"}],"predecessor-version":[{"id":4369,"href":"https:\/\/ppfnordics.com\/se\/wp-json\/wp\/v2\/pages\/641\/revisions\/4369"}],"up":[{"embeddable":true,"href":"https:\/\/ppfnordics.com\/se\/wp-json\/wp\/v2\/pages\/629"}],"wp:attachment":[{"href":"https:\/\/ppfnordics.com\/se\/wp-json\/wp\/v2\/media?parent=641"}],"curies":[{"name":"wp","href":"https:\/\/api.w.org\/{rel}","templated":true}]}}