{"id":643,"date":"2023-08-07T05:22:25","date_gmt":"2023-08-07T05:22:25","guid":{"rendered":"https:\/\/ppfnordics.com\/om-oss\/vision-varderingar\/"},"modified":"2023-08-14T12:02:06","modified_gmt":"2023-08-14T12:02:06","slug":"vision-varderingar","status":"publish","type":"page","link":"https:\/\/ppfnordics.com\/se\/om-oss\/vision-varderingar\/","title":{"rendered":"Vision &amp; v\u00e4rderingar"},"content":{"rendered":"    <section class=\"sub-page-hero-wrap\">\n        <img loading=\"lazy\" decoding=\"async\" width=\"1600\" height=\"444\" src=\"https:\/\/ppfnordics.com\/wp-content\/uploads\/2023\/08\/bannerbild_vision.jpg\" class=\"background-image\" alt=\"\" srcset=\"https:\/\/ppfnordics.com\/wp-content\/uploads\/2023\/08\/bannerbild_vision.jpg 1600w, https:\/\/ppfnordics.com\/wp-content\/uploads\/2023\/08\/bannerbild_vision-300x83.jpg 300w, https:\/\/ppfnordics.com\/wp-content\/uploads\/2023\/08\/bannerbild_vision-1024x284.jpg 1024w, https:\/\/ppfnordics.com\/wp-content\/uploads\/2023\/08\/bannerbild_vision-768x213.jpg 768w, https:\/\/ppfnordics.com\/wp-content\/uploads\/2023\/08\/bannerbild_vision-1536x426.jpg 1536w\" sizes=\"auto, (max-width: 1600px) 100vw, 1600px\" \/>        <div class=\"overlay\">\n            <div class=\"container\">\n                                                                            <h1 class=\"font-xxl\">Med k\u00e4rlek f\u00f6r hund och katt <\/h1>\n                                                                             <p><strong>Vi vet att varje djur\u00e4gare \u00e4lskar sin fyrbenta v\u00e4n. D\u00e4rf\u00f6r \u00e4r k\u00e4rlek en viktig ingrediens i v\u00e5r tillverkning.<\/strong><\/p>\n                                                \n\n            <\/div>\n\n        <\/div>\n\n    <\/section>\n\n\n\n    <section class=\"offset-content-wrap \">\n\n        <div class=\"container\">\n                            <p>N\u00e4r vi planerar och tillverkar m\u00e5ltider f\u00f6r tusentals och \u00e5ter tusentals hundar och katter v\u00e4rlden \u00f6ver, har vi ett enormt f\u00f6rtroende. Ett f\u00f6rtroende vi besvarar med passion.<\/p>\n<h4>V\u00e5r vision<\/h4>\n<p>V\u00e5r vision \u00e4r \u201dK\u00e4rlek fr\u00e5n V\u00e5rg\u00e5rda i varje matsk\u00e5l\u201d. F\u00f6r oss \u00e4r det mer \u00e4n bara ord. Det \u00e4r v\u00e5r ledstj\u00e4rna varje dag, \u00e5ret om. V\u00e5rt foder produceras fr\u00e4mst av svenska r\u00e5varor och medarbetare i v\u00e4rldsklass. Alla med ett hj\u00e4rta som klappar lika mycket f\u00f6r hundar och katter, som f\u00f6r v\u00e5ra konsumenter. Resultatet blir enast\u00e5ende. Det har det varit sedan 1903. Och det ska det vara i m\u00e5nga \u00e5r fram\u00f6ver.<\/p>\n<p>K\u00e4rlek fr\u00e5n V\u00e5rg\u00e5rda i varje matsk\u00e5l<\/p>\n<h4>V\u00e5ra v\u00e4rdeord<\/h4>\n<p>Vi utvecklar ansvarsfull mat med k\u00e4rlek f\u00f6r hundar och katter. Tre ord \u00e4r v\u00e4gledande i allt vi g\u00f6r:<\/p>\n<p><img loading=\"lazy\" decoding=\"async\" class=\"alignnone size-medium wp-image-495\" src=\"http:\/\/doggyab.midnightmachines.io\/wp-content\/uploads\/2023\/08\/food_bowl-235x300.png\" alt=\"\" width=\"235\" height=\"300\" srcset=\"https:\/\/ppfnordics.com\/wp-content\/uploads\/2023\/08\/food_bowl-235x300.png 235w, https:\/\/ppfnordics.com\/wp-content\/uploads\/2023\/08\/food_bowl.png 299w\" sizes=\"auto, (max-width: 235px) 100vw, 235px\" \/><\/p>\n<h4>\u00d6ppenhet<\/h4>\n<p>Vi delar med oss av v\u00e5r kompetens och str\u00e4var tillsammans fram\u00e5t. Genom \u00e4rlig, rak och prestigel\u00f6s dialog och f\u00f6rst\u00e5else f\u00f6r varandras arbetsuppgifter kan vi bli \u00e4nnu b\u00e4ttre. Det tror vi \u00e4r nyckeln till varaktiga relationer, b\u00e5de med varandra och med v\u00e5ra kunder.<\/p>\n<h4>Helhetssyn<\/h4>\n<p>Med innovation och h\u00e5llbarhet i fokus ska vi leda utvecklingen i v\u00e5r bransch. B\u00e5de som individer och som f\u00f6retag ser vi att vi \u00e4r en del av ett st\u00f6rre sammanhang. Vi g\u00f6r alltid v\u00e5rt b\u00e4sta f\u00f6r att m\u00f6ta v\u00e5ra kunders, v\u00e5ra samarbetspartners och omv\u00e4rldens behov.<\/p>\n<h4>Handlingskraft<\/h4>\n<p>N\u00e4r marknaden st\u00e5r inf\u00f6r f\u00f6r\u00e4ndring, vill vi redan ligga steget f\u00f6re. Vi \u00e4r flexibla och anpassar oss snabbt. Vi \u00e4r inte r\u00e4dda f\u00f6r att b\u00f6rja p\u00e5 nytt, men vi slutf\u00f6r alltid det vi kommit \u00f6verens om.<\/p>\n                        \n        <\/div>\n    <\/section>\n\n\n\n    <section class=\"card-list-wrap \">\n        <div class=\"container\">\n                        <div class=\"row\">\n                                        <div class=\"col-md-6\">\n                            <div class=\"card-thumb primary text-left\">\n                                                                <div class=\"card-thumb-body\">\n                                                                            <h3> V\u00c5R ORGANISATION<\/h3>\n                                                                                                                <p>Doggy AB \u00e4gs av Cinven och \u00e4r en del av PPF, Partner in Petfood och verkar idag p\u00e5 ett tjugotal marknader. Vi har idag runt 200 medarbetare och s\u00e4tet finns i svenska V\u00e5rg\u00e5rda.<\/p>\n                                                                                                        <\/div>\n\n                            <\/div>\n                        <\/div>\n\n                                        <div class=\"col-md-6\">\n                            <div class=\"card-thumb dark text-left\">\n                                                                <div class=\"card-thumb-body\">\n                                                                            <h3>JOBBA HOS OSS<\/h3>\n                                                                                                                <p>Klappar ditt hj\u00e4rta lite extra f\u00f6r hundar och katter? Vill du arbeta i en innovativ milj\u00f6?\u00a0D\u00e5 kan vi ha ett jobb f\u00f6r dig.<\/p>\n                                                                                                                <a class=\"btn  btn-primary\" href=\"https:\/\/jobb.doggy.se\/\" target=\"_self\">L\u00e4s mer om att jobba hos oss!<\/a>\n                                                                    <\/div>\n\n                            <\/div>\n                        <\/div>\n\n                            <\/div>\n        <\/div>\n\n    <\/section>\n\n","protected":false},"excerpt":{"rendered":"","protected":false},"author":1,"featured_media":0,"parent":629,"menu_order":0,"comment_status":"closed","ping_status":"closed","template":"guternberg.php","meta":{"footnotes":""},"class_list":["post-643","page","type-page","status-publish","hentry"],"acf":[],"yoast_head":"<!-- This site is optimized with the Yoast SEO plugin v21.0 - https:\/\/yoast.com\/wordpress\/plugins\/seo\/ -->\n<title>Vision &amp; v\u00e4rderingar | PPF Nordics AB<\/title>\n<meta name=\"robots\" content=\"index, follow, max-snippet:-1, max-image-preview:large, max-video-preview:-1\" \/>\n<link rel=\"canonical\" href=\"https:\/\/ppfnordics.com\/se\/om-oss\/vision-varderingar\/\" \/>\n<meta property=\"og:locale\" content=\"en_US\" \/>\n<meta property=\"og:type\" content=\"article\" \/>\n<meta property=\"og:title\" content=\"Vision &amp; v\u00e4rderingar | PPF Nordics AB\" \/>\n<meta property=\"og:url\" content=\"https:\/\/ppfnordics.com\/se\/om-oss\/vision-varderingar\/\" \/>\n<meta property=\"og:site_name\" content=\"PPF Nordics AB\" \/>\n<meta property=\"article:modified_time\" content=\"2023-08-14T12:02:06+00:00\" \/>\n<meta name=\"twitter:card\" content=\"summary_large_image\" \/>\n<script type=\"application\/ld+json\" class=\"yoast-schema-graph\">{\"@context\":\"https:\/\/schema.org\",\"@graph\":[{\"@type\":\"WebPage\",\"@id\":\"https:\/\/ppfnordics.com\/se\/om-oss\/vision-varderingar\/\",\"url\":\"https:\/\/ppfnordics.com\/se\/om-oss\/vision-varderingar\/\",\"name\":\"Vision &amp; v\u00e4rderingar | PPF Nordics AB\",\"isPartOf\":{\"@id\":\"https:\/\/ppfnordics.com\/se\/#website\"},\"datePublished\":\"2023-08-07T05:22:25+00:00\",\"dateModified\":\"2023-08-14T12:02:06+00:00\",\"breadcrumb\":{\"@id\":\"https:\/\/ppfnordics.com\/se\/om-oss\/vision-varderingar\/#breadcrumb\"},\"inLanguage\":\"se-SE\",\"potentialAction\":[{\"@type\":\"ReadAction\",\"target\":[\"https:\/\/ppfnordics.com\/se\/om-oss\/vision-varderingar\/\"]}]},{\"@type\":\"BreadcrumbList\",\"@id\":\"https:\/\/ppfnordics.com\/se\/om-oss\/vision-varderingar\/#breadcrumb\",\"itemListElement\":[{\"@type\":\"ListItem\",\"position\":1,\"name\":\"Home\",\"item\":\"https:\/\/ppfnordics.com\/se\/\"},{\"@type\":\"ListItem\",\"position\":2,\"name\":\"OM OSS\",\"item\":\"https:\/\/ppfnordics.com\/se\/om-oss\/\"},{\"@type\":\"ListItem\",\"position\":3,\"name\":\"Vision &amp; v\u00e4rderingar\"}]},{\"@type\":\"WebSite\",\"@id\":\"https:\/\/ppfnordics.com\/se\/#website\",\"url\":\"https:\/\/ppfnordics.com\/se\/\",\"name\":\"PPF Nordics AB\",\"description\":\"\",\"publisher\":{\"@id\":\"https:\/\/ppfnordics.com\/se\/#organization\"},\"potentialAction\":[{\"@type\":\"SearchAction\",\"target\":{\"@type\":\"EntryPoint\",\"urlTemplate\":\"https:\/\/ppfnordics.com\/se\/?s={search_term_string}\"},\"query-input\":\"required name=search_term_string\"}],\"inLanguage\":\"se-SE\"},{\"@type\":\"Organization\",\"@id\":\"https:\/\/ppfnordics.com\/se\/#organization\",\"name\":\"PPF Nordics AB\",\"url\":\"https:\/\/ppfnordics.com\/se\/\",\"logo\":{\"@type\":\"ImageObject\",\"inLanguage\":\"se-SE\",\"@id\":\"https:\/\/ppfnordics.com\/se\/#\/schema\/logo\/image\/\",\"url\":\"https:\/\/ppfnordics.com\/wp-content\/uploads\/2025\/02\/Nav_PPF_Logo.svg\",\"contentUrl\":\"https:\/\/ppfnordics.com\/wp-content\/uploads\/2025\/02\/Nav_PPF_Logo.svg\",\"caption\":\"PPF Nordics AB\"},\"image\":{\"@id\":\"https:\/\/ppfnordics.com\/se\/#\/schema\/logo\/image\/\"}}]}<\/script>\n<!-- \/ Yoast SEO plugin. -->","yoast_head_json":{"title":"Vision &amp; v\u00e4rderingar | PPF Nordics AB","robots":{"index":"index","follow":"follow","max-snippet":"max-snippet:-1","max-image-preview":"max-image-preview:large","max-video-preview":"max-video-preview:-1"},"canonical":"https:\/\/ppfnordics.com\/se\/om-oss\/vision-varderingar\/","og_locale":"en_US","og_type":"article","og_title":"Vision &amp; v\u00e4rderingar | PPF Nordics AB","og_url":"https:\/\/ppfnordics.com\/se\/om-oss\/vision-varderingar\/","og_site_name":"PPF Nordics AB","article_modified_time":"2023-08-14T12:02:06+00:00","twitter_card":"summary_large_image","schema":{"@context":"https:\/\/schema.org","@graph":[{"@type":"WebPage","@id":"https:\/\/ppfnordics.com\/se\/om-oss\/vision-varderingar\/","url":"https:\/\/ppfnordics.com\/se\/om-oss\/vision-varderingar\/","name":"Vision &amp; v\u00e4rderingar | PPF Nordics AB","isPartOf":{"@id":"https:\/\/ppfnordics.com\/se\/#website"},"datePublished":"2023-08-07T05:22:25+00:00","dateModified":"2023-08-14T12:02:06+00:00","breadcrumb":{"@id":"https:\/\/ppfnordics.com\/se\/om-oss\/vision-varderingar\/#breadcrumb"},"inLanguage":"se-SE","potentialAction":[{"@type":"ReadAction","target":["https:\/\/ppfnordics.com\/se\/om-oss\/vision-varderingar\/"]}]},{"@type":"BreadcrumbList","@id":"https:\/\/ppfnordics.com\/se\/om-oss\/vision-varderingar\/#breadcrumb","itemListElement":[{"@type":"ListItem","position":1,"name":"Home","item":"https:\/\/ppfnordics.com\/se\/"},{"@type":"ListItem","position":2,"name":"OM OSS","item":"https:\/\/ppfnordics.com\/se\/om-oss\/"},{"@type":"ListItem","position":3,"name":"Vision &amp; v\u00e4rderingar"}]},{"@type":"WebSite","@id":"https:\/\/ppfnordics.com\/se\/#website","url":"https:\/\/ppfnordics.com\/se\/","name":"PPF Nordics AB","description":"","publisher":{"@id":"https:\/\/ppfnordics.com\/se\/#organization"},"potentialAction":[{"@type":"SearchAction","target":{"@type":"EntryPoint","urlTemplate":"https:\/\/ppfnordics.com\/se\/?s={search_term_string}"},"query-input":"required name=search_term_string"}],"inLanguage":"se-SE"},{"@type":"Organization","@id":"https:\/\/ppfnordics.com\/se\/#organization","name":"PPF Nordics AB","url":"https:\/\/ppfnordics.com\/se\/","logo":{"@type":"ImageObject","inLanguage":"se-SE","@id":"https:\/\/ppfnordics.com\/se\/#\/schema\/logo\/image\/","url":"https:\/\/ppfnordics.com\/wp-content\/uploads\/2025\/02\/Nav_PPF_Logo.svg","contentUrl":"https:\/\/ppfnordics.com\/wp-content\/uploads\/2025\/02\/Nav_PPF_Logo.svg","caption":"PPF Nordics AB"},"image":{"@id":"https:\/\/ppfnordics.com\/se\/#\/schema\/logo\/image\/"}}]}},"_links":{"self":[{"href":"https:\/\/ppfnordics.com\/se\/wp-json\/wp\/v2\/pages\/643","targetHints":{"allow":["GET"]}}],"collection":[{"href":"https:\/\/ppfnordics.com\/se\/wp-json\/wp\/v2\/pages"}],"about":[{"href":"https:\/\/ppfnordics.com\/se\/wp-json\/wp\/v2\/types\/page"}],"author":[{"embeddable":true,"href":"https:\/\/ppfnordics.com\/se\/wp-json\/wp\/v2\/users\/1"}],"replies":[{"embeddable":true,"href":"https:\/\/ppfnordics.com\/se\/wp-json\/wp\/v2\/comments?post=643"}],"version-history":[{"count":9,"href":"https:\/\/ppfnordics.com\/se\/wp-json\/wp\/v2\/pages\/643\/revisions"}],"predecessor-version":[{"id":1166,"href":"https:\/\/ppfnordics.com\/se\/wp-json\/wp\/v2\/pages\/643\/revisions\/1166"}],"up":[{"embeddable":true,"href":"https:\/\/ppfnordics.com\/se\/wp-json\/wp\/v2\/pages\/629"}],"wp:attachment":[{"href":"https:\/\/ppfnordics.com\/se\/wp-json\/wp\/v2\/media?parent=643"}],"curies":[{"name":"wp","href":"https:\/\/api.w.org\/{rel}","templated":true}]}}