{"id":645,"date":"2023-08-07T05:56:51","date_gmt":"2023-08-07T05:56:51","guid":{"rendered":"https:\/\/ppfnordics.com\/pressrum\/"},"modified":"2025-03-18T09:12:34","modified_gmt":"2025-03-18T09:12:34","slug":"pressrum","status":"publish","type":"page","link":"https:\/\/ppfnordics.com\/se\/pressrum\/","title":{"rendered":"Pressrum"},"content":{"rendered":"    <section class=\"sub-page-hero-wrap\">\n        <img loading=\"lazy\" decoding=\"async\" width=\"1920\" height=\"1280\" src=\"https:\/\/ppfnordics.com\/wp-content\/uploads\/2025\/03\/doggyab-pressroom.png\" class=\"background-image\" alt=\"\" srcset=\"https:\/\/ppfnordics.com\/wp-content\/uploads\/2025\/03\/doggyab-pressroom.png 1920w, https:\/\/ppfnordics.com\/wp-content\/uploads\/2025\/03\/doggyab-pressroom-300x200.png 300w, https:\/\/ppfnordics.com\/wp-content\/uploads\/2025\/03\/doggyab-pressroom-1024x683.png 1024w, https:\/\/ppfnordics.com\/wp-content\/uploads\/2025\/03\/doggyab-pressroom-768x512.png 768w, https:\/\/ppfnordics.com\/wp-content\/uploads\/2025\/03\/doggyab-pressroom-1536x1024.png 1536w\" sizes=\"auto, (max-width: 1920px) 100vw, 1920px\" \/>        <div class=\"overlay\">\n            <div class=\"container\">\n                                                    <h5 class=\"font-sm-alt\">Pressrum<\/h5>\n                                                                            <h1 class=\"font-xxl\">V\u00e4lkommen till v\u00e5rt pressrum <\/h1>\n                                                                             <p>Partner in Pet Food Nordics AB \u00e4r Sveriges st\u00f6rsta hund- och kattmatsproducent med \u00f6ver 100 \u00e5rs erfarenhet. Doggy \u00e4ger bland annat varum\u00e4rkena Mjau, Doggy, Bozita och Robur. F\u00f6rutom i Sverige och \u00f6vriga Norden \u00e4r f\u00f6retaget verksamt ca 20 l\u00e4nder, bland annat Tyskland, Polen och Holland.<\/p>\n                                                \n\n            <\/div>\n\n        <\/div>\n\n    <\/section>\n\n\n\n    <section class=\"textbox-with-card-wrap\">\n        <div class=\"container\">\n            <div class=\"row\">\n                <div class=\"col-lg-6\">\n\n                                            <h5>Sedan 2025 \u00e4gs Partner in Pet Food Nordics AB av CVC Capital Partners (70%) och av Cinven (30%) och ing\u00e5r i PPF, Partner in Petfood och verkar idag p\u00e5 ett tjugotal marknader.<\/h5>\n<p>Partner in Pet Food Nordics AB har ca cirka 200 anst\u00e4llda och huvudkontoret och produktionsanl\u00e4ggningen ligger i V\u00e5rg\u00e5rda. F\u00f6retaget satsar stort p\u00e5 produktutveckling och innovation f\u00f6r att forts\u00e4tta vara med och leda utvecklingen i branschen. Sedan 2007 \u00e4r Partner in Pet Food Nordics AB certifierade enligt Produkts\u00e4kerhetsstandarden ISO 22000.<\/p>\n                                    <\/div>\n                <div class=\"col-lg-6\">\n                    <div class=\"card-thumb\">\n                                            <h3>Presskontakt<\/h3>\n<p>Har du fr\u00e5gor om oss? V\u00e4lkommen att h\u00f6ra av dig till n\u00e5gon av v\u00e5ra pressansvariga nedan f\u00f6r mer information.<\/p>\n<h4>Patrik Niklasson<\/h4>\n<p><strong>General Manager<\/strong><br \/>\n<strong><a href=\"mailto:msjosten@ppfeurope.com\">pniklasson@ppfeurope.com<\/a><\/strong><\/p>\n                                        <\/div>\n            \n\n                <\/div>\n            <\/div>\n        <\/div>\n    <\/section>\n\n\n\n    <section class=\"pressmaterial-wrap\">\n        <div class=\"container\">\n                            <h2 class=\"font-lg\">Pressmaterial<\/h2>\n                                        <h4>H\u00e4r hittar du Partner in Pet Food Nordics ABs och v\u00e5ra varum\u00e4rkes logotyper i olika utf\u00f6randen.<\/h4>\n                        <div class=\"row\">\n                                        <div class=\"col-sm-6 col-lg-4\">\n                            <div class=\"card-thumb\">\n                                <figure><img decoding=\"async\" src=\"https:\/\/ppfnordics.com\/wp-content\/uploads\/2025\/02\/LogoImage_PPF_Landscape.svg\" class=\"attachment-full size-full\" alt=\"\" \/><\/figure>                                <div class=\"card-thumb-body\">\n                                                                            <h3>Partner in Pet Food AB (Landscape)<\/h3>\n                                                                                                                                                                <a href=\"https:\/\/ppfnordics.com\/wp-content\/uploads\/2023\/08\/doggy_white.eps_.zip\">Standardversion (vit) i vektorformat (EPS &#8211; 782 KB)<\/a>\n                                                                                                                                    <a href=\"https:\/\/ppfnordics.com\/wp-content\/uploads\/2023\/08\/doggy_blue_CMYK.eps_.zip\">Inverterad version (bl\u00e5) i vektorformat (EPS\/CMYK &#8211; 792 KB)<\/a>\n                                                                                                                                                        <\/div>\n\n                            <\/div>\n                        <\/div>\n\n                                        <div class=\"col-sm-6 col-lg-4\">\n                            <div class=\"card-thumb\">\n                                <figure><img loading=\"lazy\" decoding=\"async\" width=\"600\" height=\"600\" src=\"https:\/\/ppfnordics.com\/wp-content\/uploads\/2023\/08\/bozita-logo-blue.png\" class=\"attachment-full size-full\" alt=\"\" srcset=\"https:\/\/ppfnordics.com\/wp-content\/uploads\/2023\/08\/bozita-logo-blue.png 600w, https:\/\/ppfnordics.com\/wp-content\/uploads\/2023\/08\/bozita-logo-blue-300x300.png 300w, https:\/\/ppfnordics.com\/wp-content\/uploads\/2023\/08\/bozita-logo-blue-150x150.png 150w\" sizes=\"auto, (max-width: 600px) 100vw, 600px\" \/><\/figure>                                <div class=\"card-thumb-body\">\n                                                                            <h3>Bozita (Primary Logo)<\/h3>\n                                                                                                                                                                <a href=\"https:\/\/ppfnordics.com\/wp-content\/uploads\/2023\/08\/BOZITA_Logo_POS_CMYK.ai_.zip\">Standardversion (bl\u00e5) i vektorformat (AI &#8211; 1,4 MB)<\/a>\n                                                                                                                                    <a href=\"https:\/\/ppfnordics.com\/wp-content\/uploads\/2023\/08\/BOZITA_Logo_NEG_13Y_CMYK.ai_.zip\">Inverterad version (vit) i vektorformat (AI &#8211; 1,4 MB)<\/a>\n                                                                                                                                                        <\/div>\n\n                            <\/div>\n                        <\/div>\n\n                                        <div class=\"col-sm-6 col-lg-4\">\n                            <div class=\"card-thumb\">\n                                <figure><img loading=\"lazy\" decoding=\"async\" width=\"533\" height=\"533\" src=\"https:\/\/ppfnordics.com\/wp-content\/uploads\/2023\/08\/doggy-logo-black.png\" class=\"attachment-full size-full\" alt=\"\" srcset=\"https:\/\/ppfnordics.com\/wp-content\/uploads\/2023\/08\/doggy-logo-black.png 533w, https:\/\/ppfnordics.com\/wp-content\/uploads\/2023\/08\/doggy-logo-black-300x300.png 300w, https:\/\/ppfnordics.com\/wp-content\/uploads\/2023\/08\/doggy-logo-black-150x150.png 150w\" sizes=\"auto, (max-width: 533px) 100vw, 533px\" \/><\/figure>                                <div class=\"card-thumb-body\">\n                                                                            <h3>Doggy (Primary Logo)<\/h3>\n                                                                                                                                                                <a href=\"https:\/\/ppfnordics.com\/wp-content\/uploads\/2023\/08\/Doggy_logo_Vgda_svart.eps_.zip\">Standardversion (svart) i vektorformat (EPS &#8211; 1,5 MB)<\/a>\n                                                                                                                                    <a href=\"https:\/\/ppfnordics.com\/wp-content\/uploads\/2023\/08\/Doggy_logo_Vgda_vit.eps_.zip\">Inverterad version (vit) i vektorformat (EPS &#8211; 1,5 MB)<\/a>\n                                                                                                                                                        <\/div>\n\n                            <\/div>\n                        <\/div>\n\n                                        <div class=\"col-sm-6 col-lg-4\">\n                            <div class=\"card-thumb\">\n                                <figure><img loading=\"lazy\" decoding=\"async\" width=\"600\" height=\"600\" src=\"https:\/\/ppfnordics.com\/wp-content\/uploads\/2023\/08\/mjau-logo-blue.png\" class=\"attachment-full size-full\" alt=\"\" srcset=\"https:\/\/ppfnordics.com\/wp-content\/uploads\/2023\/08\/mjau-logo-blue.png 600w, https:\/\/ppfnordics.com\/wp-content\/uploads\/2023\/08\/mjau-logo-blue-300x300.png 300w, https:\/\/ppfnordics.com\/wp-content\/uploads\/2023\/08\/mjau-logo-blue-150x150.png 150w\" sizes=\"auto, (max-width: 600px) 100vw, 600px\" \/><\/figure>                                <div class=\"card-thumb-body\">\n                                                                            <h3>Mjau (Primary Logo)<\/h3>\n                                                                                                                                                                <a href=\"https:\/\/ppfnordics.com\/wp-content\/uploads\/2023\/08\/Logo_Mjau_CMYK.ai_.zip\">Standardversion (bl\u00e5) i vektorformat (AI &#8211; 1,8 MB)<\/a>\n                                                                                                                                                        <\/div>\n\n                            <\/div>\n                        <\/div>\n\n                            <\/div>\n                    <\/div>\n\n    <\/section>\n\n\n\n            <section class=\"post-list-wrap\">\n                <div class=\"container\">\n                    <h2 class=\"text-center\">Vill du h\u00e5lla dig uppdaterad om vad h\u00e4nder inom Partner In Pet Food Nordics AB?<\/h2>\n                    <p class=\"text-center font-sm-alt\">H\u00e4r hittar du aktuella artiklar och pressreleaser om oss.<\/p>\n                    <div class=\"row post-list\">\n\n                                                        <div class=\"col-sm-6 col-lg-4\">\n                                    <a href=\"https:\/\/www.mynewsdesk.com\/se\/doggy-ab\/pressreleases\/ai-moeter-djurglaedje-bozita-lanserar-interaktiv-upplevelse-foer-sina-besoekare-3441735\" target=\"_blank\">\n                                                                                    <img decoding=\"async\" src=\"https:\/\/mnd-assets.mynewsdesk.com\/image\/upload\/c_fill,dpr_auto,f_auto,g_auto,q_auto:good,w_1782\/h0vyxa1893oqeuupm2bfk6\" title=\"AI-funktion\" alt=\"AI-funktion\" \/>\n                                                                                <span>7 april, 2026<\/span>\n                                        <h3>AI m\u00f6ter djurgl\u00e4dje \u2013 Bozita lanserar interaktiv upplevelse f\u00f6r sina bes\u00f6kare<\/h3>\n                                        <p><\/p>\n                                    <\/a>\n                                <\/div>\n                                                        <div class=\"col-sm-6 col-lg-4\">\n                                    <a href=\"https:\/\/www.mynewsdesk.com\/se\/doggy-ab\/pressreleases\/naer-djurmaten-laemnas-utanfoer-momssaenkningen-doggy-lanserar-stoerre-foerpackning-med-mer-foder-i-paasen-3440916\" target=\"_blank\">\n                                                                                    <img decoding=\"async\" src=\"https:\/\/mnd-assets.mynewsdesk.com\/image\/upload\/c_fill,dpr_auto,f_auto,g_auto,q_auto:good,w_1782\/odtrr0jyb82gbfdga7aa66\" title=\"Kampanjp\u00e5se Doggy Professional Skonsam 13,5kg\" alt=\"Kampanjp\u00e5se Doggy Professional Skonsam 13,5kg\" \/>\n                                                                                <span>31 mars, 2026<\/span>\n                                        <h3>N\u00e4r djurmaten l\u00e4mnas utanf\u00f6r momss\u00e4nkningen: Doggy lanserar st\u00f6rre f\u00f6rpackning med mer foder i p\u00e5sen<\/h3>\n                                        <p>Regeringens beslut att halvera matmomsen fr\u00e5n 12 till 6 procent den 1 april 2026 l\u00e4mnar djurmaten utanf\u00f6r. Det vill Doggy&hellip;<\/p>\n                                    <\/a>\n                                <\/div>\n                                                        <div class=\"col-sm-6 col-lg-4\">\n                                    <a href=\"https:\/\/www.mynewsdesk.com\/se\/doggy-ab\/pressreleases\/rikstaeckande-donation-till-noedstaellda-katter-55-katthem-faar-drygt-220-kilo-kattmat-vardera-fraan-mjau-3438840\" target=\"_blank\">\n                                                                                    <img decoding=\"async\" src=\"https:\/\/mnd-assets.mynewsdesk.com\/image\/upload\/c_fill,dpr_auto,f_auto,g_auto,q_auto:good,w_1782\/gwqk1uiqrwo6tysng44jf6\" title=\"I Sverige ber\u00e4knas \u00f6ver 150 000 katter leva utan ett hem.\" alt=\"I Sverige ber\u00e4knas \u00f6ver 150 000 katter leva utan ett hem.\" \/>\n                                                                                <span>23 mars, 2026<\/span>\n                                        <h3>Rikst\u00e4ckande donation till n\u00f6dst\u00e4llda katter \u2013 55 katthem f\u00e5r drygt 220 kilo kattmat vardera fr\u00e5n Mjau <\/h3>\n                                        <p>\u00c4nnu en g\u00e5ng \u00e4r en matleverans p\u00e5 v\u00e4g fr\u00e5n kattmatsproducenten Mjau i V\u00e5rg\u00e5rda. Maten kommer fr\u00e5n deras digitala g\u00e5voshop och&hellip;<\/p>\n                                    <\/a>\n                                <\/div>\n                                                        <div class=\"col-sm-6 col-lg-4\">\n                                    <a href=\"https:\/\/www.mynewsdesk.com\/se\/doggy-ab\/pressreleases\/pressinbjudan-hundar-paa-roeda-mattan-goeteborg-film-festival-och-doggy-bjuder-in-till-hundbio-3428871\" target=\"_blank\">\n                                                                                    <img decoding=\"async\" src=\"https:\/\/mnd-assets.mynewsdesk.com\/image\/upload\/c_fill,dpr_auto,f_auto,g_auto,q_auto:good,w_1782\/64dw7776xl0aycrrvwiskm\" title=\"\" alt=\"\" \/>\n                                                                                <span>26 januari, 2026<\/span>\n                                        <h3>Pressinbjudan: Hundar p\u00e5 r\u00f6da mattan \u2013 G\u00f6teborg Film Festival och Doggy bjuder in till hundbio<\/h3>\n                                        <p>G\u00f6teborg Film Festival och Doggy v\u00e4lkomnar journalister till festivalens nya hundbio-satsning Sit. Stay. Cinema!, s\u00f6ndagen den 1 februari p\u00e5 Bio&hellip;<\/p>\n                                    <\/a>\n                                <\/div>\n                                                        <div class=\"col-sm-6 col-lg-4\">\n                                    <a href=\"https:\/\/www.mynewsdesk.com\/se\/doggy-ab\/pressreleases\/doggy-professional-valp-sveriges-mest-saalda-valpfoder-i-dagligvaruhandeln-3423968\" target=\"_blank\">\n                                                                                    <img decoding=\"async\" src=\"https:\/\/mnd-assets.mynewsdesk.com\/image\/upload\/c_fill,dpr_auto,f_auto,g_auto,q_auto:good,w_1782\/1jwh949hw5k038eqwrdv3g\" title=\"\" alt=\"\" \/>\n                                                                                <span>8 januari, 2026<\/span>\n                                        <h3>Doggy Professional Valp \u2013 Sveriges mest s\u00e5lda valpfoder i dagligvaruhandeln <\/h3>\n                                        <p>Doggy Professional Valp \u00e4r Sveriges mest s\u00e5lda valptorrfoder i dagligvaruhandeln. Det \u00e4r ett n\u00e4ringsrikt helfoder f\u00f6r valpar, unga hundar samt&hellip;<\/p>\n                                    <\/a>\n                                <\/div>\n                                                        <div class=\"col-sm-6 col-lg-4\">\n                                    <a href=\"https:\/\/www.mynewsdesk.com\/se\/doggy-ab\/pressreleases\/doggy-stolt-partner-till-goeteborg-film-festival-3419847\" target=\"_blank\">\n                                                                                    <img decoding=\"async\" src=\"https:\/\/mnd-assets.mynewsdesk.com\/image\/upload\/c_fill,dpr_auto,f_auto,g_auto,q_auto:good,w_1782\/3o0j7i0kawq7pcy082glh9\" title=\"\" alt=\"\" \/>\n                                                                                <span>4 december, 2025<\/span>\n                                        <h3>Doggy stolt partner till G\u00f6teborg Film Festival<\/h3>\n                                        <p>Med hund blir allt lite roligare \u2013 till och med filmfestivaler! Som producent av naturlig och n\u00e4ringsrik hundmat fr\u00e5n V\u00e5rg\u00e5rda&hellip;<\/p>\n                                    <\/a>\n                                <\/div>\n                        \n                        <div class=\"col-lg-12\">\n                            <div class=\"text-center\">\n                                                                    <a class=\"btn btn-primary\" href=\"https:\/\/www.mynewsdesk.com\/se\/doggy-ab\" target=\"_self\">\n                                        Se mer p\u00e5 MyNewsdesk                                        <i class=\"fa-solid fa-angle-right\"><\/i>\n                                    <\/a>\n                                                            <\/div>\n                        <\/div>\n                    <\/div>\n                <\/div>\n            <\/section>\n            ","protected":false},"excerpt":{"rendered":"","protected":false},"author":1,"featured_media":0,"parent":0,"menu_order":0,"comment_status":"closed","ping_status":"closed","template":"guternberg.php","meta":{"footnotes":""},"class_list":["post-645","page","type-page","status-publish","hentry"],"acf":[],"yoast_head":"<!-- This site is optimized with the Yoast SEO plugin v21.0 - https:\/\/yoast.com\/wordpress\/plugins\/seo\/ -->\n<title>Pressrum | PPF Nordics AB<\/title>\n<meta name=\"robots\" content=\"index, follow, max-snippet:-1, max-image-preview:large, max-video-preview:-1\" \/>\n<link rel=\"canonical\" href=\"https:\/\/ppfnordics.com\/se\/pressrum\/\" \/>\n<meta property=\"og:locale\" content=\"en_US\" \/>\n<meta property=\"og:type\" content=\"article\" \/>\n<meta property=\"og:title\" content=\"Pressrum | PPF Nordics AB\" \/>\n<meta property=\"og:url\" content=\"https:\/\/ppfnordics.com\/se\/pressrum\/\" \/>\n<meta property=\"og:site_name\" content=\"PPF Nordics AB\" \/>\n<meta property=\"article:modified_time\" content=\"2025-03-18T09:12:34+00:00\" \/>\n<meta name=\"twitter:card\" content=\"summary_large_image\" \/>\n<script type=\"application\/ld+json\" class=\"yoast-schema-graph\">{\"@context\":\"https:\/\/schema.org\",\"@graph\":[{\"@type\":\"WebPage\",\"@id\":\"https:\/\/ppfnordics.com\/se\/pressrum\/\",\"url\":\"https:\/\/ppfnordics.com\/se\/pressrum\/\",\"name\":\"Pressrum | PPF Nordics AB\",\"isPartOf\":{\"@id\":\"https:\/\/ppfnordics.com\/se\/#website\"},\"datePublished\":\"2023-08-07T05:56:51+00:00\",\"dateModified\":\"2025-03-18T09:12:34+00:00\",\"breadcrumb\":{\"@id\":\"https:\/\/ppfnordics.com\/se\/pressrum\/#breadcrumb\"},\"inLanguage\":\"se-SE\",\"potentialAction\":[{\"@type\":\"ReadAction\",\"target\":[\"https:\/\/ppfnordics.com\/se\/pressrum\/\"]}]},{\"@type\":\"BreadcrumbList\",\"@id\":\"https:\/\/ppfnordics.com\/se\/pressrum\/#breadcrumb\",\"itemListElement\":[{\"@type\":\"ListItem\",\"position\":1,\"name\":\"Home\",\"item\":\"https:\/\/ppfnordics.com\/se\/\"},{\"@type\":\"ListItem\",\"position\":2,\"name\":\"Pressrum\"}]},{\"@type\":\"WebSite\",\"@id\":\"https:\/\/ppfnordics.com\/se\/#website\",\"url\":\"https:\/\/ppfnordics.com\/se\/\",\"name\":\"PPF Nordics AB\",\"description\":\"\",\"publisher\":{\"@id\":\"https:\/\/ppfnordics.com\/se\/#organization\"},\"potentialAction\":[{\"@type\":\"SearchAction\",\"target\":{\"@type\":\"EntryPoint\",\"urlTemplate\":\"https:\/\/ppfnordics.com\/se\/?s={search_term_string}\"},\"query-input\":\"required name=search_term_string\"}],\"inLanguage\":\"se-SE\"},{\"@type\":\"Organization\",\"@id\":\"https:\/\/ppfnordics.com\/se\/#organization\",\"name\":\"PPF Nordics AB\",\"url\":\"https:\/\/ppfnordics.com\/se\/\",\"logo\":{\"@type\":\"ImageObject\",\"inLanguage\":\"se-SE\",\"@id\":\"https:\/\/ppfnordics.com\/se\/#\/schema\/logo\/image\/\",\"url\":\"https:\/\/ppfnordics.com\/wp-content\/uploads\/2025\/02\/Nav_PPF_Logo.svg\",\"contentUrl\":\"https:\/\/ppfnordics.com\/wp-content\/uploads\/2025\/02\/Nav_PPF_Logo.svg\",\"caption\":\"PPF Nordics AB\"},\"image\":{\"@id\":\"https:\/\/ppfnordics.com\/se\/#\/schema\/logo\/image\/\"}}]}<\/script>\n<!-- \/ Yoast SEO plugin. -->","yoast_head_json":{"title":"Pressrum | PPF Nordics AB","robots":{"index":"index","follow":"follow","max-snippet":"max-snippet:-1","max-image-preview":"max-image-preview:large","max-video-preview":"max-video-preview:-1"},"canonical":"https:\/\/ppfnordics.com\/se\/pressrum\/","og_locale":"en_US","og_type":"article","og_title":"Pressrum | PPF Nordics AB","og_url":"https:\/\/ppfnordics.com\/se\/pressrum\/","og_site_name":"PPF Nordics AB","article_modified_time":"2025-03-18T09:12:34+00:00","twitter_card":"summary_large_image","schema":{"@context":"https:\/\/schema.org","@graph":[{"@type":"WebPage","@id":"https:\/\/ppfnordics.com\/se\/pressrum\/","url":"https:\/\/ppfnordics.com\/se\/pressrum\/","name":"Pressrum | PPF Nordics AB","isPartOf":{"@id":"https:\/\/ppfnordics.com\/se\/#website"},"datePublished":"2023-08-07T05:56:51+00:00","dateModified":"2025-03-18T09:12:34+00:00","breadcrumb":{"@id":"https:\/\/ppfnordics.com\/se\/pressrum\/#breadcrumb"},"inLanguage":"se-SE","potentialAction":[{"@type":"ReadAction","target":["https:\/\/ppfnordics.com\/se\/pressrum\/"]}]},{"@type":"BreadcrumbList","@id":"https:\/\/ppfnordics.com\/se\/pressrum\/#breadcrumb","itemListElement":[{"@type":"ListItem","position":1,"name":"Home","item":"https:\/\/ppfnordics.com\/se\/"},{"@type":"ListItem","position":2,"name":"Pressrum"}]},{"@type":"WebSite","@id":"https:\/\/ppfnordics.com\/se\/#website","url":"https:\/\/ppfnordics.com\/se\/","name":"PPF Nordics AB","description":"","publisher":{"@id":"https:\/\/ppfnordics.com\/se\/#organization"},"potentialAction":[{"@type":"SearchAction","target":{"@type":"EntryPoint","urlTemplate":"https:\/\/ppfnordics.com\/se\/?s={search_term_string}"},"query-input":"required name=search_term_string"}],"inLanguage":"se-SE"},{"@type":"Organization","@id":"https:\/\/ppfnordics.com\/se\/#organization","name":"PPF Nordics AB","url":"https:\/\/ppfnordics.com\/se\/","logo":{"@type":"ImageObject","inLanguage":"se-SE","@id":"https:\/\/ppfnordics.com\/se\/#\/schema\/logo\/image\/","url":"https:\/\/ppfnordics.com\/wp-content\/uploads\/2025\/02\/Nav_PPF_Logo.svg","contentUrl":"https:\/\/ppfnordics.com\/wp-content\/uploads\/2025\/02\/Nav_PPF_Logo.svg","caption":"PPF Nordics AB"},"image":{"@id":"https:\/\/ppfnordics.com\/se\/#\/schema\/logo\/image\/"}}]}},"_links":{"self":[{"href":"https:\/\/ppfnordics.com\/se\/wp-json\/wp\/v2\/pages\/645","targetHints":{"allow":["GET"]}}],"collection":[{"href":"https:\/\/ppfnordics.com\/se\/wp-json\/wp\/v2\/pages"}],"about":[{"href":"https:\/\/ppfnordics.com\/se\/wp-json\/wp\/v2\/types\/page"}],"author":[{"embeddable":true,"href":"https:\/\/ppfnordics.com\/se\/wp-json\/wp\/v2\/users\/1"}],"replies":[{"embeddable":true,"href":"https:\/\/ppfnordics.com\/se\/wp-json\/wp\/v2\/comments?post=645"}],"version-history":[{"count":110,"href":"https:\/\/ppfnordics.com\/se\/wp-json\/wp\/v2\/pages\/645\/revisions"}],"predecessor-version":[{"id":4318,"href":"https:\/\/ppfnordics.com\/se\/wp-json\/wp\/v2\/pages\/645\/revisions\/4318"}],"wp:attachment":[{"href":"https:\/\/ppfnordics.com\/se\/wp-json\/wp\/v2\/media?parent=645"}],"curies":[{"name":"wp","href":"https:\/\/api.w.org\/{rel}","templated":true}]}}