{"id":653,"date":"2023-08-07T06:05:23","date_gmt":"2023-08-07T06:05:23","guid":{"rendered":"https:\/\/ppfnordics.com\/private-label\/"},"modified":"2025-03-17T05:11:49","modified_gmt":"2025-03-17T05:11:49","slug":"private-label","status":"publish","type":"page","link":"https:\/\/ppfnordics.com\/se\/private-label\/","title":{"rendered":"Private Label"},"content":{"rendered":"    <section class=\"sub-page-hero-wrap\">\n                <div class=\"overlay\">\n            <div class=\"container\">\n                                                                            <h1 class=\"font-xxl\">Private Label \u2013 premiumprodukter i eget varum\u00e4rke (EMV) <\/h1>\n                                                                             <p><strong>Med v\u00e5r Private Label kan du ta fram djurmat i eget varum\u00e4rke, som m\u00f6ter precis de krav p\u00e5 kvalitet som du sj\u00e4lv st\u00e4ller.<\/strong><\/p>\n                                                \n\n            <\/div>\n\n        <\/div>\n\n    <\/section>\n\n\n\n    <section class=\"single-column-content-wrap\">\n\n        <div class=\"container\">\n                                        <p>Sedan mitten av 90-talet har Partner in Pet Food Nordics AB har erbjudit m\u00e5nga stora f\u00f6retag tillverkning av Private Label-produkter, s\u00e5 kallade EMV. N\u00e4r du v\u00e4ljer Private Label kan du vara s\u00e4ker p\u00e5 att f\u00e5 en premiumprodukt i ditt varum\u00e4rkes namn. Tillsammans utvecklar vi ett sortiment som motsvarar dina f\u00f6ruts\u00e4ttningar b\u00e5de g\u00e4llande kvalitet och tidsplan.<\/p>\n<p>Kontakta\u00a0Andreas Regell\u00a0om Private Label.<br \/>\nTelefon (+46) 322 61 79 12<br \/>\nE-post\u00a0 aregell@ppfeurope.com<\/p>\n            \n        <\/div>\n    <\/section>\n\n","protected":false},"excerpt":{"rendered":"","protected":false},"author":1,"featured_media":0,"parent":0,"menu_order":0,"comment_status":"closed","ping_status":"closed","template":"guternberg.php","meta":{"footnotes":""},"class_list":["post-653","page","type-page","status-publish","hentry"],"acf":[],"yoast_head":"<!-- This site is optimized with the Yoast SEO plugin v21.0 - https:\/\/yoast.com\/wordpress\/plugins\/seo\/ -->\n<title>Private Label | PPF Nordics AB<\/title>\n<meta name=\"robots\" content=\"index, follow, max-snippet:-1, max-image-preview:large, max-video-preview:-1\" \/>\n<link rel=\"canonical\" href=\"https:\/\/ppfnordics.com\/se\/private-label\/\" \/>\n<meta property=\"og:locale\" content=\"en_US\" \/>\n<meta property=\"og:type\" content=\"article\" \/>\n<meta property=\"og:title\" content=\"Private Label | PPF Nordics AB\" \/>\n<meta property=\"og:url\" content=\"https:\/\/ppfnordics.com\/se\/private-label\/\" \/>\n<meta property=\"og:site_name\" content=\"PPF Nordics AB\" \/>\n<meta property=\"article:modified_time\" content=\"2025-03-17T05:11:49+00:00\" \/>\n<meta name=\"twitter:card\" content=\"summary_large_image\" \/>\n<script type=\"application\/ld+json\" class=\"yoast-schema-graph\">{\"@context\":\"https:\/\/schema.org\",\"@graph\":[{\"@type\":\"WebPage\",\"@id\":\"https:\/\/ppfnordics.com\/se\/private-label\/\",\"url\":\"https:\/\/ppfnordics.com\/se\/private-label\/\",\"name\":\"Private Label | PPF Nordics AB\",\"isPartOf\":{\"@id\":\"https:\/\/ppfnordics.com\/se\/#website\"},\"datePublished\":\"2023-08-07T06:05:23+00:00\",\"dateModified\":\"2025-03-17T05:11:49+00:00\",\"breadcrumb\":{\"@id\":\"https:\/\/ppfnordics.com\/se\/private-label\/#breadcrumb\"},\"inLanguage\":\"se-SE\",\"potentialAction\":[{\"@type\":\"ReadAction\",\"target\":[\"https:\/\/ppfnordics.com\/se\/private-label\/\"]}]},{\"@type\":\"BreadcrumbList\",\"@id\":\"https:\/\/ppfnordics.com\/se\/private-label\/#breadcrumb\",\"itemListElement\":[{\"@type\":\"ListItem\",\"position\":1,\"name\":\"Home\",\"item\":\"https:\/\/ppfnordics.com\/se\/\"},{\"@type\":\"ListItem\",\"position\":2,\"name\":\"Private Label\"}]},{\"@type\":\"WebSite\",\"@id\":\"https:\/\/ppfnordics.com\/se\/#website\",\"url\":\"https:\/\/ppfnordics.com\/se\/\",\"name\":\"PPF Nordics AB\",\"description\":\"\",\"publisher\":{\"@id\":\"https:\/\/ppfnordics.com\/se\/#organization\"},\"potentialAction\":[{\"@type\":\"SearchAction\",\"target\":{\"@type\":\"EntryPoint\",\"urlTemplate\":\"https:\/\/ppfnordics.com\/se\/?s={search_term_string}\"},\"query-input\":\"required name=search_term_string\"}],\"inLanguage\":\"se-SE\"},{\"@type\":\"Organization\",\"@id\":\"https:\/\/ppfnordics.com\/se\/#organization\",\"name\":\"PPF Nordics AB\",\"url\":\"https:\/\/ppfnordics.com\/se\/\",\"logo\":{\"@type\":\"ImageObject\",\"inLanguage\":\"se-SE\",\"@id\":\"https:\/\/ppfnordics.com\/se\/#\/schema\/logo\/image\/\",\"url\":\"https:\/\/ppfnordics.com\/wp-content\/uploads\/2025\/02\/Nav_PPF_Logo.svg\",\"contentUrl\":\"https:\/\/ppfnordics.com\/wp-content\/uploads\/2025\/02\/Nav_PPF_Logo.svg\",\"caption\":\"PPF Nordics AB\"},\"image\":{\"@id\":\"https:\/\/ppfnordics.com\/se\/#\/schema\/logo\/image\/\"}}]}<\/script>\n<!-- \/ Yoast SEO plugin. -->","yoast_head_json":{"title":"Private Label | PPF Nordics AB","robots":{"index":"index","follow":"follow","max-snippet":"max-snippet:-1","max-image-preview":"max-image-preview:large","max-video-preview":"max-video-preview:-1"},"canonical":"https:\/\/ppfnordics.com\/se\/private-label\/","og_locale":"en_US","og_type":"article","og_title":"Private Label | PPF Nordics AB","og_url":"https:\/\/ppfnordics.com\/se\/private-label\/","og_site_name":"PPF Nordics AB","article_modified_time":"2025-03-17T05:11:49+00:00","twitter_card":"summary_large_image","schema":{"@context":"https:\/\/schema.org","@graph":[{"@type":"WebPage","@id":"https:\/\/ppfnordics.com\/se\/private-label\/","url":"https:\/\/ppfnordics.com\/se\/private-label\/","name":"Private Label | PPF Nordics AB","isPartOf":{"@id":"https:\/\/ppfnordics.com\/se\/#website"},"datePublished":"2023-08-07T06:05:23+00:00","dateModified":"2025-03-17T05:11:49+00:00","breadcrumb":{"@id":"https:\/\/ppfnordics.com\/se\/private-label\/#breadcrumb"},"inLanguage":"se-SE","potentialAction":[{"@type":"ReadAction","target":["https:\/\/ppfnordics.com\/se\/private-label\/"]}]},{"@type":"BreadcrumbList","@id":"https:\/\/ppfnordics.com\/se\/private-label\/#breadcrumb","itemListElement":[{"@type":"ListItem","position":1,"name":"Home","item":"https:\/\/ppfnordics.com\/se\/"},{"@type":"ListItem","position":2,"name":"Private Label"}]},{"@type":"WebSite","@id":"https:\/\/ppfnordics.com\/se\/#website","url":"https:\/\/ppfnordics.com\/se\/","name":"PPF Nordics AB","description":"","publisher":{"@id":"https:\/\/ppfnordics.com\/se\/#organization"},"potentialAction":[{"@type":"SearchAction","target":{"@type":"EntryPoint","urlTemplate":"https:\/\/ppfnordics.com\/se\/?s={search_term_string}"},"query-input":"required name=search_term_string"}],"inLanguage":"se-SE"},{"@type":"Organization","@id":"https:\/\/ppfnordics.com\/se\/#organization","name":"PPF Nordics AB","url":"https:\/\/ppfnordics.com\/se\/","logo":{"@type":"ImageObject","inLanguage":"se-SE","@id":"https:\/\/ppfnordics.com\/se\/#\/schema\/logo\/image\/","url":"https:\/\/ppfnordics.com\/wp-content\/uploads\/2025\/02\/Nav_PPF_Logo.svg","contentUrl":"https:\/\/ppfnordics.com\/wp-content\/uploads\/2025\/02\/Nav_PPF_Logo.svg","caption":"PPF Nordics AB"},"image":{"@id":"https:\/\/ppfnordics.com\/se\/#\/schema\/logo\/image\/"}}]}},"_links":{"self":[{"href":"https:\/\/ppfnordics.com\/se\/wp-json\/wp\/v2\/pages\/653","targetHints":{"allow":["GET"]}}],"collection":[{"href":"https:\/\/ppfnordics.com\/se\/wp-json\/wp\/v2\/pages"}],"about":[{"href":"https:\/\/ppfnordics.com\/se\/wp-json\/wp\/v2\/types\/page"}],"author":[{"embeddable":true,"href":"https:\/\/ppfnordics.com\/se\/wp-json\/wp\/v2\/users\/1"}],"replies":[{"embeddable":true,"href":"https:\/\/ppfnordics.com\/se\/wp-json\/wp\/v2\/comments?post=653"}],"version-history":[{"count":4,"href":"https:\/\/ppfnordics.com\/se\/wp-json\/wp\/v2\/pages\/653\/revisions"}],"predecessor-version":[{"id":4269,"href":"https:\/\/ppfnordics.com\/se\/wp-json\/wp\/v2\/pages\/653\/revisions\/4269"}],"wp:attachment":[{"href":"https:\/\/ppfnordics.com\/se\/wp-json\/wp\/v2\/media?parent=653"}],"curies":[{"name":"wp","href":"https:\/\/api.w.org\/{rel}","templated":true}]}}