{"id":659,"date":"2023-07-24T12:19:48","date_gmt":"2023-07-24T12:19:48","guid":{"rendered":"https:\/\/ppfnordics.com\/vara-varumarken\/bozita\/"},"modified":"2025-03-14T07:44:21","modified_gmt":"2025-03-14T07:44:21","slug":"bozita","status":"publish","type":"page","link":"https:\/\/ppfnordics.com\/se\/varumarken\/bozita\/","title":{"rendered":"Bozita"},"content":{"rendered":"    <section class=\"offset-content-wrap \">\n\n        <div class=\"container\">\n                            <h5 style=\"text-align: center;\">V\u00e5ra varum\u00e4rken<\/h5>\n<p><img loading=\"lazy\" decoding=\"async\" class=\"wp-image-1065 aligncenter\" src=\"https:\/\/ppfnordics.com\/wp-content\/uploads\/2023\/08\/BrandLogo_Bozita_Colour.svg\" alt=\"\" width=\"425\" height=\"154\" \/><\/p>\n<h5 style=\"text-align: center;\"><strong>Bozita \u2013 hund- och kattfoder av riktigt h\u00f6g kvalitetBozita \u00e4r premiumfoder f\u00f6r b\u00e5de hund och katt. Precis som v\u00e5ra andra produkter \u00e4r de tillagade med k\u00e4rlek som viktigingrediens.Under namnet Bozita samsas en rad olika foder f\u00f6r hund och katt. Fr\u00e5n nordiska smaker till maximalt med energi f\u00f6r h\u00f6gpresterande hundar och aktiva katter.<\/strong><\/h5>\n                        \n        <\/div>\n    <\/section>\n\n\n\n    <section class=\"full-width-section-promo-wrap\">\n        <div class=\"container\">\n            <div class=\"row gx-md-5 flex-row-reverse\">\n            <div class=\"col-lg-6\">\n                    <img loading=\"lazy\" decoding=\"async\" width=\"700\" height=\"625\" src=\"https:\/\/ppfnordics.com\/wp-content\/uploads\/2025\/02\/ProductRangeImage_Bozita.png\" class=\"attachment-full size-full\" alt=\"\" srcset=\"https:\/\/ppfnordics.com\/wp-content\/uploads\/2025\/02\/ProductRangeImage_Bozita.png 700w, https:\/\/ppfnordics.com\/wp-content\/uploads\/2025\/02\/ProductRangeImage_Bozita-300x268.png 300w\" sizes=\"auto, (max-width: 700px) 100vw, 700px\" \/>                <\/div>\n                <div class=\"col-lg-6\">\n                    <div class=\"content-wrap \">\n                                            <h2 class=\"font-md\">Svenskproducerat foder av h\u00f6gsta kvalitet<\/h2>\n                                                                <p><span style=\"font-weight: 400;\">Upplev den naturliga omsorgen fr\u00e5n Sveriges rena natur i varje tugga av Bozitas superpremium hund och kattmat. V\u00e5r passion f\u00f6r kvalitet och v\u00e4lm\u00e5ende f\u00f6r v\u00e5ra husdjur har resulterat i ett enast\u00e5ende svenskproducerat foder som \u00e4r tillverkat av naturliga r\u00e5varor och utan on\u00f6diga tillsatser. N\u00e4r du \u00f6ppnar en p\u00e5se Bozita kan du vara s\u00e4ker p\u00e5 att du ger din p\u00e4lskling det b\u00e4sta. <\/span><\/p>\n<p><span style=\"font-weight: 400;\">Vi \u00e4r stolta \u00f6ver att vara svenska, och vi \u00e4r \u00e4nnu stoltare \u00f6ver att kunna erbjuda produkter som verkligen g\u00f6r skillnad f\u00f6r dina husdjurs h\u00e4lsa och v\u00e4lm\u00e5ende. Prova Bozita idag och se skillnaden det kan g\u00f6ra f\u00f6r din b\u00e4sta v\u00e4n. <\/span><\/p>\n                                                                <a class=\"btn btn-primary\" href=\"https:\/\/bozita.com\/se\/\" target=\"_self\">G\u00c5 TILL WEBBPLATSEN                         <i class=\"fa-solid fa-angle-right\"><\/i>                        <\/a>\n                                            <\/div>\n\n                <\/div>\n\n            <\/div>\n\n\n        <\/div>\n    <\/section>\n\n\n\n    <section class=\"single-column-content-wrap\">\n\n        <div class=\"container\">\n                            <h2 class=\"font-lg\">Bozita tillverkas med premium ingredienser fr\u00e5n svenska g\u00e5rdar i s\u00e5 stor utstr\u00e4ckning som m\u00f6jligt.<\/h2>\n                        \n        <\/div>\n    <\/section>\n\n\n\n    <section class=\"card-promo-wrap \">\n        <div class=\"container\">\n                            <h2 class=\"font-lg\">Bozitas Produktsortiment<\/h2>\n                        <div class=\"row\">\n                                        <div class=\"col-lg-6 \">\n                                                            <div class=\"card-thumb\">\n                                    <img loading=\"lazy\" decoding=\"async\" width=\"800\" height=\"700\" src=\"https:\/\/ppfnordics.com\/wp-content\/uploads\/2023\/08\/2307-Puff-hundmat-startsidan-bozita-800x700-2-2.jpg\" class=\"attachment-full size-full\" alt=\"\" srcset=\"https:\/\/ppfnordics.com\/wp-content\/uploads\/2023\/08\/2307-Puff-hundmat-startsidan-bozita-800x700-2-2.jpg 800w, https:\/\/ppfnordics.com\/wp-content\/uploads\/2023\/08\/2307-Puff-hundmat-startsidan-bozita-800x700-2-2-300x263.jpg 300w, https:\/\/ppfnordics.com\/wp-content\/uploads\/2023\/08\/2307-Puff-hundmat-startsidan-bozita-800x700-2-2-768x672.jpg 768w\" sizes=\"auto, (max-width: 800px) 100vw, 800px\" \/>                                    <div class=\"card-thumb-body\">\n                                                                                    <h3>Bozita hundmat<\/h3>\n                                                                                                                            <p><span style=\"font-weight: 400;\">Premiumfoder f\u00f6r hundar, framtaget av nutritionister specialiserade p\u00e5 sambandet mellan mat och h\u00e4lsa s\u00e5 att din hund st\u00e5r stark \u00e4ven inf\u00f6r de tuffaste utmaningarna.<\/span><\/p>\n                                        \n                                    <\/div>\n\n                                <\/div>\n                                                        <\/div>\n\n                                        <div class=\"col-lg-6 \">\n                                                            <div class=\"card-thumb\">\n                                    <img loading=\"lazy\" decoding=\"async\" width=\"800\" height=\"700\" src=\"https:\/\/ppfnordics.com\/wp-content\/uploads\/2023\/08\/doggyab-bozita-cat.jpg\" class=\"attachment-full size-full\" alt=\"\" srcset=\"https:\/\/ppfnordics.com\/wp-content\/uploads\/2023\/08\/doggyab-bozita-cat.jpg 800w, https:\/\/ppfnordics.com\/wp-content\/uploads\/2023\/08\/doggyab-bozita-cat-300x263.jpg 300w, https:\/\/ppfnordics.com\/wp-content\/uploads\/2023\/08\/doggyab-bozita-cat-768x672.jpg 768w\" sizes=\"auto, (max-width: 800px) 100vw, 800px\" \/>                                    <div class=\"card-thumb-body\">\n                                                                                    <h3>Bozita kattmat<\/h3>\n                                                                                                                            <p><span style=\"font-weight: 400;\">Torr- och v\u00e5tfoder f\u00f6r katter, med h\u00f6g andel av f\u00e4rskt svenskt k\u00f6tt f\u00f6r h\u00f6g smaklighet och sm\u00e4ltbarhet s\u00e5 att din katt kan tillgodog\u00f6ra sig alla viktiga n\u00e4rings\u00e4mnen.<\/span><\/p>\n                                        \n                                    <\/div>\n\n                                <\/div>\n                                                        <\/div>\n\n                            <\/div>\n            \n        <\/div>\n\n    <\/section>\n\n","protected":false},"excerpt":{"rendered":"","protected":false},"author":1,"featured_media":0,"parent":657,"menu_order":0,"comment_status":"closed","ping_status":"closed","template":"guternberg.php","meta":{"footnotes":""},"class_list":["post-659","page","type-page","status-publish","hentry"],"acf":[],"yoast_head":"<!-- This site is optimized with the Yoast SEO plugin v21.0 - https:\/\/yoast.com\/wordpress\/plugins\/seo\/ -->\n<title>Bozita | PPF Nordics AB<\/title>\n<meta name=\"robots\" content=\"index, follow, max-snippet:-1, max-image-preview:large, max-video-preview:-1\" \/>\n<link rel=\"canonical\" href=\"https:\/\/ppfnordics.com\/se\/varumarken\/bozita\/\" \/>\n<meta property=\"og:locale\" content=\"en_US\" \/>\n<meta property=\"og:type\" content=\"article\" \/>\n<meta property=\"og:title\" content=\"Bozita | PPF Nordics AB\" \/>\n<meta property=\"og:url\" content=\"https:\/\/ppfnordics.com\/se\/varumarken\/bozita\/\" \/>\n<meta property=\"og:site_name\" content=\"PPF Nordics AB\" \/>\n<meta property=\"article:modified_time\" content=\"2025-03-14T07:44:21+00:00\" \/>\n<meta name=\"twitter:card\" content=\"summary_large_image\" \/>\n<script type=\"application\/ld+json\" class=\"yoast-schema-graph\">{\"@context\":\"https:\/\/schema.org\",\"@graph\":[{\"@type\":\"WebPage\",\"@id\":\"https:\/\/ppfnordics.com\/se\/varumarken\/bozita\/\",\"url\":\"https:\/\/ppfnordics.com\/se\/varumarken\/bozita\/\",\"name\":\"Bozita | PPF Nordics AB\",\"isPartOf\":{\"@id\":\"https:\/\/ppfnordics.com\/se\/#website\"},\"datePublished\":\"2023-07-24T12:19:48+00:00\",\"dateModified\":\"2025-03-14T07:44:21+00:00\",\"breadcrumb\":{\"@id\":\"https:\/\/ppfnordics.com\/se\/varumarken\/bozita\/#breadcrumb\"},\"inLanguage\":\"se-SE\",\"potentialAction\":[{\"@type\":\"ReadAction\",\"target\":[\"https:\/\/ppfnordics.com\/se\/varumarken\/bozita\/\"]}]},{\"@type\":\"BreadcrumbList\",\"@id\":\"https:\/\/ppfnordics.com\/se\/varumarken\/bozita\/#breadcrumb\",\"itemListElement\":[{\"@type\":\"ListItem\",\"position\":1,\"name\":\"Home\",\"item\":\"https:\/\/ppfnordics.com\/se\/\"},{\"@type\":\"ListItem\",\"position\":2,\"name\":\"V\u00c5RA VARUM\u00c4RKEN\",\"item\":\"https:\/\/ppfnordics.com\/se\/varumarken\/\"},{\"@type\":\"ListItem\",\"position\":3,\"name\":\"Bozita\"}]},{\"@type\":\"WebSite\",\"@id\":\"https:\/\/ppfnordics.com\/se\/#website\",\"url\":\"https:\/\/ppfnordics.com\/se\/\",\"name\":\"PPF Nordics AB\",\"description\":\"\",\"publisher\":{\"@id\":\"https:\/\/ppfnordics.com\/se\/#organization\"},\"potentialAction\":[{\"@type\":\"SearchAction\",\"target\":{\"@type\":\"EntryPoint\",\"urlTemplate\":\"https:\/\/ppfnordics.com\/se\/?s={search_term_string}\"},\"query-input\":\"required name=search_term_string\"}],\"inLanguage\":\"se-SE\"},{\"@type\":\"Organization\",\"@id\":\"https:\/\/ppfnordics.com\/se\/#organization\",\"name\":\"PPF Nordics AB\",\"url\":\"https:\/\/ppfnordics.com\/se\/\",\"logo\":{\"@type\":\"ImageObject\",\"inLanguage\":\"se-SE\",\"@id\":\"https:\/\/ppfnordics.com\/se\/#\/schema\/logo\/image\/\",\"url\":\"https:\/\/ppfnordics.com\/wp-content\/uploads\/2025\/02\/Nav_PPF_Logo.svg\",\"contentUrl\":\"https:\/\/ppfnordics.com\/wp-content\/uploads\/2025\/02\/Nav_PPF_Logo.svg\",\"caption\":\"PPF Nordics AB\"},\"image\":{\"@id\":\"https:\/\/ppfnordics.com\/se\/#\/schema\/logo\/image\/\"}}]}<\/script>\n<!-- \/ Yoast SEO plugin. -->","yoast_head_json":{"title":"Bozita | PPF Nordics AB","robots":{"index":"index","follow":"follow","max-snippet":"max-snippet:-1","max-image-preview":"max-image-preview:large","max-video-preview":"max-video-preview:-1"},"canonical":"https:\/\/ppfnordics.com\/se\/varumarken\/bozita\/","og_locale":"en_US","og_type":"article","og_title":"Bozita | PPF Nordics AB","og_url":"https:\/\/ppfnordics.com\/se\/varumarken\/bozita\/","og_site_name":"PPF Nordics AB","article_modified_time":"2025-03-14T07:44:21+00:00","twitter_card":"summary_large_image","schema":{"@context":"https:\/\/schema.org","@graph":[{"@type":"WebPage","@id":"https:\/\/ppfnordics.com\/se\/varumarken\/bozita\/","url":"https:\/\/ppfnordics.com\/se\/varumarken\/bozita\/","name":"Bozita | PPF Nordics AB","isPartOf":{"@id":"https:\/\/ppfnordics.com\/se\/#website"},"datePublished":"2023-07-24T12:19:48+00:00","dateModified":"2025-03-14T07:44:21+00:00","breadcrumb":{"@id":"https:\/\/ppfnordics.com\/se\/varumarken\/bozita\/#breadcrumb"},"inLanguage":"se-SE","potentialAction":[{"@type":"ReadAction","target":["https:\/\/ppfnordics.com\/se\/varumarken\/bozita\/"]}]},{"@type":"BreadcrumbList","@id":"https:\/\/ppfnordics.com\/se\/varumarken\/bozita\/#breadcrumb","itemListElement":[{"@type":"ListItem","position":1,"name":"Home","item":"https:\/\/ppfnordics.com\/se\/"},{"@type":"ListItem","position":2,"name":"V\u00c5RA VARUM\u00c4RKEN","item":"https:\/\/ppfnordics.com\/se\/varumarken\/"},{"@type":"ListItem","position":3,"name":"Bozita"}]},{"@type":"WebSite","@id":"https:\/\/ppfnordics.com\/se\/#website","url":"https:\/\/ppfnordics.com\/se\/","name":"PPF Nordics AB","description":"","publisher":{"@id":"https:\/\/ppfnordics.com\/se\/#organization"},"potentialAction":[{"@type":"SearchAction","target":{"@type":"EntryPoint","urlTemplate":"https:\/\/ppfnordics.com\/se\/?s={search_term_string}"},"query-input":"required name=search_term_string"}],"inLanguage":"se-SE"},{"@type":"Organization","@id":"https:\/\/ppfnordics.com\/se\/#organization","name":"PPF Nordics AB","url":"https:\/\/ppfnordics.com\/se\/","logo":{"@type":"ImageObject","inLanguage":"se-SE","@id":"https:\/\/ppfnordics.com\/se\/#\/schema\/logo\/image\/","url":"https:\/\/ppfnordics.com\/wp-content\/uploads\/2025\/02\/Nav_PPF_Logo.svg","contentUrl":"https:\/\/ppfnordics.com\/wp-content\/uploads\/2025\/02\/Nav_PPF_Logo.svg","caption":"PPF Nordics AB"},"image":{"@id":"https:\/\/ppfnordics.com\/se\/#\/schema\/logo\/image\/"}}]}},"_links":{"self":[{"href":"https:\/\/ppfnordics.com\/se\/wp-json\/wp\/v2\/pages\/659","targetHints":{"allow":["GET"]}}],"collection":[{"href":"https:\/\/ppfnordics.com\/se\/wp-json\/wp\/v2\/pages"}],"about":[{"href":"https:\/\/ppfnordics.com\/se\/wp-json\/wp\/v2\/types\/page"}],"author":[{"embeddable":true,"href":"https:\/\/ppfnordics.com\/se\/wp-json\/wp\/v2\/users\/1"}],"replies":[{"embeddable":true,"href":"https:\/\/ppfnordics.com\/se\/wp-json\/wp\/v2\/comments?post=659"}],"version-history":[{"count":83,"href":"https:\/\/ppfnordics.com\/se\/wp-json\/wp\/v2\/pages\/659\/revisions"}],"predecessor-version":[{"id":4245,"href":"https:\/\/ppfnordics.com\/se\/wp-json\/wp\/v2\/pages\/659\/revisions\/4245"}],"up":[{"embeddable":true,"href":"https:\/\/ppfnordics.com\/se\/wp-json\/wp\/v2\/pages\/657"}],"wp:attachment":[{"href":"https:\/\/ppfnordics.com\/se\/wp-json\/wp\/v2\/media?parent=659"}],"curies":[{"name":"wp","href":"https:\/\/api.w.org\/{rel}","templated":true}]}}