{"id":661,"date":"2023-07-24T11:34:55","date_gmt":"2023-07-24T11:34:55","guid":{"rendered":"https:\/\/ppfnordics.com\/vara-varumarken\/doggy\/"},"modified":"2025-04-08T05:37:59","modified_gmt":"2025-04-08T05:37:59","slug":"doggy","status":"publish","type":"page","link":"https:\/\/ppfnordics.com\/se\/varumarken\/doggy\/","title":{"rendered":"Doggy"},"content":{"rendered":"    <section class=\"offset-content-wrap \">\n\n        <div class=\"container\">\n                            <h5 style=\"text-align: center;\">V\u00e5ra varum\u00e4rken<\/h5>\n<p><img loading=\"lazy\" decoding=\"async\" class=\"aligncenter wp-image-4453 size-full\" src=\"https:\/\/ppfnordics.com\/wp-content\/uploads\/2025\/04\/Doggy_logo_Vgda_black.png\" alt=\"\" width=\"534\" height=\"168\" srcset=\"https:\/\/ppfnordics.com\/wp-content\/uploads\/2025\/04\/Doggy_logo_Vgda_black.png 534w, https:\/\/ppfnordics.com\/wp-content\/uploads\/2025\/04\/Doggy_logo_Vgda_black-300x94.png 300w\" sizes=\"auto, (max-width: 534px) 100vw, 534px\" \/><\/p>\n<p>&nbsp;<\/p>\n<h5 style=\"text-align: center;\"><strong>V\u00e4lkommen till Doggy &#8211; d\u00e4r kvalitet, smak och omsorg sammanstr\u00e5lar f\u00f6r att ge din hund den b\u00e4sta matupplevelsen som Sverige har att erbjuda. Vi tror p\u00e5 att skapa speciella \u00f6gonblick genom varje tugga, d\u00e4r mat blir mer \u00e4n bara n\u00e4ring &#8211; det blir en sann gl\u00e4djek\u00e4lla f\u00f6r din hund.<\/strong><\/h5>\n                        \n        <\/div>\n    <\/section>\n\n\n\n    <section class=\"full-width-section-promo-wrap\">\n        <div class=\"container\">\n            <div class=\"row gx-md-5 flex-row-reverse\">\n            <div class=\"col-lg-6\">\n                    <img loading=\"lazy\" decoding=\"async\" width=\"1080\" height=\"1080\" src=\"https:\/\/ppfnordics.com\/wp-content\/uploads\/2025\/04\/Doggy_AB_Group.jpg\" class=\"attachment-full size-full\" alt=\"\" srcset=\"https:\/\/ppfnordics.com\/wp-content\/uploads\/2025\/04\/Doggy_AB_Group.jpg 1080w, https:\/\/ppfnordics.com\/wp-content\/uploads\/2025\/04\/Doggy_AB_Group-300x300.jpg 300w, https:\/\/ppfnordics.com\/wp-content\/uploads\/2025\/04\/Doggy_AB_Group-1024x1024.jpg 1024w, https:\/\/ppfnordics.com\/wp-content\/uploads\/2025\/04\/Doggy_AB_Group-150x150.jpg 150w, https:\/\/ppfnordics.com\/wp-content\/uploads\/2025\/04\/Doggy_AB_Group-768x768.jpg 768w\" sizes=\"auto, (max-width: 1080px) 100vw, 1080px\" \/>                <\/div>\n                <div class=\"col-lg-6\">\n                    <div class=\"content-wrap \">\n                                            <h2 class=\"font-md\">Sveriges mest \u00e4lskade hundfoder<\/h2>\n                                                                <p>Vi f\u00f6rst\u00e5r att din hunds v\u00e4lm\u00e5ende \u00e4r av st\u00f6rsta vikt f\u00f6r dig. D\u00e4rf\u00f6r har vi skapat ett hundfoder som inte bara lockar med sin goda smak, utan ocks\u00e5 ger din hund en optimal balans av n\u00e4rings\u00e4mnen. V\u00e5r passion f\u00f6r att erbjuda \u00f6verl\u00e4gsen kvalitet str\u00e4cker sig fr\u00e5n v\u00e5ra noga utvalda ingredienser till tillverkningsprocessen i V\u00e5rg\u00e5rda, d\u00e4r varje steg utf\u00f6rs med omsorg och precision.<\/p>\n<p>Oavsett om din hund \u00e4r en valp som utforskar v\u00e4rlden, en vuxen livsnjutare eller en \u00e4ldre kamrat som f\u00f6rtj\u00e4nar extra omtanke, har vi det perfekta fodret f\u00f6r varje livsstadie. Varje hund \u00e4r unik, och d\u00e4rf\u00f6r erbjuder vi skr\u00e4ddarsydda alternativ som passar just din familjemedlem.<\/p>\n                                                                <a class=\"btn btn-primary\" href=\"https:\/\/doggy.se\/\" target=\"_self\">G\u00e5 till webbplatsen                        <i class=\"fa-solid fa-angle-right\"><\/i>                        <\/a>\n                                            <\/div>\n\n                <\/div>\n\n            <\/div>\n\n\n        <\/div>\n    <\/section>\n\n\n\n    <section class=\"single-column-content-wrap\">\n\n        <div class=\"container\">\n                            <h2 class=\"font-lg\">Vi p\u00e5 Doggy drivs av k\u00e4rleken till hundarna. Allt torrfoder tillagas h\u00e4r i V\u00e5rg\u00e5rda, noga utr\u00e4knat av v\u00e5ra n\u00e4ringsexperter.<\/h2>\n                        \n        <\/div>\n    <\/section>\n\n\n\n    <section class=\"card-promo-wrap \">\n        <div class=\"container\">\n                            <h2 class=\"font-lg\">Doggys Produktsortiment<\/h2>\n                        <div class=\"row\">\n                                        <div class=\"col-lg-6 \">\n                                                            <div class=\"card-thumb\">\n                                    <img loading=\"lazy\" decoding=\"async\" width=\"1080\" height=\"1080\" src=\"https:\/\/ppfnordics.com\/wp-content\/uploads\/2025\/04\/Doggybas.jpg\" class=\"attachment-full size-full\" alt=\"\" srcset=\"https:\/\/ppfnordics.com\/wp-content\/uploads\/2025\/04\/Doggybas.jpg 1080w, https:\/\/ppfnordics.com\/wp-content\/uploads\/2025\/04\/Doggybas-300x300.jpg 300w, https:\/\/ppfnordics.com\/wp-content\/uploads\/2025\/04\/Doggybas-1024x1024.jpg 1024w, https:\/\/ppfnordics.com\/wp-content\/uploads\/2025\/04\/Doggybas-150x150.jpg 150w, https:\/\/ppfnordics.com\/wp-content\/uploads\/2025\/04\/Doggybas-768x768.jpg 768w\" sizes=\"auto, (max-width: 1080px) 100vw, 1080px\" \/>                                    <div class=\"card-thumb-body\">\n                                                                                    <h3>Doggy<\/h3>\n                                                                                                                            <p>V\u00e5rt V\u00e5rg\u00e5rda-tillverkade hundfoder \u00e4r inte bara det mest s\u00e5lda i landet, det \u00e4r ocks\u00e5 en v\u00e4lbalanserad och l\u00e4cker m\u00e5ltid f\u00f6r hundar. I v\u00e5rt breda sortiment ing\u00e5r torrfoder, v\u00e5tfoder och hundgodis, sj\u00e4lvklart utan tillsatt socker. Vi brinner f\u00f6r att skapa en matupplevelse som f\u00e5r svansen att vifta och f\u00e5r din hund att \u00e4lska varje tugga.<\/p>\n                                        \n                                    <\/div>\n\n                                <\/div>\n                                                        <\/div>\n\n                                        <div class=\"col-lg-6 \">\n                                                            <div class=\"card-thumb\">\n                                    <img loading=\"lazy\" decoding=\"async\" width=\"1080\" height=\"1080\" src=\"https:\/\/ppfnordics.com\/wp-content\/uploads\/2025\/04\/DoggyProfessional.jpg\" class=\"attachment-full size-full\" alt=\"\" srcset=\"https:\/\/ppfnordics.com\/wp-content\/uploads\/2025\/04\/DoggyProfessional.jpg 1080w, https:\/\/ppfnordics.com\/wp-content\/uploads\/2025\/04\/DoggyProfessional-300x300.jpg 300w, https:\/\/ppfnordics.com\/wp-content\/uploads\/2025\/04\/DoggyProfessional-1024x1024.jpg 1024w, https:\/\/ppfnordics.com\/wp-content\/uploads\/2025\/04\/DoggyProfessional-150x150.jpg 150w, https:\/\/ppfnordics.com\/wp-content\/uploads\/2025\/04\/DoggyProfessional-768x768.jpg 768w\" sizes=\"auto, (max-width: 1080px) 100vw, 1080px\" \/>                                    <div class=\"card-thumb-body\">\n                                                                                    <h3>Doggy Professional<\/h3>\n                                                                                                                            <p>Doggy Professional \u00e4r ett exceptionellt foderalternativ, skr\u00e4ddarsytt f\u00f6r att matcha din hunds aktivitetsniv\u00e5! Du hittar b\u00e5de h\u00f6genergifoder till hundar som beh\u00f6ver extra energi och hundfoder med l\u00e5g fetthalt som passar kastrerade hundar. Med Doggy Professional kan du vara s\u00e4ker p\u00e5 att du ger din fyrbenta v\u00e4n det b\u00e4sta m\u00f6jliga.<\/p>\n                                        \n                                    <\/div>\n\n                                <\/div>\n                                                        <\/div>\n\n                                        <div class=\"col-lg-12 full-width\">\n                                                            <div class=\"card-thumb\">\n                                    <img loading=\"lazy\" decoding=\"async\" width=\"680\" height=\"571\" src=\"https:\/\/ppfnordics.com\/wp-content\/uploads\/2025\/03\/DoggyDelikatessImage.png\" class=\"attachment-full size-full\" alt=\"\" srcset=\"https:\/\/ppfnordics.com\/wp-content\/uploads\/2025\/03\/DoggyDelikatessImage.png 680w, https:\/\/ppfnordics.com\/wp-content\/uploads\/2025\/03\/DoggyDelikatessImage-300x252.png 300w\" sizes=\"auto, (max-width: 680px) 100vw, 680px\" \/>                                    <div class=\"card-thumb-body\">\n                                                                                    <h3>Doggy Delikatess<\/h3>\n                                                                                                                            <p>V\u00e5rt V\u00e5rg\u00e5rda-tillverkade hundfoder \u00e4r inte bara det mest s\u00e5lda i landet, det \u00e4r ocks\u00e5 en v\u00e4lbalanserad och l\u00e4cker m\u00e5ltid f\u00f6r hundar. I v\u00e5rt breda sortiment ing\u00e5r torrfoder, v\u00e5tfoder och hundgodis, sj\u00e4lvklart utan tillsatt socker. Vi brinner f\u00f6r att skapa en matupplevelse som f\u00e5r svansen att vifta och f\u00e5r din hund att \u00e4lska varje tugga.<\/p>\n                                        \n                                    <\/div>\n\n                                <\/div>\n                                                        <\/div>\n\n                            <\/div>\n            \n        <\/div>\n\n    <\/section>\n\n","protected":false},"excerpt":{"rendered":"","protected":false},"author":1,"featured_media":0,"parent":657,"menu_order":0,"comment_status":"closed","ping_status":"closed","template":"guternberg.php","meta":{"footnotes":""},"class_list":["post-661","page","type-page","status-publish","hentry"],"acf":[],"yoast_head":"<!-- This site is optimized with the Yoast SEO plugin v21.0 - https:\/\/yoast.com\/wordpress\/plugins\/seo\/ -->\n<title>Doggy | PPF Nordics AB<\/title>\n<meta name=\"robots\" content=\"index, follow, max-snippet:-1, max-image-preview:large, max-video-preview:-1\" \/>\n<link rel=\"canonical\" href=\"https:\/\/ppfnordics.com\/se\/varumarken\/doggy\/\" \/>\n<meta property=\"og:locale\" content=\"en_US\" \/>\n<meta property=\"og:type\" content=\"article\" \/>\n<meta property=\"og:title\" content=\"Doggy | PPF Nordics AB\" \/>\n<meta property=\"og:url\" content=\"https:\/\/ppfnordics.com\/se\/varumarken\/doggy\/\" \/>\n<meta property=\"og:site_name\" content=\"PPF Nordics AB\" \/>\n<meta property=\"article:modified_time\" content=\"2025-04-08T05:37:59+00:00\" \/>\n<meta name=\"twitter:card\" content=\"summary_large_image\" \/>\n<script type=\"application\/ld+json\" class=\"yoast-schema-graph\">{\"@context\":\"https:\/\/schema.org\",\"@graph\":[{\"@type\":\"WebPage\",\"@id\":\"https:\/\/ppfnordics.com\/se\/varumarken\/doggy\/\",\"url\":\"https:\/\/ppfnordics.com\/se\/varumarken\/doggy\/\",\"name\":\"Doggy | PPF Nordics AB\",\"isPartOf\":{\"@id\":\"https:\/\/ppfnordics.com\/se\/#website\"},\"datePublished\":\"2023-07-24T11:34:55+00:00\",\"dateModified\":\"2025-04-08T05:37:59+00:00\",\"breadcrumb\":{\"@id\":\"https:\/\/ppfnordics.com\/se\/varumarken\/doggy\/#breadcrumb\"},\"inLanguage\":\"se-SE\",\"potentialAction\":[{\"@type\":\"ReadAction\",\"target\":[\"https:\/\/ppfnordics.com\/se\/varumarken\/doggy\/\"]}]},{\"@type\":\"BreadcrumbList\",\"@id\":\"https:\/\/ppfnordics.com\/se\/varumarken\/doggy\/#breadcrumb\",\"itemListElement\":[{\"@type\":\"ListItem\",\"position\":1,\"name\":\"Home\",\"item\":\"https:\/\/ppfnordics.com\/se\/\"},{\"@type\":\"ListItem\",\"position\":2,\"name\":\"V\u00c5RA VARUM\u00c4RKEN\",\"item\":\"https:\/\/ppfnordics.com\/se\/varumarken\/\"},{\"@type\":\"ListItem\",\"position\":3,\"name\":\"Doggy\"}]},{\"@type\":\"WebSite\",\"@id\":\"https:\/\/ppfnordics.com\/se\/#website\",\"url\":\"https:\/\/ppfnordics.com\/se\/\",\"name\":\"PPF Nordics AB\",\"description\":\"\",\"publisher\":{\"@id\":\"https:\/\/ppfnordics.com\/se\/#organization\"},\"potentialAction\":[{\"@type\":\"SearchAction\",\"target\":{\"@type\":\"EntryPoint\",\"urlTemplate\":\"https:\/\/ppfnordics.com\/se\/?s={search_term_string}\"},\"query-input\":\"required name=search_term_string\"}],\"inLanguage\":\"se-SE\"},{\"@type\":\"Organization\",\"@id\":\"https:\/\/ppfnordics.com\/se\/#organization\",\"name\":\"PPF Nordics AB\",\"url\":\"https:\/\/ppfnordics.com\/se\/\",\"logo\":{\"@type\":\"ImageObject\",\"inLanguage\":\"se-SE\",\"@id\":\"https:\/\/ppfnordics.com\/se\/#\/schema\/logo\/image\/\",\"url\":\"https:\/\/ppfnordics.com\/wp-content\/uploads\/2025\/02\/Nav_PPF_Logo.svg\",\"contentUrl\":\"https:\/\/ppfnordics.com\/wp-content\/uploads\/2025\/02\/Nav_PPF_Logo.svg\",\"caption\":\"PPF Nordics AB\"},\"image\":{\"@id\":\"https:\/\/ppfnordics.com\/se\/#\/schema\/logo\/image\/\"}}]}<\/script>\n<!-- \/ Yoast SEO plugin. -->","yoast_head_json":{"title":"Doggy | PPF Nordics AB","robots":{"index":"index","follow":"follow","max-snippet":"max-snippet:-1","max-image-preview":"max-image-preview:large","max-video-preview":"max-video-preview:-1"},"canonical":"https:\/\/ppfnordics.com\/se\/varumarken\/doggy\/","og_locale":"en_US","og_type":"article","og_title":"Doggy | PPF Nordics AB","og_url":"https:\/\/ppfnordics.com\/se\/varumarken\/doggy\/","og_site_name":"PPF Nordics AB","article_modified_time":"2025-04-08T05:37:59+00:00","twitter_card":"summary_large_image","schema":{"@context":"https:\/\/schema.org","@graph":[{"@type":"WebPage","@id":"https:\/\/ppfnordics.com\/se\/varumarken\/doggy\/","url":"https:\/\/ppfnordics.com\/se\/varumarken\/doggy\/","name":"Doggy | PPF Nordics AB","isPartOf":{"@id":"https:\/\/ppfnordics.com\/se\/#website"},"datePublished":"2023-07-24T11:34:55+00:00","dateModified":"2025-04-08T05:37:59+00:00","breadcrumb":{"@id":"https:\/\/ppfnordics.com\/se\/varumarken\/doggy\/#breadcrumb"},"inLanguage":"se-SE","potentialAction":[{"@type":"ReadAction","target":["https:\/\/ppfnordics.com\/se\/varumarken\/doggy\/"]}]},{"@type":"BreadcrumbList","@id":"https:\/\/ppfnordics.com\/se\/varumarken\/doggy\/#breadcrumb","itemListElement":[{"@type":"ListItem","position":1,"name":"Home","item":"https:\/\/ppfnordics.com\/se\/"},{"@type":"ListItem","position":2,"name":"V\u00c5RA VARUM\u00c4RKEN","item":"https:\/\/ppfnordics.com\/se\/varumarken\/"},{"@type":"ListItem","position":3,"name":"Doggy"}]},{"@type":"WebSite","@id":"https:\/\/ppfnordics.com\/se\/#website","url":"https:\/\/ppfnordics.com\/se\/","name":"PPF Nordics AB","description":"","publisher":{"@id":"https:\/\/ppfnordics.com\/se\/#organization"},"potentialAction":[{"@type":"SearchAction","target":{"@type":"EntryPoint","urlTemplate":"https:\/\/ppfnordics.com\/se\/?s={search_term_string}"},"query-input":"required name=search_term_string"}],"inLanguage":"se-SE"},{"@type":"Organization","@id":"https:\/\/ppfnordics.com\/se\/#organization","name":"PPF Nordics AB","url":"https:\/\/ppfnordics.com\/se\/","logo":{"@type":"ImageObject","inLanguage":"se-SE","@id":"https:\/\/ppfnordics.com\/se\/#\/schema\/logo\/image\/","url":"https:\/\/ppfnordics.com\/wp-content\/uploads\/2025\/02\/Nav_PPF_Logo.svg","contentUrl":"https:\/\/ppfnordics.com\/wp-content\/uploads\/2025\/02\/Nav_PPF_Logo.svg","caption":"PPF Nordics AB"},"image":{"@id":"https:\/\/ppfnordics.com\/se\/#\/schema\/logo\/image\/"}}]}},"_links":{"self":[{"href":"https:\/\/ppfnordics.com\/se\/wp-json\/wp\/v2\/pages\/661","targetHints":{"allow":["GET"]}}],"collection":[{"href":"https:\/\/ppfnordics.com\/se\/wp-json\/wp\/v2\/pages"}],"about":[{"href":"https:\/\/ppfnordics.com\/se\/wp-json\/wp\/v2\/types\/page"}],"author":[{"embeddable":true,"href":"https:\/\/ppfnordics.com\/se\/wp-json\/wp\/v2\/users\/1"}],"replies":[{"embeddable":true,"href":"https:\/\/ppfnordics.com\/se\/wp-json\/wp\/v2\/comments?post=661"}],"version-history":[{"count":64,"href":"https:\/\/ppfnordics.com\/se\/wp-json\/wp\/v2\/pages\/661\/revisions"}],"predecessor-version":[{"id":4474,"href":"https:\/\/ppfnordics.com\/se\/wp-json\/wp\/v2\/pages\/661\/revisions\/4474"}],"up":[{"embeddable":true,"href":"https:\/\/ppfnordics.com\/se\/wp-json\/wp\/v2\/pages\/657"}],"wp:attachment":[{"href":"https:\/\/ppfnordics.com\/se\/wp-json\/wp\/v2\/media?parent=661"}],"curies":[{"name":"wp","href":"https:\/\/api.w.org\/{rel}","templated":true}]}}