{"id":663,"date":"2023-07-24T12:22:53","date_gmt":"2023-07-24T12:22:53","guid":{"rendered":"https:\/\/ppfnordics.com\/vara-varumarken\/katty\/"},"modified":"2025-08-12T08:58:36","modified_gmt":"2025-08-12T08:58:36","slug":"katty","status":"publish","type":"page","link":"https:\/\/ppfnordics.com\/se\/varumarken\/katty\/","title":{"rendered":"Katty"},"content":{"rendered":"    <section class=\"offset-content-wrap \">\n\n        <div class=\"container\">\n                            <h5 style=\"text-align: center;\">V\u00e5ra varum\u00e4rken<\/h5>\n<p><img loading=\"lazy\" decoding=\"async\" class=\" wp-image-681 aligncenter\" src=\"https:\/\/ppfnordics.com\/wp-content\/uploads\/2023\/07\/BrandLogo_Katty_Light.svg\" alt=\"\" width=\"412\" height=\"95\" \/><\/p>\n                        \n        <\/div>\n    <\/section>\n\n\n\n    <section class=\"full-width-section-promo-wrap\">\n        <div class=\"container\">\n            <div class=\"row gx-md-5 flex-row-reverse\">\n            <div class=\"col-lg-6\">\n                    <img loading=\"lazy\" decoding=\"async\" width=\"751\" height=\"676\" src=\"https:\/\/ppfnordics.com\/wp-content\/uploads\/2025\/03\/katty.png\" class=\"attachment-full size-full\" alt=\"\" srcset=\"https:\/\/ppfnordics.com\/wp-content\/uploads\/2025\/03\/katty.png 751w, https:\/\/ppfnordics.com\/wp-content\/uploads\/2025\/03\/katty-300x270.png 300w\" sizes=\"auto, (max-width: 751px) 100vw, 751px\" \/>                <\/div>\n                <div class=\"col-lg-6\">\n                    <div class=\"content-wrap \">\n                                            <h2 class=\"font-md\">Den F\u00f6rtrollande Kattmaten Fr\u00e5n V\u00e5rg\u00e5rda<\/h2>\n                                                                <p>Vi tror p\u00e5 att kattmat ska vara enast\u00e5ende &#8211; b\u00e5de i smak och n\u00e4ringsinneh\u00e5ll. D\u00e4rf\u00f6r har vi skapat Katty. V\u00e5r kattmat \u00e4r som ett magiskt elixir, fullsp\u00e4ckat med alla n\u00e4rings\u00e4mnen, vitaminer och mineraler som din katt beh\u00f6ver f\u00f6r att g\u00f6ra dagen of\u00f6rgl\u00f6mlig!<\/p>\n<p>N\u00e4r du serverar Katty till din katt, f\u00f6r du \u00e4ven med dig en bit av V\u00e5rg\u00e5rda hem. Varje tugga \u00e4r fylld av den k\u00e4rlek och omsorg som vi l\u00e4gger ner i varje steg av tillverkningsprocessen.<\/p>\n                                                            <\/div>\n\n                <\/div>\n\n            <\/div>\n\n\n        <\/div>\n    <\/section>\n\n\n\n    <section class=\"single-column-content-wrap\">\n\n        <div class=\"container\">\n                            <h2 class=\"font-lg\">Vi vill att din katt ska njuta av det b\u00e4sta av b\u00e5de smaker och v\u00e4lbefinnande, precis som den harmoni som pr\u00e4glar V\u00e5rg\u00e5rda.<\/h2>\n                        \n        <\/div>\n    <\/section>\n\n\n\n    <section class=\"product-list-wrap\">\n        <div class=\"container\">\n                            <h2 class=\"font-lg\">Kattys produktsortiment<\/h2>\n                        <div class=\"row justify-content-center\">\n                                        <div class=\"col-sm-6 col-lg-4 col-xl-3\">\n                            <div class=\"card-thumb\">\n                                <img loading=\"lazy\" decoding=\"async\" width=\"135\" height=\"300\" src=\"https:\/\/ppfnordics.com\/wp-content\/uploads\/2025\/07\/Katty_Fisk_12kg.jpg\" class=\"attachment-full size-full\" alt=\"\" \/>                                <div class=\"card-thumb-body\">\n                                                                            <h3>Katty torrfoder med ansjovis\/fisk<\/h3>\n                                                                                                                <p>Storlek: 12 kg<\/p>\n                                                                    <\/div>\n\n                            <\/div>\n                        <\/div>\n\n                                        <div class=\"col-sm-6 col-lg-4 col-xl-3\">\n                            <div class=\"card-thumb\">\n                                <img loading=\"lazy\" decoding=\"async\" width=\"286\" height=\"600\" src=\"https:\/\/ppfnordics.com\/wp-content\/uploads\/2025\/08\/ppf-nordics-katty-kott-12kg.jpg\" class=\"attachment-full size-full\" alt=\"\" srcset=\"https:\/\/ppfnordics.com\/wp-content\/uploads\/2025\/08\/ppf-nordics-katty-kott-12kg.jpg 286w, https:\/\/ppfnordics.com\/wp-content\/uploads\/2025\/08\/ppf-nordics-katty-kott-12kg-143x300.jpg 143w\" sizes=\"auto, (max-width: 286px) 100vw, 286px\" \/>                                <div class=\"card-thumb-body\">\n                                                                            <h3>Katty torrfoder med k\u00f6ttsmak<\/h3>\n                                                                                                                <p>Storlek: 12 kg<\/p>\n                                                                    <\/div>\n\n                            <\/div>\n                        <\/div>\n\n                                        <div class=\"col-sm-6 col-lg-4 col-xl-3\">\n                            <div class=\"card-thumb\">\n                                <img loading=\"lazy\" decoding=\"async\" width=\"135\" height=\"300\" src=\"https:\/\/ppfnordics.com\/wp-content\/uploads\/2025\/07\/Katty_Kyckling_12kg.jpg\" class=\"attachment-full size-full\" alt=\"\" \/>                                <div class=\"card-thumb-body\">\n                                                                            <h3>Katty torrfoder med kyckling<\/h3>\n                                                                                                                <p>Storlek: 12 kg<\/p>\n                                                                    <\/div>\n\n                            <\/div>\n                        <\/div>\n\n                                        <div class=\"col-sm-6 col-lg-4 col-xl-3\">\n                            <div class=\"card-thumb\">\n                                <img loading=\"lazy\" decoding=\"async\" width=\"275\" height=\"600\" src=\"https:\/\/ppfnordics.com\/wp-content\/uploads\/2025\/08\/ppf-nordics-katty-kattstro-20-kg-v3.jpg\" class=\"attachment-full size-full\" alt=\"\" srcset=\"https:\/\/ppfnordics.com\/wp-content\/uploads\/2025\/08\/ppf-nordics-katty-kattstro-20-kg-v3.jpg 275w, https:\/\/ppfnordics.com\/wp-content\/uploads\/2025\/08\/ppf-nordics-katty-kattstro-20-kg-v3-138x300.jpg 138w\" sizes=\"auto, (max-width: 275px) 100vw, 275px\" \/>                                <div class=\"card-thumb-body\">\n                                                                            <h3>Katty kattstr\u00f6<\/h3>\n                                                                                                                <p>Storlek: 20 kg<\/p>\n                                                                    <\/div>\n\n                            <\/div>\n                        <\/div>\n\n                            <\/div>\n                                                <div class=\"card-promo\">\n                        <div class=\"row align-items-center\">\n                            <div class=\"col-lg-6\">\n                                <figure><img loading=\"lazy\" decoding=\"async\" width=\"700\" height=\"625\" src=\"https:\/\/ppfnordics.com\/wp-content\/uploads\/2025\/02\/ProductRangeImage_Mjau.png\" class=\"attachment-full size-full\" alt=\"\" srcset=\"https:\/\/ppfnordics.com\/wp-content\/uploads\/2025\/02\/ProductRangeImage_Mjau.png 700w, https:\/\/ppfnordics.com\/wp-content\/uploads\/2025\/02\/ProductRangeImage_Mjau-300x268.png 300w\" sizes=\"auto, (max-width: 700px) 100vw, 700px\" \/><\/figure>                            <\/div>\n                            <div class=\"col-lg-6\">\n                                <div class=\"content\">\n                                    <h3>\n                                                                            <\/h3>\n                                    <h2 style=\"text-align: left;\">Vill du unna din katt n\u00e5got \u00e4nnu b\u00e4ttre?<\/h2>\n                                        <a class=\"btn btn-primary\" href=\"https:\/\/ppfnordics.com\/se\/varumarken\/mjau\/\">Uppt\u00e4ck Mjau <i class=\"fa-solid fa-angle-right\"><\/i><\/a>\n                                                                    <\/div>\n\n                            <\/div>\n                        <\/div>\n\n                    <\/div>\n\n                                    <\/div>\n\n    <\/section>\n\n","protected":false},"excerpt":{"rendered":"","protected":false},"author":1,"featured_media":0,"parent":657,"menu_order":0,"comment_status":"closed","ping_status":"closed","template":"guternberg.php","meta":{"footnotes":""},"class_list":["post-663","page","type-page","status-publish","hentry"],"acf":[],"yoast_head":"<!-- This site is optimized with the Yoast SEO plugin v21.0 - https:\/\/yoast.com\/wordpress\/plugins\/seo\/ -->\n<title>Katty | PPF Nordics AB<\/title>\n<meta name=\"robots\" content=\"index, follow, max-snippet:-1, max-image-preview:large, max-video-preview:-1\" \/>\n<link rel=\"canonical\" href=\"https:\/\/ppfnordics.com\/se\/varumarken\/katty\/\" \/>\n<meta property=\"og:locale\" content=\"en_US\" \/>\n<meta property=\"og:type\" content=\"article\" \/>\n<meta property=\"og:title\" content=\"Katty | PPF Nordics AB\" \/>\n<meta property=\"og:url\" content=\"https:\/\/ppfnordics.com\/se\/varumarken\/katty\/\" \/>\n<meta property=\"og:site_name\" content=\"PPF Nordics AB\" \/>\n<meta property=\"article:modified_time\" content=\"2025-08-12T08:58:36+00:00\" \/>\n<meta name=\"twitter:card\" content=\"summary_large_image\" \/>\n<script type=\"application\/ld+json\" class=\"yoast-schema-graph\">{\"@context\":\"https:\/\/schema.org\",\"@graph\":[{\"@type\":\"WebPage\",\"@id\":\"https:\/\/ppfnordics.com\/se\/varumarken\/katty\/\",\"url\":\"https:\/\/ppfnordics.com\/se\/varumarken\/katty\/\",\"name\":\"Katty | PPF Nordics AB\",\"isPartOf\":{\"@id\":\"https:\/\/ppfnordics.com\/se\/#website\"},\"datePublished\":\"2023-07-24T12:22:53+00:00\",\"dateModified\":\"2025-08-12T08:58:36+00:00\",\"breadcrumb\":{\"@id\":\"https:\/\/ppfnordics.com\/se\/varumarken\/katty\/#breadcrumb\"},\"inLanguage\":\"se-SE\",\"potentialAction\":[{\"@type\":\"ReadAction\",\"target\":[\"https:\/\/ppfnordics.com\/se\/varumarken\/katty\/\"]}]},{\"@type\":\"BreadcrumbList\",\"@id\":\"https:\/\/ppfnordics.com\/se\/varumarken\/katty\/#breadcrumb\",\"itemListElement\":[{\"@type\":\"ListItem\",\"position\":1,\"name\":\"Home\",\"item\":\"https:\/\/ppfnordics.com\/se\/\"},{\"@type\":\"ListItem\",\"position\":2,\"name\":\"V\u00c5RA VARUM\u00c4RKEN\",\"item\":\"https:\/\/ppfnordics.com\/se\/varumarken\/\"},{\"@type\":\"ListItem\",\"position\":3,\"name\":\"Katty\"}]},{\"@type\":\"WebSite\",\"@id\":\"https:\/\/ppfnordics.com\/se\/#website\",\"url\":\"https:\/\/ppfnordics.com\/se\/\",\"name\":\"PPF Nordics AB\",\"description\":\"\",\"publisher\":{\"@id\":\"https:\/\/ppfnordics.com\/se\/#organization\"},\"potentialAction\":[{\"@type\":\"SearchAction\",\"target\":{\"@type\":\"EntryPoint\",\"urlTemplate\":\"https:\/\/ppfnordics.com\/se\/?s={search_term_string}\"},\"query-input\":\"required name=search_term_string\"}],\"inLanguage\":\"se-SE\"},{\"@type\":\"Organization\",\"@id\":\"https:\/\/ppfnordics.com\/se\/#organization\",\"name\":\"PPF Nordics AB\",\"url\":\"https:\/\/ppfnordics.com\/se\/\",\"logo\":{\"@type\":\"ImageObject\",\"inLanguage\":\"se-SE\",\"@id\":\"https:\/\/ppfnordics.com\/se\/#\/schema\/logo\/image\/\",\"url\":\"https:\/\/ppfnordics.com\/wp-content\/uploads\/2025\/02\/Nav_PPF_Logo.svg\",\"contentUrl\":\"https:\/\/ppfnordics.com\/wp-content\/uploads\/2025\/02\/Nav_PPF_Logo.svg\",\"caption\":\"PPF Nordics AB\"},\"image\":{\"@id\":\"https:\/\/ppfnordics.com\/se\/#\/schema\/logo\/image\/\"}}]}<\/script>\n<!-- \/ Yoast SEO plugin. -->","yoast_head_json":{"title":"Katty | PPF Nordics AB","robots":{"index":"index","follow":"follow","max-snippet":"max-snippet:-1","max-image-preview":"max-image-preview:large","max-video-preview":"max-video-preview:-1"},"canonical":"https:\/\/ppfnordics.com\/se\/varumarken\/katty\/","og_locale":"en_US","og_type":"article","og_title":"Katty | PPF Nordics AB","og_url":"https:\/\/ppfnordics.com\/se\/varumarken\/katty\/","og_site_name":"PPF Nordics AB","article_modified_time":"2025-08-12T08:58:36+00:00","twitter_card":"summary_large_image","schema":{"@context":"https:\/\/schema.org","@graph":[{"@type":"WebPage","@id":"https:\/\/ppfnordics.com\/se\/varumarken\/katty\/","url":"https:\/\/ppfnordics.com\/se\/varumarken\/katty\/","name":"Katty | PPF Nordics AB","isPartOf":{"@id":"https:\/\/ppfnordics.com\/se\/#website"},"datePublished":"2023-07-24T12:22:53+00:00","dateModified":"2025-08-12T08:58:36+00:00","breadcrumb":{"@id":"https:\/\/ppfnordics.com\/se\/varumarken\/katty\/#breadcrumb"},"inLanguage":"se-SE","potentialAction":[{"@type":"ReadAction","target":["https:\/\/ppfnordics.com\/se\/varumarken\/katty\/"]}]},{"@type":"BreadcrumbList","@id":"https:\/\/ppfnordics.com\/se\/varumarken\/katty\/#breadcrumb","itemListElement":[{"@type":"ListItem","position":1,"name":"Home","item":"https:\/\/ppfnordics.com\/se\/"},{"@type":"ListItem","position":2,"name":"V\u00c5RA VARUM\u00c4RKEN","item":"https:\/\/ppfnordics.com\/se\/varumarken\/"},{"@type":"ListItem","position":3,"name":"Katty"}]},{"@type":"WebSite","@id":"https:\/\/ppfnordics.com\/se\/#website","url":"https:\/\/ppfnordics.com\/se\/","name":"PPF Nordics AB","description":"","publisher":{"@id":"https:\/\/ppfnordics.com\/se\/#organization"},"potentialAction":[{"@type":"SearchAction","target":{"@type":"EntryPoint","urlTemplate":"https:\/\/ppfnordics.com\/se\/?s={search_term_string}"},"query-input":"required name=search_term_string"}],"inLanguage":"se-SE"},{"@type":"Organization","@id":"https:\/\/ppfnordics.com\/se\/#organization","name":"PPF Nordics AB","url":"https:\/\/ppfnordics.com\/se\/","logo":{"@type":"ImageObject","inLanguage":"se-SE","@id":"https:\/\/ppfnordics.com\/se\/#\/schema\/logo\/image\/","url":"https:\/\/ppfnordics.com\/wp-content\/uploads\/2025\/02\/Nav_PPF_Logo.svg","contentUrl":"https:\/\/ppfnordics.com\/wp-content\/uploads\/2025\/02\/Nav_PPF_Logo.svg","caption":"PPF Nordics AB"},"image":{"@id":"https:\/\/ppfnordics.com\/se\/#\/schema\/logo\/image\/"}}]}},"_links":{"self":[{"href":"https:\/\/ppfnordics.com\/se\/wp-json\/wp\/v2\/pages\/663","targetHints":{"allow":["GET"]}}],"collection":[{"href":"https:\/\/ppfnordics.com\/se\/wp-json\/wp\/v2\/pages"}],"about":[{"href":"https:\/\/ppfnordics.com\/se\/wp-json\/wp\/v2\/types\/page"}],"author":[{"embeddable":true,"href":"https:\/\/ppfnordics.com\/se\/wp-json\/wp\/v2\/users\/1"}],"replies":[{"embeddable":true,"href":"https:\/\/ppfnordics.com\/se\/wp-json\/wp\/v2\/comments?post=663"}],"version-history":[{"count":104,"href":"https:\/\/ppfnordics.com\/se\/wp-json\/wp\/v2\/pages\/663\/revisions"}],"predecessor-version":[{"id":4540,"href":"https:\/\/ppfnordics.com\/se\/wp-json\/wp\/v2\/pages\/663\/revisions\/4540"}],"up":[{"embeddable":true,"href":"https:\/\/ppfnordics.com\/se\/wp-json\/wp\/v2\/pages\/657"}],"wp:attachment":[{"href":"https:\/\/ppfnordics.com\/se\/wp-json\/wp\/v2\/media?parent=663"}],"curies":[{"name":"wp","href":"https:\/\/api.w.org\/{rel}","templated":true}]}}