{"id":665,"date":"2023-07-24T12:04:26","date_gmt":"2023-07-24T12:04:26","guid":{"rendered":"https:\/\/ppfnordics.com\/vara-varumarken\/mjau\/"},"modified":"2025-03-14T07:40:44","modified_gmt":"2025-03-14T07:40:44","slug":"mjau","status":"publish","type":"page","link":"https:\/\/ppfnordics.com\/se\/varumarken\/mjau\/","title":{"rendered":"Mjau"},"content":{"rendered":"    <section class=\"offset-content-wrap \">\n\n        <div class=\"container\">\n                            <h5 style=\"text-align: center;\">V\u00e5ra varum\u00e4rken<\/h5>\n<p><img loading=\"lazy\" decoding=\"async\" class=\"size-medium wp-image-1874 aligncenter\" src=\"https:\/\/ppfnordics.com\/wp-content\/uploads\/2023\/08\/mjau_logo_cmyk-300x139.png\" alt=\"\" width=\"300\" height=\"139\" srcset=\"https:\/\/ppfnordics.com\/wp-content\/uploads\/2023\/08\/mjau_logo_cmyk-300x139.png 300w, https:\/\/ppfnordics.com\/wp-content\/uploads\/2023\/08\/mjau_logo_cmyk.png 314w\" sizes=\"auto, (max-width: 300px) 100vw, 300px\" \/><\/p>\n<h5 style=\"text-align: center;\"><strong>Med ett varierat sortiment, str\u00e4var vi efter att ge varje katt en \u00e4kta smakupplevelse som f\u00e5r dem att spinna av gl\u00e4dje och tillfredsst\u00e4llelse. V\u00e4lj Mjau f\u00f6r att ge din \u00e4lskade katt en smakresa tillverkad med omtanke och k\u00e4rlek i v\u00e5r lilla by V\u00e5rg\u00e5rda.<\/strong><\/h5>\n                        \n        <\/div>\n    <\/section>\n\n\n\n    <section class=\"full-width-section-promo-wrap\">\n        <div class=\"container\">\n            <div class=\"row gx-md-5 flex-row-reverse\">\n            <div class=\"col-lg-6\">\n                    <img loading=\"lazy\" decoding=\"async\" width=\"700\" height=\"625\" src=\"https:\/\/ppfnordics.com\/wp-content\/uploads\/2025\/03\/ProductRangeImage_Mjau.png\" class=\"attachment-full size-full\" alt=\"\" srcset=\"https:\/\/ppfnordics.com\/wp-content\/uploads\/2025\/03\/ProductRangeImage_Mjau.png 700w, https:\/\/ppfnordics.com\/wp-content\/uploads\/2025\/03\/ProductRangeImage_Mjau-300x268.png 300w\" sizes=\"auto, (max-width: 700px) 100vw, 700px\" \/>                <\/div>\n                <div class=\"col-lg-6\">\n                    <div class=\"content-wrap \">\n                                            <h2 class=\"font-md\">Mat som f\u00e5r din katt att spinna<\/h2>\n                                                                <p><span style=\"font-weight: 400;\">Vi brinner f\u00f6r varje katts r\u00e4tt till ett liv fyllt av k\u00e4rlek, trygghet och fantastisk mat. Vi tror p\u00e5 att bara det b\u00e4sta \u00e4r gott nog f\u00f6r v\u00e5ra \u00e4lskade fyrbenta v\u00e4nner. D\u00e4rf\u00f6r anv\u00e4nder vi enbart naturliga r\u00e5varor och utesluter helt on\u00f6diga tillsatser fr\u00e5n v\u00e5r kattmat, Mjau.<\/span><\/p>\n<p><span style=\"font-weight: 400;\">I generationer har v\u00e5rt k\u00f6k i V\u00e5rg\u00e5rda varit en k\u00e4rnplats f\u00f6r att skapa n\u00e4ringsrik mat av h\u00f6gsta kvalitet. H\u00e4r har v\u00e5ra expertkockar finjusterat recept och tekniker f\u00f6r att ge katter de b\u00e4sta f\u00f6ruts\u00e4ttningarna att m\u00e5 fantastiskt.<\/span><\/p>\n                                                                <a class=\"btn btn-primary\" href=\"https:\/\/mjau.se\/\" target=\"_self\">G\u00c5 TILL WEBBPLATSEN                        <i class=\"fa-solid fa-angle-right\"><\/i>                        <\/a>\n                                            <\/div>\n\n                <\/div>\n\n            <\/div>\n\n\n        <\/div>\n    <\/section>\n\n\n\n    <section class=\"single-column-content-wrap\">\n\n        <div class=\"container\">\n                            <h2 class=\"font-lg\">Under namnet Mjau hittar du torrfoder och v\u00e5tfoder; portionsf\u00f6rpackat, konserv och Tetra Recart\u00ae.<\/h2>\n                        \n        <\/div>\n    <\/section>\n\n\n\n    <section class=\"card-promo-wrap \">\n        <div class=\"container\">\n                            <h2 class=\"font-lg\">Mjaus Produktsortiment<\/h2>\n                        <div class=\"row\">\n                                        <div class=\"col-lg-6 \">\n                                                            <a href=\"https:\/\/mjau.se\/kattmat\/mjau\/\" target=\"_self\">\n                                                                <div class=\"card-thumb\">\n                                    <img loading=\"lazy\" decoding=\"async\" width=\"800\" height=\"533\" src=\"https:\/\/ppfnordics.com\/wp-content\/uploads\/2023\/10\/mjau-kattmat-produktutbud.png\" class=\"attachment-full size-full\" alt=\"\" srcset=\"https:\/\/ppfnordics.com\/wp-content\/uploads\/2023\/10\/mjau-kattmat-produktutbud.png 800w, https:\/\/ppfnordics.com\/wp-content\/uploads\/2023\/10\/mjau-kattmat-produktutbud-300x200.png 300w, https:\/\/ppfnordics.com\/wp-content\/uploads\/2023\/10\/mjau-kattmat-produktutbud-768x512.png 768w\" sizes=\"auto, (max-width: 800px) 100vw, 800px\" \/>                                    <div class=\"card-thumb-body\">\n                                                                                    <h3>Mjau <\/h3>\n                                                                                                                            <p>I v\u00e5rt klassiska sortiment hittar du b\u00e5de torrfoder, v\u00e5tfoder och smaskigt godis till din katt. Allt tillagat p\u00e5 naturliga r\u00e5varor utan on\u00f6diga tillsatser.<\/p>\n                                        \n                                    <\/div>\n\n                                <\/div>\n                                <\/a>                        <\/div>\n\n                                        <div class=\"col-lg-6 \">\n                                                            <a href=\"https:\/\/mjau.se\/kattmat\/mjau-plus\/\" target=\"_self\">\n                                                                <div class=\"card-thumb\">\n                                    <img loading=\"lazy\" decoding=\"async\" width=\"800\" height=\"533\" src=\"https:\/\/ppfnordics.com\/wp-content\/uploads\/2023\/10\/mjau-plus.jpg\" class=\"attachment-full size-full\" alt=\"\" srcset=\"https:\/\/ppfnordics.com\/wp-content\/uploads\/2023\/10\/mjau-plus.jpg 800w, https:\/\/ppfnordics.com\/wp-content\/uploads\/2023\/10\/mjau-plus-300x200.jpg 300w, https:\/\/ppfnordics.com\/wp-content\/uploads\/2023\/10\/mjau-plus-768x512.jpg 768w\" sizes=\"auto, (max-width: 800px) 100vw, 800px\" \/>                                    <div class=\"card-thumb-body\">\n                                                                                    <h3>Mjau Plus<\/h3>\n                                                                                                                            <p>Mjau Plus \u00e4r ett helfoder med m\u00e5nga viktiga funktioner som zink och omegafetter f\u00f6r p\u00e4ls och hud, FOS f\u00f6r magen och vitamin C fr\u00e5n nypon f\u00f6r ett naturligt f\u00f6rsvar.<\/p>\n                                        \n                                    <\/div>\n\n                                <\/div>\n                                <\/a>                        <\/div>\n\n                                        <div class=\"col-lg-12 full-width\">\n                                                            <a href=\"https:\/\/mjau.se\/kattmat\/mjau-noga-utvalt-vatmat\/\" target=\"_self\">\n                                                                <div class=\"card-thumb\">\n                                    <img loading=\"lazy\" decoding=\"async\" width=\"800\" height=\"533\" src=\"https:\/\/ppfnordics.com\/wp-content\/uploads\/2023\/10\/mjau-noga.jpg\" class=\"attachment-full size-full\" alt=\"\" srcset=\"https:\/\/ppfnordics.com\/wp-content\/uploads\/2023\/10\/mjau-noga.jpg 800w, https:\/\/ppfnordics.com\/wp-content\/uploads\/2023\/10\/mjau-noga-300x200.jpg 300w, https:\/\/ppfnordics.com\/wp-content\/uploads\/2023\/10\/mjau-noga-768x512.jpg 768w\" sizes=\"auto, (max-width: 800px) 100vw, 800px\" \/>                                    <div class=\"card-thumb-body\">\n                                                                                    <h3>Mjau Noga Utvalt<\/h3>\n                                                                                                                            <p>Smakrik v\u00e5tmat f\u00f6r den lille finsmakaren. Mjau Noga utvalt \u00e4r rikt p\u00e5 protein, \u00e4r tillagat utan varken tillsatt socker eller f\u00e4rg\u00e4mnen och finns i portionsf\u00f6rpackningar.<\/p>\n                                        \n                                    <\/div>\n\n                                <\/div>\n                                <\/a>                        <\/div>\n\n                            <\/div>\n            \n        <\/div>\n\n    <\/section>\n\n","protected":false},"excerpt":{"rendered":"","protected":false},"author":1,"featured_media":0,"parent":657,"menu_order":0,"comment_status":"closed","ping_status":"closed","template":"guternberg.php","meta":{"footnotes":""},"class_list":["post-665","page","type-page","status-publish","hentry"],"acf":[],"yoast_head":"<!-- This site is optimized with the Yoast SEO plugin v21.0 - https:\/\/yoast.com\/wordpress\/plugins\/seo\/ -->\n<title>Mjau | PPF Nordics AB<\/title>\n<meta name=\"robots\" content=\"index, follow, max-snippet:-1, max-image-preview:large, max-video-preview:-1\" \/>\n<link rel=\"canonical\" href=\"https:\/\/ppfnordics.com\/se\/varumarken\/mjau\/\" \/>\n<meta property=\"og:locale\" content=\"en_US\" \/>\n<meta property=\"og:type\" content=\"article\" \/>\n<meta property=\"og:title\" content=\"Mjau | PPF Nordics AB\" \/>\n<meta property=\"og:url\" content=\"https:\/\/ppfnordics.com\/se\/varumarken\/mjau\/\" \/>\n<meta property=\"og:site_name\" content=\"PPF Nordics AB\" \/>\n<meta property=\"article:modified_time\" content=\"2025-03-14T07:40:44+00:00\" \/>\n<meta name=\"twitter:card\" content=\"summary_large_image\" \/>\n<script type=\"application\/ld+json\" class=\"yoast-schema-graph\">{\"@context\":\"https:\/\/schema.org\",\"@graph\":[{\"@type\":\"WebPage\",\"@id\":\"https:\/\/ppfnordics.com\/se\/varumarken\/mjau\/\",\"url\":\"https:\/\/ppfnordics.com\/se\/varumarken\/mjau\/\",\"name\":\"Mjau | PPF Nordics AB\",\"isPartOf\":{\"@id\":\"https:\/\/ppfnordics.com\/se\/#website\"},\"datePublished\":\"2023-07-24T12:04:26+00:00\",\"dateModified\":\"2025-03-14T07:40:44+00:00\",\"breadcrumb\":{\"@id\":\"https:\/\/ppfnordics.com\/se\/varumarken\/mjau\/#breadcrumb\"},\"inLanguage\":\"se-SE\",\"potentialAction\":[{\"@type\":\"ReadAction\",\"target\":[\"https:\/\/ppfnordics.com\/se\/varumarken\/mjau\/\"]}]},{\"@type\":\"BreadcrumbList\",\"@id\":\"https:\/\/ppfnordics.com\/se\/varumarken\/mjau\/#breadcrumb\",\"itemListElement\":[{\"@type\":\"ListItem\",\"position\":1,\"name\":\"Home\",\"item\":\"https:\/\/ppfnordics.com\/se\/\"},{\"@type\":\"ListItem\",\"position\":2,\"name\":\"V\u00c5RA VARUM\u00c4RKEN\",\"item\":\"https:\/\/ppfnordics.com\/se\/varumarken\/\"},{\"@type\":\"ListItem\",\"position\":3,\"name\":\"Mjau\"}]},{\"@type\":\"WebSite\",\"@id\":\"https:\/\/ppfnordics.com\/se\/#website\",\"url\":\"https:\/\/ppfnordics.com\/se\/\",\"name\":\"PPF Nordics AB\",\"description\":\"\",\"publisher\":{\"@id\":\"https:\/\/ppfnordics.com\/se\/#organization\"},\"potentialAction\":[{\"@type\":\"SearchAction\",\"target\":{\"@type\":\"EntryPoint\",\"urlTemplate\":\"https:\/\/ppfnordics.com\/se\/?s={search_term_string}\"},\"query-input\":\"required name=search_term_string\"}],\"inLanguage\":\"se-SE\"},{\"@type\":\"Organization\",\"@id\":\"https:\/\/ppfnordics.com\/se\/#organization\",\"name\":\"PPF Nordics AB\",\"url\":\"https:\/\/ppfnordics.com\/se\/\",\"logo\":{\"@type\":\"ImageObject\",\"inLanguage\":\"se-SE\",\"@id\":\"https:\/\/ppfnordics.com\/se\/#\/schema\/logo\/image\/\",\"url\":\"https:\/\/ppfnordics.com\/wp-content\/uploads\/2025\/02\/Nav_PPF_Logo.svg\",\"contentUrl\":\"https:\/\/ppfnordics.com\/wp-content\/uploads\/2025\/02\/Nav_PPF_Logo.svg\",\"caption\":\"PPF Nordics AB\"},\"image\":{\"@id\":\"https:\/\/ppfnordics.com\/se\/#\/schema\/logo\/image\/\"}}]}<\/script>\n<!-- \/ Yoast SEO plugin. -->","yoast_head_json":{"title":"Mjau | PPF Nordics AB","robots":{"index":"index","follow":"follow","max-snippet":"max-snippet:-1","max-image-preview":"max-image-preview:large","max-video-preview":"max-video-preview:-1"},"canonical":"https:\/\/ppfnordics.com\/se\/varumarken\/mjau\/","og_locale":"en_US","og_type":"article","og_title":"Mjau | PPF Nordics AB","og_url":"https:\/\/ppfnordics.com\/se\/varumarken\/mjau\/","og_site_name":"PPF Nordics AB","article_modified_time":"2025-03-14T07:40:44+00:00","twitter_card":"summary_large_image","schema":{"@context":"https:\/\/schema.org","@graph":[{"@type":"WebPage","@id":"https:\/\/ppfnordics.com\/se\/varumarken\/mjau\/","url":"https:\/\/ppfnordics.com\/se\/varumarken\/mjau\/","name":"Mjau | PPF Nordics AB","isPartOf":{"@id":"https:\/\/ppfnordics.com\/se\/#website"},"datePublished":"2023-07-24T12:04:26+00:00","dateModified":"2025-03-14T07:40:44+00:00","breadcrumb":{"@id":"https:\/\/ppfnordics.com\/se\/varumarken\/mjau\/#breadcrumb"},"inLanguage":"se-SE","potentialAction":[{"@type":"ReadAction","target":["https:\/\/ppfnordics.com\/se\/varumarken\/mjau\/"]}]},{"@type":"BreadcrumbList","@id":"https:\/\/ppfnordics.com\/se\/varumarken\/mjau\/#breadcrumb","itemListElement":[{"@type":"ListItem","position":1,"name":"Home","item":"https:\/\/ppfnordics.com\/se\/"},{"@type":"ListItem","position":2,"name":"V\u00c5RA VARUM\u00c4RKEN","item":"https:\/\/ppfnordics.com\/se\/varumarken\/"},{"@type":"ListItem","position":3,"name":"Mjau"}]},{"@type":"WebSite","@id":"https:\/\/ppfnordics.com\/se\/#website","url":"https:\/\/ppfnordics.com\/se\/","name":"PPF Nordics AB","description":"","publisher":{"@id":"https:\/\/ppfnordics.com\/se\/#organization"},"potentialAction":[{"@type":"SearchAction","target":{"@type":"EntryPoint","urlTemplate":"https:\/\/ppfnordics.com\/se\/?s={search_term_string}"},"query-input":"required name=search_term_string"}],"inLanguage":"se-SE"},{"@type":"Organization","@id":"https:\/\/ppfnordics.com\/se\/#organization","name":"PPF Nordics AB","url":"https:\/\/ppfnordics.com\/se\/","logo":{"@type":"ImageObject","inLanguage":"se-SE","@id":"https:\/\/ppfnordics.com\/se\/#\/schema\/logo\/image\/","url":"https:\/\/ppfnordics.com\/wp-content\/uploads\/2025\/02\/Nav_PPF_Logo.svg","contentUrl":"https:\/\/ppfnordics.com\/wp-content\/uploads\/2025\/02\/Nav_PPF_Logo.svg","caption":"PPF Nordics AB"},"image":{"@id":"https:\/\/ppfnordics.com\/se\/#\/schema\/logo\/image\/"}}]}},"_links":{"self":[{"href":"https:\/\/ppfnordics.com\/se\/wp-json\/wp\/v2\/pages\/665","targetHints":{"allow":["GET"]}}],"collection":[{"href":"https:\/\/ppfnordics.com\/se\/wp-json\/wp\/v2\/pages"}],"about":[{"href":"https:\/\/ppfnordics.com\/se\/wp-json\/wp\/v2\/types\/page"}],"author":[{"embeddable":true,"href":"https:\/\/ppfnordics.com\/se\/wp-json\/wp\/v2\/users\/1"}],"replies":[{"embeddable":true,"href":"https:\/\/ppfnordics.com\/se\/wp-json\/wp\/v2\/comments?post=665"}],"version-history":[{"count":121,"href":"https:\/\/ppfnordics.com\/se\/wp-json\/wp\/v2\/pages\/665\/revisions"}],"predecessor-version":[{"id":4243,"href":"https:\/\/ppfnordics.com\/se\/wp-json\/wp\/v2\/pages\/665\/revisions\/4243"}],"up":[{"embeddable":true,"href":"https:\/\/ppfnordics.com\/se\/wp-json\/wp\/v2\/pages\/657"}],"wp:attachment":[{"href":"https:\/\/ppfnordics.com\/se\/wp-json\/wp\/v2\/media?parent=665"}],"curies":[{"name":"wp","href":"https:\/\/api.w.org\/{rel}","templated":true}]}}