{"id":667,"date":"2023-07-24T12:21:50","date_gmt":"2023-07-24T12:21:50","guid":{"rendered":"https:\/\/ppfnordics.com\/vara-varumarken\/vov\/"},"modified":"2026-04-10T09:21:14","modified_gmt":"2026-04-10T09:21:14","slug":"vov","status":"publish","type":"page","link":"https:\/\/ppfnordics.com\/se\/varumarken\/vov\/","title":{"rendered":"Vov"},"content":{"rendered":"    <section class=\"offset-content-wrap \">\n\n        <div class=\"container\">\n                            <h5 style=\"text-align: center;\">V\u00e5ra varum\u00e4rken<\/h5>\n<h4><img loading=\"lazy\" decoding=\"async\" class=\"alignnone wp-image-672 aligncenter\" src=\"https:\/\/ppfnordics.com\/wp-content\/uploads\/2023\/07\/BrandLogo_Vov_Black.svg\" alt=\"\" width=\"426\" height=\"131\" \/><\/h4>\n                        \n        <\/div>\n    <\/section>\n\n\n\n    <section class=\"full-width-section-promo-wrap\">\n        <div class=\"container\">\n            <div class=\"row gx-md-5 flex-row-reverse\">\n            <div class=\"col-lg-6\">\n                    <img loading=\"lazy\" decoding=\"async\" width=\"450\" height=\"306\" src=\"https:\/\/ppfnordics.com\/wp-content\/uploads\/2026\/04\/big-VOV_korv_500x340_1.jpg\" class=\"attachment-full size-full\" alt=\"\" srcset=\"https:\/\/ppfnordics.com\/wp-content\/uploads\/2026\/04\/big-VOV_korv_500x340_1.jpg 450w, https:\/\/ppfnordics.com\/wp-content\/uploads\/2026\/04\/big-VOV_korv_500x340_1-300x204.jpg 300w\" sizes=\"auto, (max-width: 450px) 100vw, 450px\" \/>                <\/div>\n                <div class=\"col-lg-6\">\n                    <div class=\"content-wrap \">\n                                            <h2 class=\"font-md\">VOV &#8211; En svensk klassiker!<\/h2>\n                                                                <p>I \u00f6ver 70 \u00e5r har VOV varit en sj\u00e4lvklar del av hundars matsk\u00e5lar. Generation efter generation har f\u00e5tt njuta av god och p\u00e5litlig hundmat, skapad med omtanke, tradition och noggrant utvalda r\u00e5varor.<\/p>\n<p>F\u00f6r oss handlar det om mer \u00e4n hundmat. Det handlar om passionen f\u00f6r hundars h\u00e4lsa och v\u00e4lbefinnande \u2013 n\u00e5got som finns i varje m\u00e5ltid fr\u00e5n VOV.<\/p>\n                                                            <\/div>\n\n                <\/div>\n\n            <\/div>\n\n\n        <\/div>\n    <\/section>\n\n\n\n    <section class=\"product-list-wrap\">\n        <div class=\"container\">\n                            <h2 class=\"font-lg\">Vovs produktsortiment<\/h2>\n                        <div class=\"row justify-content-center\">\n                                        <div class=\"col-sm-6 col-lg-4 col-xl-4\">\n                            <div class=\"card-thumb\">\n                                <img loading=\"lazy\" decoding=\"async\" width=\"2048\" height=\"601\" src=\"https:\/\/ppfnordics.com\/wp-content\/uploads\/2026\/04\/71110_VOV_Kottfarslimpa-lingon-och-potatis-_550g-2048x601-1.png\" class=\"attachment-full size-full\" alt=\"\" srcset=\"https:\/\/ppfnordics.com\/wp-content\/uploads\/2026\/04\/71110_VOV_Kottfarslimpa-lingon-och-potatis-_550g-2048x601-1.png 2048w, https:\/\/ppfnordics.com\/wp-content\/uploads\/2026\/04\/71110_VOV_Kottfarslimpa-lingon-och-potatis-_550g-2048x601-1-300x88.png 300w, https:\/\/ppfnordics.com\/wp-content\/uploads\/2026\/04\/71110_VOV_Kottfarslimpa-lingon-och-potatis-_550g-2048x601-1-1024x301.png 1024w, https:\/\/ppfnordics.com\/wp-content\/uploads\/2026\/04\/71110_VOV_Kottfarslimpa-lingon-och-potatis-_550g-2048x601-1-768x225.png 768w, https:\/\/ppfnordics.com\/wp-content\/uploads\/2026\/04\/71110_VOV_Kottfarslimpa-lingon-och-potatis-_550g-2048x601-1-1536x451.png 1536w\" sizes=\"auto, (max-width: 2048px) 100vw, 2048px\" \/>                                <div class=\"card-thumb-body\">\n                                                                            <h3>VOV Middagsklassikern med n\u00f6tf\u00e4rs, potatis &#038; lingon<\/h3>\n                                                                                                        <\/div>\n\n                            <\/div>\n                        <\/div>\n\n                                        <div class=\"col-sm-6 col-lg-4 col-xl-4\">\n                            <div class=\"card-thumb\">\n                                <img loading=\"lazy\" decoding=\"async\" width=\"768\" height=\"225\" src=\"https:\/\/ppfnordics.com\/wp-content\/uploads\/2026\/04\/71111_VOV_Lamm-potatis-och-rosmarin_550g_Dog_Salami_Collabra-768x225-1.png\" class=\"attachment-full size-full\" alt=\"\" srcset=\"https:\/\/ppfnordics.com\/wp-content\/uploads\/2026\/04\/71111_VOV_Lamm-potatis-och-rosmarin_550g_Dog_Salami_Collabra-768x225-1.png 768w, https:\/\/ppfnordics.com\/wp-content\/uploads\/2026\/04\/71111_VOV_Lamm-potatis-och-rosmarin_550g_Dog_Salami_Collabra-768x225-1-300x88.png 300w\" sizes=\"auto, (max-width: 768px) 100vw, 768px\" \/>                                <div class=\"card-thumb-body\">\n                                                                            <h3>VOV S\u00f6ndagsmiddag med lamm &#038; rosmarin<\/h3>\n                                                                                                        <\/div>\n\n                            <\/div>\n                        <\/div>\n\n                                        <div class=\"col-sm-6 col-lg-4 col-xl-4\">\n                            <div class=\"card-thumb\">\n                                <img loading=\"lazy\" decoding=\"async\" width=\"768\" height=\"225\" src=\"https:\/\/ppfnordics.com\/wp-content\/uploads\/2026\/04\/71112_VOV_Kyckling-morotter-och-ris_550g_Dog_Salami_Collabra-768x225-1.png\" class=\"attachment-full size-full\" alt=\"\" srcset=\"https:\/\/ppfnordics.com\/wp-content\/uploads\/2026\/04\/71112_VOV_Kyckling-morotter-och-ris_550g_Dog_Salami_Collabra-768x225-1.png 768w, https:\/\/ppfnordics.com\/wp-content\/uploads\/2026\/04\/71112_VOV_Kyckling-morotter-och-ris_550g_Dog_Salami_Collabra-768x225-1-300x88.png 300w\" sizes=\"auto, (max-width: 768px) 100vw, 768px\" \/>                                <div class=\"card-thumb-body\">\n                                                                            <h3>VOV Vardagsfavorit med kyckling &#038; morot<\/h3>\n                                                                                                        <\/div>\n\n                            <\/div>\n                        <\/div>\n\n                                        <div class=\"col-sm-6 col-lg-4 col-xl-4\">\n                            <div class=\"card-thumb\">\n                                <img loading=\"lazy\" decoding=\"async\" width=\"220\" height=\"227\" src=\"https:\/\/ppfnordics.com\/wp-content\/uploads\/2023\/08\/vov_oxkott_635g.png\" class=\"attachment-full size-full\" alt=\"\" \/>                                <div class=\"card-thumb-body\">\n                                                                            <h3>VOV Oxk\u00f6tt<\/h3>\n                                                                                                        <\/div>\n\n                            <\/div>\n                        <\/div>\n\n                                        <div class=\"col-sm-6 col-lg-4 col-xl-4\">\n                            <div class=\"card-thumb\">\n                                <img loading=\"lazy\" decoding=\"async\" width=\"220\" height=\"227\" src=\"https:\/\/ppfnordics.com\/wp-content\/uploads\/2023\/08\/vov_kyckling_635g.png\" class=\"attachment-full size-full\" alt=\"\" \/>                                <div class=\"card-thumb-body\">\n                                                                            <h3>VOV Kyckling<\/h3>\n                                                                                                        <\/div>\n\n                            <\/div>\n                        <\/div>\n\n                                        <div class=\"col-sm-6 col-lg-4 col-xl-4\">\n                            <div class=\"card-thumb\">\n                                <img loading=\"lazy\" decoding=\"async\" width=\"220\" height=\"227\" src=\"https:\/\/ppfnordics.com\/wp-content\/uploads\/2023\/08\/vov_lamm_635g.png\" class=\"attachment-full size-full\" alt=\"\" \/>                                <div class=\"card-thumb-body\">\n                                                                            <h3>VOV Lamm<\/h3>\n                                                                                                        <\/div>\n\n                            <\/div>\n                        <\/div>\n\n                            <\/div>\n                                                <div class=\"card-promo\">\n                        <div class=\"row align-items-center\">\n                            <div class=\"col-lg-6\">\n                                <figure><img loading=\"lazy\" decoding=\"async\" width=\"700\" height=\"625\" src=\"https:\/\/ppfnordics.com\/wp-content\/uploads\/2025\/02\/ProductRangeImage_Doggy.png\" class=\"attachment-full size-full\" alt=\"\" srcset=\"https:\/\/ppfnordics.com\/wp-content\/uploads\/2025\/02\/ProductRangeImage_Doggy.png 700w, https:\/\/ppfnordics.com\/wp-content\/uploads\/2025\/02\/ProductRangeImage_Doggy-300x268.png 300w\" sizes=\"auto, (max-width: 700px) 100vw, 700px\" \/><\/figure>                            <\/div>\n                            <div class=\"col-lg-6\">\n                                <div class=\"content\">\n                                    <h3>\n                                                                            <\/h3>\n                                    <h2 style=\"text-align: left;\">Vill du unna din Hund n\u00e5got \u00e4nnu b\u00e4ttre?<\/h2>\n                                        <a class=\"btn btn-primary\" href=\"https:\/\/ppfnordics.com\/se\/varumarken\/doggy\/\">Uppt\u00e4ck Doggy <i class=\"fa-solid fa-angle-right\"><\/i><\/a>\n                                                                    <\/div>\n\n                            <\/div>\n                        <\/div>\n\n                    <\/div>\n\n                                    <\/div>\n\n    <\/section>\n\n","protected":false},"excerpt":{"rendered":"","protected":false},"author":1,"featured_media":0,"parent":657,"menu_order":0,"comment_status":"closed","ping_status":"closed","template":"guternberg.php","meta":{"footnotes":""},"class_list":["post-667","page","type-page","status-publish","hentry"],"acf":[],"yoast_head":"<!-- This site is optimized with the Yoast SEO plugin v21.0 - https:\/\/yoast.com\/wordpress\/plugins\/seo\/ -->\n<title>Vov | PPF Nordics AB<\/title>\n<meta name=\"robots\" content=\"index, follow, max-snippet:-1, max-image-preview:large, max-video-preview:-1\" \/>\n<link rel=\"canonical\" href=\"https:\/\/ppfnordics.com\/se\/varumarken\/vov\/\" \/>\n<meta property=\"og:locale\" content=\"en_US\" \/>\n<meta property=\"og:type\" content=\"article\" \/>\n<meta property=\"og:title\" content=\"Vov | PPF Nordics AB\" \/>\n<meta property=\"og:url\" content=\"https:\/\/ppfnordics.com\/se\/varumarken\/vov\/\" \/>\n<meta property=\"og:site_name\" content=\"PPF Nordics AB\" \/>\n<meta property=\"article:modified_time\" content=\"2026-04-10T09:21:14+00:00\" \/>\n<meta name=\"twitter:card\" content=\"summary_large_image\" \/>\n<script type=\"application\/ld+json\" class=\"yoast-schema-graph\">{\"@context\":\"https:\/\/schema.org\",\"@graph\":[{\"@type\":\"WebPage\",\"@id\":\"https:\/\/ppfnordics.com\/se\/varumarken\/vov\/\",\"url\":\"https:\/\/ppfnordics.com\/se\/varumarken\/vov\/\",\"name\":\"Vov | PPF Nordics AB\",\"isPartOf\":{\"@id\":\"https:\/\/ppfnordics.com\/se\/#website\"},\"datePublished\":\"2023-07-24T12:21:50+00:00\",\"dateModified\":\"2026-04-10T09:21:14+00:00\",\"breadcrumb\":{\"@id\":\"https:\/\/ppfnordics.com\/se\/varumarken\/vov\/#breadcrumb\"},\"inLanguage\":\"se-SE\",\"potentialAction\":[{\"@type\":\"ReadAction\",\"target\":[\"https:\/\/ppfnordics.com\/se\/varumarken\/vov\/\"]}]},{\"@type\":\"BreadcrumbList\",\"@id\":\"https:\/\/ppfnordics.com\/se\/varumarken\/vov\/#breadcrumb\",\"itemListElement\":[{\"@type\":\"ListItem\",\"position\":1,\"name\":\"Home\",\"item\":\"https:\/\/ppfnordics.com\/se\/\"},{\"@type\":\"ListItem\",\"position\":2,\"name\":\"V\u00c5RA VARUM\u00c4RKEN\",\"item\":\"https:\/\/ppfnordics.com\/se\/varumarken\/\"},{\"@type\":\"ListItem\",\"position\":3,\"name\":\"Vov\"}]},{\"@type\":\"WebSite\",\"@id\":\"https:\/\/ppfnordics.com\/se\/#website\",\"url\":\"https:\/\/ppfnordics.com\/se\/\",\"name\":\"PPF Nordics AB\",\"description\":\"\",\"publisher\":{\"@id\":\"https:\/\/ppfnordics.com\/se\/#organization\"},\"potentialAction\":[{\"@type\":\"SearchAction\",\"target\":{\"@type\":\"EntryPoint\",\"urlTemplate\":\"https:\/\/ppfnordics.com\/se\/?s={search_term_string}\"},\"query-input\":\"required name=search_term_string\"}],\"inLanguage\":\"se-SE\"},{\"@type\":\"Organization\",\"@id\":\"https:\/\/ppfnordics.com\/se\/#organization\",\"name\":\"PPF Nordics AB\",\"url\":\"https:\/\/ppfnordics.com\/se\/\",\"logo\":{\"@type\":\"ImageObject\",\"inLanguage\":\"se-SE\",\"@id\":\"https:\/\/ppfnordics.com\/se\/#\/schema\/logo\/image\/\",\"url\":\"https:\/\/ppfnordics.com\/wp-content\/uploads\/2025\/02\/Nav_PPF_Logo.svg\",\"contentUrl\":\"https:\/\/ppfnordics.com\/wp-content\/uploads\/2025\/02\/Nav_PPF_Logo.svg\",\"caption\":\"PPF Nordics AB\"},\"image\":{\"@id\":\"https:\/\/ppfnordics.com\/se\/#\/schema\/logo\/image\/\"}}]}<\/script>\n<!-- \/ Yoast SEO plugin. -->","yoast_head_json":{"title":"Vov | PPF Nordics AB","robots":{"index":"index","follow":"follow","max-snippet":"max-snippet:-1","max-image-preview":"max-image-preview:large","max-video-preview":"max-video-preview:-1"},"canonical":"https:\/\/ppfnordics.com\/se\/varumarken\/vov\/","og_locale":"en_US","og_type":"article","og_title":"Vov | PPF Nordics AB","og_url":"https:\/\/ppfnordics.com\/se\/varumarken\/vov\/","og_site_name":"PPF Nordics AB","article_modified_time":"2026-04-10T09:21:14+00:00","twitter_card":"summary_large_image","schema":{"@context":"https:\/\/schema.org","@graph":[{"@type":"WebPage","@id":"https:\/\/ppfnordics.com\/se\/varumarken\/vov\/","url":"https:\/\/ppfnordics.com\/se\/varumarken\/vov\/","name":"Vov | PPF Nordics AB","isPartOf":{"@id":"https:\/\/ppfnordics.com\/se\/#website"},"datePublished":"2023-07-24T12:21:50+00:00","dateModified":"2026-04-10T09:21:14+00:00","breadcrumb":{"@id":"https:\/\/ppfnordics.com\/se\/varumarken\/vov\/#breadcrumb"},"inLanguage":"se-SE","potentialAction":[{"@type":"ReadAction","target":["https:\/\/ppfnordics.com\/se\/varumarken\/vov\/"]}]},{"@type":"BreadcrumbList","@id":"https:\/\/ppfnordics.com\/se\/varumarken\/vov\/#breadcrumb","itemListElement":[{"@type":"ListItem","position":1,"name":"Home","item":"https:\/\/ppfnordics.com\/se\/"},{"@type":"ListItem","position":2,"name":"V\u00c5RA VARUM\u00c4RKEN","item":"https:\/\/ppfnordics.com\/se\/varumarken\/"},{"@type":"ListItem","position":3,"name":"Vov"}]},{"@type":"WebSite","@id":"https:\/\/ppfnordics.com\/se\/#website","url":"https:\/\/ppfnordics.com\/se\/","name":"PPF Nordics AB","description":"","publisher":{"@id":"https:\/\/ppfnordics.com\/se\/#organization"},"potentialAction":[{"@type":"SearchAction","target":{"@type":"EntryPoint","urlTemplate":"https:\/\/ppfnordics.com\/se\/?s={search_term_string}"},"query-input":"required name=search_term_string"}],"inLanguage":"se-SE"},{"@type":"Organization","@id":"https:\/\/ppfnordics.com\/se\/#organization","name":"PPF Nordics AB","url":"https:\/\/ppfnordics.com\/se\/","logo":{"@type":"ImageObject","inLanguage":"se-SE","@id":"https:\/\/ppfnordics.com\/se\/#\/schema\/logo\/image\/","url":"https:\/\/ppfnordics.com\/wp-content\/uploads\/2025\/02\/Nav_PPF_Logo.svg","contentUrl":"https:\/\/ppfnordics.com\/wp-content\/uploads\/2025\/02\/Nav_PPF_Logo.svg","caption":"PPF Nordics AB"},"image":{"@id":"https:\/\/ppfnordics.com\/se\/#\/schema\/logo\/image\/"}}]}},"_links":{"self":[{"href":"https:\/\/ppfnordics.com\/se\/wp-json\/wp\/v2\/pages\/667","targetHints":{"allow":["GET"]}}],"collection":[{"href":"https:\/\/ppfnordics.com\/se\/wp-json\/wp\/v2\/pages"}],"about":[{"href":"https:\/\/ppfnordics.com\/se\/wp-json\/wp\/v2\/types\/page"}],"author":[{"embeddable":true,"href":"https:\/\/ppfnordics.com\/se\/wp-json\/wp\/v2\/users\/1"}],"replies":[{"embeddable":true,"href":"https:\/\/ppfnordics.com\/se\/wp-json\/wp\/v2\/comments?post=667"}],"version-history":[{"count":76,"href":"https:\/\/ppfnordics.com\/se\/wp-json\/wp\/v2\/pages\/667\/revisions"}],"predecessor-version":[{"id":4587,"href":"https:\/\/ppfnordics.com\/se\/wp-json\/wp\/v2\/pages\/667\/revisions\/4587"}],"up":[{"embeddable":true,"href":"https:\/\/ppfnordics.com\/se\/wp-json\/wp\/v2\/pages\/657"}],"wp:attachment":[{"href":"https:\/\/ppfnordics.com\/se\/wp-json\/wp\/v2\/media?parent=667"}],"curies":[{"name":"wp","href":"https:\/\/api.w.org\/{rel}","templated":true}]}}